{"id":1691,"date":"2025-06-28T11:50:10","date_gmt":"2025-06-28T09:50:10","guid":{"rendered":"https:\/\/uj.adatbank.ro\/lexikon\/termek\/ajtay-lajos-ajtai-lajos\/"},"modified":"2025-06-28T11:50:10","modified_gmt":"2025-06-28T09:50:10","slug":"ajtay-lajos-ajtai-lajos","status":"publish","type":"product","link":"https:\/\/uj.adatbank.ro\/lexikon\/termek\/ajtay-lajos-ajtai-lajos\/","title":{"rendered":"AJTAY Lajos; Ajtai Lajos"},"content":{"rendered":"<p>1810. ,\u2020 Mv., 1875. jan. 16.: orvos-seb\u00e9sz. \u2013 Feles\u00e9ge: Dark\u00f3 Kl\u00e1ra (1820\u20131895). \u2013 Jelent\u0151s szerepet t\u00f6lt\u00f6tt be Mv. k\u00f6zigazgat\u00e1s\u00e1ban \u00e9s t\u00e1rsadalmi \u00e9let\u00e9ben (1850\u201360), az osztr\u00e1k korm\u00e1ny feketelist\u00e1j\u00e1ra ker\u00fclt \u00e9s gyakori \u00fcld\u00f6ztet\u00e9snek volt kit\u00e9ve. <br \/><strong>Irod.:<\/strong> Gy\u00e1szjelent\u0151; Kr\u00f3n. F\u00fcz. (1939. 4\/4); P\u00e1lmay J\u00f3zsef<\/br><\/p>\n","protected":false},"excerpt":{"rendered":"<p>1810. ,\u2020 Mv., 1875. jan. 16.: orvos-seb\u00e9sz. \u2013 Feles\u00e9ge: Dark\u00f3 Kl\u00e1ra (1820\u20131895). \u2013 Jelent\u0151s szerepet t\u00f6lt\u00f6tt be Mv. k\u00f6zigazgat\u00e1s\u00e1ban \u00e9s t\u00e1rsadalmi \u00e9let\u00e9ben (1850\u201360), az osztr\u00e1k korm\u00e1ny feketelist\u00e1j\u00e1ra ker\u00fclt \u00e9s gyakori \u00fcld\u00f6ztet\u00e9snek volt kit\u00e9ve. Irod.: Gy\u00e1szjelent\u0151; Kr\u00f3n. F\u00fcz. (1939. 4\/4); P\u00e1lmay J\u00f3zsef<\/p>\n","protected":false},"featured_media":0,"comment_status":"open","ping_status":"closed","template":"","meta":[],"product_brand":[],"product_cat":[137],"product_tag":[],"class_list":{"0":"post-1691","1":"product","2":"type-product","3":"status-publish","5":"product_cat-maros-megyei-eletrajzi-lexikon","7":"first","8":"instock","9":"shipping-taxable","10":"product-type-simple"},"_links":{"self":[{"href":"https:\/\/uj.adatbank.ro\/lexikon\/wp-json\/wp\/v2\/product\/1691","targetHints":{"allow":["GET"]}}],"collection":[{"href":"https:\/\/uj.adatbank.ro\/lexikon\/wp-json\/wp\/v2\/product"}],"about":[{"href":"https:\/\/uj.adatbank.ro\/lexikon\/wp-json\/wp\/v2\/types\/product"}],"replies":[{"embeddable":true,"href":"https:\/\/uj.adatbank.ro\/lexikon\/wp-json\/wp\/v2\/comments?post=1691"}],"wp:attachment":[{"href":"https:\/\/uj.adatbank.ro\/lexikon\/wp-json\/wp\/v2\/media?parent=1691"}],"wp:term":[{"taxonomy":"product_brand","embeddable":true,"href":"https:\/\/uj.adatbank.ro\/lexikon\/wp-json\/wp\/v2\/product_brand?post=1691"},{"taxonomy":"product_cat","embeddable":true,"href":"https:\/\/uj.adatbank.ro\/lexikon\/wp-json\/wp\/v2\/product_cat?post=1691"},{"taxonomy":"product_tag","embeddable":true,"href":"https:\/\/uj.adatbank.ro\/lexikon\/wp-json\/wp\/v2\/product_tag?post=1691"}],"curies":[{"name":"wp","href":"https:\/\/api.w.org\/{rel}","templated":true}]}}