{"id":16912,"date":"2025-07-15T23:34:46","date_gmt":"2025-07-15T21:34:46","guid":{"rendered":"https:\/\/uj.adatbank.ro\/lexikon\/termek\/nyiri-zoltan\/"},"modified":"2025-07-15T23:34:46","modified_gmt":"2025-07-15T21:34:46","slug":"nyiri-zoltan","status":"publish","type":"product","link":"https:\/\/uj.adatbank.ro\/lexikon\/termek\/nyiri-zoltan\/","title":{"rendered":"NY\u00cdRI Z\u00f3lt\u00e1n"},"content":{"rendered":"<p>Sz\u00e1szr\u00e9gen, 1951. \u2020 ?: fest\u0151. \u2013 A kolozsv\u00e1ri K\u00e9pz\u0151m\u0171v\u00e9szeti F\u0151iskol\u00e1n v\u00e9gezte a tanulm\u00e1nyait. Szatm\u00e1ron tev\u00e9kenykedett.<\/br><\/p>\n","protected":false},"excerpt":{"rendered":"<p>Sz\u00e1szr\u00e9gen, 1951. \u2020 ?: fest\u0151. \u2013 A kolozsv\u00e1ri K\u00e9pz\u0151m\u0171v\u00e9szeti F\u0151iskol\u00e1n v\u00e9gezte a tanulm\u00e1nyait. Szatm\u00e1ron tev\u00e9kenykedett.<\/p>\n","protected":false},"featured_media":0,"comment_status":"open","ping_status":"closed","template":"","meta":[],"product_brand":[],"product_cat":[137],"product_tag":[],"class_list":{"0":"post-16912","1":"product","2":"type-product","3":"status-publish","5":"product_cat-maros-megyei-eletrajzi-lexikon","7":"first","8":"instock","9":"shipping-taxable","10":"product-type-simple"},"_links":{"self":[{"href":"https:\/\/uj.adatbank.ro\/lexikon\/wp-json\/wp\/v2\/product\/16912","targetHints":{"allow":["GET"]}}],"collection":[{"href":"https:\/\/uj.adatbank.ro\/lexikon\/wp-json\/wp\/v2\/product"}],"about":[{"href":"https:\/\/uj.adatbank.ro\/lexikon\/wp-json\/wp\/v2\/types\/product"}],"replies":[{"embeddable":true,"href":"https:\/\/uj.adatbank.ro\/lexikon\/wp-json\/wp\/v2\/comments?post=16912"}],"wp:attachment":[{"href":"https:\/\/uj.adatbank.ro\/lexikon\/wp-json\/wp\/v2\/media?parent=16912"}],"wp:term":[{"taxonomy":"product_brand","embeddable":true,"href":"https:\/\/uj.adatbank.ro\/lexikon\/wp-json\/wp\/v2\/product_brand?post=16912"},{"taxonomy":"product_cat","embeddable":true,"href":"https:\/\/uj.adatbank.ro\/lexikon\/wp-json\/wp\/v2\/product_cat?post=16912"},{"taxonomy":"product_tag","embeddable":true,"href":"https:\/\/uj.adatbank.ro\/lexikon\/wp-json\/wp\/v2\/product_tag?post=16912"}],"curies":[{"name":"wp","href":"https:\/\/api.w.org\/{rel}","templated":true}]}}