{"id":16913,"date":"2025-07-15T23:34:48","date_gmt":"2025-07-15T21:34:48","guid":{"rendered":"https:\/\/uj.adatbank.ro\/lexikon\/termek\/nyiro-csaba\/"},"modified":"2025-07-15T23:34:48","modified_gmt":"2025-07-15T21:34:48","slug":"nyiro-csaba","status":"publish","type":"product","link":"https:\/\/uj.adatbank.ro\/lexikon\/termek\/nyiro-csaba\/","title":{"rendered":"NY\u00cdR\u0150 Csaba"},"content":{"rendered":"<p>1920., \u2020 1987. okt. 2.Tasn\u00e1don temett\u00e9k el.: orvos, ortop\u00e9d. \u2013 F.m. <strong>t\u00e1rssz.:<\/strong> R\u00e9szletes Seb\u00e9szet (Szer\u00e9my Lajos, Sz\u00e1va J\u00e1nossal, Mv., 1954). <br \/><strong>Irod.:<\/strong> Csekme; Komj\u00e1tszegi; Maros-k\u00fck\u00fcll\u0151i f\u0151esp; [Nekrol\u00f3g] (V. Z., 1987. okt. 6.)<\/br><\/p>\n","protected":false},"excerpt":{"rendered":"<p>1920., \u2020 1987. okt. 2.Tasn\u00e1don temett\u00e9k el.: orvos, ortop\u00e9d. \u2013 F.m. t\u00e1rssz.: R\u00e9szletes Seb\u00e9szet (Szer\u00e9my Lajos, Sz\u00e1va J\u00e1nossal, Mv., 1954). Irod.: Csekme; Komj\u00e1tszegi; Maros-k\u00fck\u00fcll\u0151i f\u0151esp; [Nekrol\u00f3g] (V. Z., 1987. okt. 6.)<\/p>\n","protected":false},"featured_media":0,"comment_status":"open","ping_status":"closed","template":"","meta":[],"product_brand":[],"product_cat":[137],"product_tag":[],"class_list":{"0":"post-16913","1":"product","2":"type-product","3":"status-publish","5":"product_cat-maros-megyei-eletrajzi-lexikon","7":"first","8":"instock","9":"shipping-taxable","10":"product-type-simple"},"_links":{"self":[{"href":"https:\/\/uj.adatbank.ro\/lexikon\/wp-json\/wp\/v2\/product\/16913","targetHints":{"allow":["GET"]}}],"collection":[{"href":"https:\/\/uj.adatbank.ro\/lexikon\/wp-json\/wp\/v2\/product"}],"about":[{"href":"https:\/\/uj.adatbank.ro\/lexikon\/wp-json\/wp\/v2\/types\/product"}],"replies":[{"embeddable":true,"href":"https:\/\/uj.adatbank.ro\/lexikon\/wp-json\/wp\/v2\/comments?post=16913"}],"wp:attachment":[{"href":"https:\/\/uj.adatbank.ro\/lexikon\/wp-json\/wp\/v2\/media?parent=16913"}],"wp:term":[{"taxonomy":"product_brand","embeddable":true,"href":"https:\/\/uj.adatbank.ro\/lexikon\/wp-json\/wp\/v2\/product_brand?post=16913"},{"taxonomy":"product_cat","embeddable":true,"href":"https:\/\/uj.adatbank.ro\/lexikon\/wp-json\/wp\/v2\/product_cat?post=16913"},{"taxonomy":"product_tag","embeddable":true,"href":"https:\/\/uj.adatbank.ro\/lexikon\/wp-json\/wp\/v2\/product_tag?post=16913"}],"curies":[{"name":"wp","href":"https:\/\/api.w.org\/{rel}","templated":true}]}}