{"id":16923,"date":"2025-07-15T23:35:08","date_gmt":"2025-07-15T21:35:08","guid":{"rendered":"https:\/\/uj.adatbank.ro\/lexikon\/termek\/nyiro-szekely-martonne-gorog-anna\/"},"modified":"2025-07-15T23:35:08","modified_gmt":"2025-07-15T21:35:08","slug":"nyiro-szekely-martonne-gorog-anna","status":"publish","type":"product","link":"https:\/\/uj.adatbank.ro\/lexikon\/termek\/nyiro-szekely-martonne-gorog-anna\/","title":{"rendered":"NYIR\u0150 SZ\u00c9KELY M\u00e1rtonn\u00e9; G\u00f6r\u00f6g Anna"},"content":{"rendered":"<p>? \u2020 ?:a c\u00edmere. <br \/><strong>Irod.:<\/strong> P\u00e1lmay J\u00f3zsef Nyir\u0151 Sz\u00e9kely M\u00e1rtonn\u00e9 \u2013 1946<\/br><\/p>\n","protected":false},"excerpt":{"rendered":"<p>? \u2020 ?:a c\u00edmere. Irod.: P\u00e1lmay J\u00f3zsef Nyir\u0151 Sz\u00e9kely M\u00e1rtonn\u00e9 \u2013 1946<\/p>\n","protected":false},"featured_media":0,"comment_status":"open","ping_status":"closed","template":"","meta":[],"product_brand":[],"product_cat":[137],"product_tag":[],"class_list":{"0":"post-16923","1":"product","2":"type-product","3":"status-publish","5":"product_cat-maros-megyei-eletrajzi-lexikon","7":"first","8":"instock","9":"shipping-taxable","10":"product-type-simple"},"_links":{"self":[{"href":"https:\/\/uj.adatbank.ro\/lexikon\/wp-json\/wp\/v2\/product\/16923","targetHints":{"allow":["GET"]}}],"collection":[{"href":"https:\/\/uj.adatbank.ro\/lexikon\/wp-json\/wp\/v2\/product"}],"about":[{"href":"https:\/\/uj.adatbank.ro\/lexikon\/wp-json\/wp\/v2\/types\/product"}],"replies":[{"embeddable":true,"href":"https:\/\/uj.adatbank.ro\/lexikon\/wp-json\/wp\/v2\/comments?post=16923"}],"wp:attachment":[{"href":"https:\/\/uj.adatbank.ro\/lexikon\/wp-json\/wp\/v2\/media?parent=16923"}],"wp:term":[{"taxonomy":"product_brand","embeddable":true,"href":"https:\/\/uj.adatbank.ro\/lexikon\/wp-json\/wp\/v2\/product_brand?post=16923"},{"taxonomy":"product_cat","embeddable":true,"href":"https:\/\/uj.adatbank.ro\/lexikon\/wp-json\/wp\/v2\/product_cat?post=16923"},{"taxonomy":"product_tag","embeddable":true,"href":"https:\/\/uj.adatbank.ro\/lexikon\/wp-json\/wp\/v2\/product_tag?post=16923"}],"curies":[{"name":"wp","href":"https:\/\/api.w.org\/{rel}","templated":true}]}}