{"id":16926,"date":"2025-07-15T23:35:14","date_gmt":"2025-07-15T21:35:14","guid":{"rendered":"https:\/\/uj.adatbank.ro\/lexikon\/termek\/nyisztor-gyula\/"},"modified":"2025-07-15T23:35:14","modified_gmt":"2025-07-15T21:35:14","slug":"nyisztor-gyula","status":"publish","type":"product","link":"https:\/\/uj.adatbank.ro\/lexikon\/termek\/nyisztor-gyula\/","title":{"rendered":"NYISZTOR Gyula"},"content":{"rendered":"<p>Vajdaszentiv\u00e1n, 1921. \u00e1pr. 3.\u2020 Petrova, 1944. szept. 8.: honv\u00e9d. \u2013 Anyja C\u00e1p Lujza. \u2013 A 27 \/ II. z\u00e1szl\u00f3alj honv\u00e9dje. Kiv\u00e9gezt\u00e9k. <br \/><strong>Irod.:<\/strong> Berekm\u00e9ri 2015<\/br><\/p>\n","protected":false},"excerpt":{"rendered":"<p>Vajdaszentiv\u00e1n, 1921. \u00e1pr. 3.\u2020 Petrova, 1944. szept. 8.: honv\u00e9d. \u2013 Anyja C\u00e1p Lujza. \u2013 A 27 \/ II. z\u00e1szl\u00f3alj honv\u00e9dje. Kiv\u00e9gezt\u00e9k. Irod.: Berekm\u00e9ri 2015<\/p>\n","protected":false},"featured_media":0,"comment_status":"open","ping_status":"closed","template":"","meta":[],"product_brand":[],"product_cat":[137],"product_tag":[],"class_list":{"0":"post-16926","1":"product","2":"type-product","3":"status-publish","5":"product_cat-maros-megyei-eletrajzi-lexikon","7":"first","8":"instock","9":"shipping-taxable","10":"product-type-simple"},"_links":{"self":[{"href":"https:\/\/uj.adatbank.ro\/lexikon\/wp-json\/wp\/v2\/product\/16926","targetHints":{"allow":["GET"]}}],"collection":[{"href":"https:\/\/uj.adatbank.ro\/lexikon\/wp-json\/wp\/v2\/product"}],"about":[{"href":"https:\/\/uj.adatbank.ro\/lexikon\/wp-json\/wp\/v2\/types\/product"}],"replies":[{"embeddable":true,"href":"https:\/\/uj.adatbank.ro\/lexikon\/wp-json\/wp\/v2\/comments?post=16926"}],"wp:attachment":[{"href":"https:\/\/uj.adatbank.ro\/lexikon\/wp-json\/wp\/v2\/media?parent=16926"}],"wp:term":[{"taxonomy":"product_brand","embeddable":true,"href":"https:\/\/uj.adatbank.ro\/lexikon\/wp-json\/wp\/v2\/product_brand?post=16926"},{"taxonomy":"product_cat","embeddable":true,"href":"https:\/\/uj.adatbank.ro\/lexikon\/wp-json\/wp\/v2\/product_cat?post=16926"},{"taxonomy":"product_tag","embeddable":true,"href":"https:\/\/uj.adatbank.ro\/lexikon\/wp-json\/wp\/v2\/product_tag?post=16926"}],"curies":[{"name":"wp","href":"https:\/\/api.w.org\/{rel}","templated":true}]}}