{"id":16927,"date":"2025-07-15T23:35:18","date_gmt":"2025-07-15T21:35:18","guid":{"rendered":"https:\/\/uj.adatbank.ro\/lexikon\/termek\/nyitrai-janos\/"},"modified":"2025-07-15T23:35:18","modified_gmt":"2025-07-15T21:35:18","slug":"nyitrai-janos","status":"publish","type":"product","link":"https:\/\/uj.adatbank.ro\/lexikon\/termek\/nyitrai-janos\/","title":{"rendered":"NYITRAI J\u00e1nos"},"content":{"rendered":"<p>? \u2020 ?: ref. lelk\u00e9sz. \u2013 S\u00e1rospatak-Gyulafeh\u00e9rv\u00e1ron subscrib\u00e1lt (1713). Lelk\u00e9szk\u00e9nt szolg\u00e1lt Harangl\u00e1bon (1720\u201328), Magyarherep\u00e9n (1728\u201330), Ebesfalv\u00e1n (1732), Kerel\u0151szentp\u00e1lon (1734\u201340), \u00e9s D\u00e1ny\u00e1nban (1746\u201362). <br \/><strong>Irod.:<\/strong> K\u00fck\u00fcll\u0151i Ref. Egyh\u00e1zm.1., 2., 3.<\/br><\/p>\n","protected":false},"excerpt":{"rendered":"<p>? \u2020 ?: ref. lelk\u00e9sz. \u2013 S\u00e1rospatak-Gyulafeh\u00e9rv\u00e1ron subscrib\u00e1lt (1713). Lelk\u00e9szk\u00e9nt szolg\u00e1lt Harangl\u00e1bon (1720\u201328), Magyarherep\u00e9n (1728\u201330), Ebesfalv\u00e1n (1732), Kerel\u0151szentp\u00e1lon (1734\u201340), \u00e9s D\u00e1ny\u00e1nban (1746\u201362). Irod.: K\u00fck\u00fcll\u0151i Ref. Egyh\u00e1zm.1., 2., 3.<\/p>\n","protected":false},"featured_media":0,"comment_status":"open","ping_status":"closed","template":"","meta":[],"product_brand":[],"product_cat":[137],"product_tag":[],"class_list":{"0":"post-16927","1":"product","2":"type-product","3":"status-publish","5":"product_cat-maros-megyei-eletrajzi-lexikon","7":"first","8":"instock","9":"shipping-taxable","10":"product-type-simple"},"_links":{"self":[{"href":"https:\/\/uj.adatbank.ro\/lexikon\/wp-json\/wp\/v2\/product\/16927","targetHints":{"allow":["GET"]}}],"collection":[{"href":"https:\/\/uj.adatbank.ro\/lexikon\/wp-json\/wp\/v2\/product"}],"about":[{"href":"https:\/\/uj.adatbank.ro\/lexikon\/wp-json\/wp\/v2\/types\/product"}],"replies":[{"embeddable":true,"href":"https:\/\/uj.adatbank.ro\/lexikon\/wp-json\/wp\/v2\/comments?post=16927"}],"wp:attachment":[{"href":"https:\/\/uj.adatbank.ro\/lexikon\/wp-json\/wp\/v2\/media?parent=16927"}],"wp:term":[{"taxonomy":"product_brand","embeddable":true,"href":"https:\/\/uj.adatbank.ro\/lexikon\/wp-json\/wp\/v2\/product_brand?post=16927"},{"taxonomy":"product_cat","embeddable":true,"href":"https:\/\/uj.adatbank.ro\/lexikon\/wp-json\/wp\/v2\/product_cat?post=16927"},{"taxonomy":"product_tag","embeddable":true,"href":"https:\/\/uj.adatbank.ro\/lexikon\/wp-json\/wp\/v2\/product_tag?post=16927"}],"curies":[{"name":"wp","href":"https:\/\/api.w.org\/{rel}","templated":true}]}}