{"id":16930,"date":"2025-07-15T23:35:24","date_gmt":"2025-07-15T21:35:24","guid":{"rendered":"https:\/\/uj.adatbank.ro\/lexikon\/termek\/nyujtodi-borbala\/"},"modified":"2025-07-15T23:35:24","modified_gmt":"2025-07-15T21:35:24","slug":"nyujtodi-borbala","status":"publish","type":"product","link":"https:\/\/uj.adatbank.ro\/lexikon\/termek\/nyujtodi-borbala\/","title":{"rendered":"NYUJT\u00d3DI Borb\u00e1la"},"content":{"rendered":"<p>? \u2020 Mv., ?: begina ap\u00e1ca. \u2013 J\u00f3m\u00f3d\u00fa nemesi csal\u00e1db\u00f3l sz\u00e1rmazott. A szerzetes rend felsz\u00e1mol\u00e1sa ut\u00e1n is a Klastrom utcai kolostorban (a mai Surlott gr\u00e1dics hely\u00e9n) \u00e9lt J\u00e1ray Margittal egy\u00fctt (1576), sokat n\u00e9lk\u00fcl\u00f6ztek, m\u00e1r nem tudt\u00e1k magukat ell\u00e1tni, eladt\u00e1k a k\u0151b\u0151l \u00e9p\u00fclt cell\u00e1kra osztott h\u00e1zukat G\u00f6tsi M\u00e1t\u00e9 ref. papnak, 75 forint\u00e9rt, \u00fagy hogy \u00e9let\u00fck v\u00e9g\u00e9ig benne maradhattak (1576). A h\u00e1z anyag\u00e1t azut\u00e1n a v\u00e1r fels\u0151 b\u00e1sty\u00e1j\u00e1ba \u00e9s fal\u00e1ba be\u00e9p\u00edtett\u00e9k, \u0151ket pedig a v\u00e1rtemplom k\u00f6r\u00fcli temet\u0151be temett\u00e9k <br \/><strong>Irod.:<\/strong> Gy\u00f6rgy: A ferencrendiek; Id\u0151t\u00e1r 1; Kr\u00f3n F\u00fcz (1937.2\/6); Lesty\u00e1n F: Mv. katolikus m\u00faltja = Mv. t\u00f6rt\u00e9net\u00e9b\u0151l; P\u00e1l-Antal; P\u00e1l-Antal 2009; SzOkl, 4<\/br><\/p>\n","protected":false},"excerpt":{"rendered":"<p>? \u2020 Mv., ?: begina ap\u00e1ca. \u2013 J\u00f3m\u00f3d\u00fa nemesi csal\u00e1db\u00f3l sz\u00e1rmazott. A szerzetes rend felsz\u00e1mol\u00e1sa ut\u00e1n is a Klastrom utcai kolostorban (a mai Surlott gr\u00e1dics hely\u00e9n) \u00e9lt J\u00e1ray Margittal egy\u00fctt (1576), sokat n\u00e9lk\u00fcl\u00f6ztek, m\u00e1r nem tudt\u00e1k magukat ell\u00e1tni, eladt\u00e1k a k\u0151b\u0151l \u00e9p\u00fclt cell\u00e1kra osztott h\u00e1zukat G\u00f6tsi M\u00e1t\u00e9 ref. papnak, 75 forint\u00e9rt, \u00fagy hogy \u00e9let\u00fck v\u00e9g\u00e9ig [&hellip;]<\/p>\n","protected":false},"featured_media":0,"comment_status":"open","ping_status":"closed","template":"","meta":[],"product_brand":[],"product_cat":[137],"product_tag":[],"class_list":{"0":"post-16930","1":"product","2":"type-product","3":"status-publish","5":"product_cat-maros-megyei-eletrajzi-lexikon","7":"first","8":"instock","9":"shipping-taxable","10":"product-type-simple"},"_links":{"self":[{"href":"https:\/\/uj.adatbank.ro\/lexikon\/wp-json\/wp\/v2\/product\/16930","targetHints":{"allow":["GET"]}}],"collection":[{"href":"https:\/\/uj.adatbank.ro\/lexikon\/wp-json\/wp\/v2\/product"}],"about":[{"href":"https:\/\/uj.adatbank.ro\/lexikon\/wp-json\/wp\/v2\/types\/product"}],"replies":[{"embeddable":true,"href":"https:\/\/uj.adatbank.ro\/lexikon\/wp-json\/wp\/v2\/comments?post=16930"}],"wp:attachment":[{"href":"https:\/\/uj.adatbank.ro\/lexikon\/wp-json\/wp\/v2\/media?parent=16930"}],"wp:term":[{"taxonomy":"product_brand","embeddable":true,"href":"https:\/\/uj.adatbank.ro\/lexikon\/wp-json\/wp\/v2\/product_brand?post=16930"},{"taxonomy":"product_cat","embeddable":true,"href":"https:\/\/uj.adatbank.ro\/lexikon\/wp-json\/wp\/v2\/product_cat?post=16930"},{"taxonomy":"product_tag","embeddable":true,"href":"https:\/\/uj.adatbank.ro\/lexikon\/wp-json\/wp\/v2\/product_tag?post=16930"}],"curies":[{"name":"wp","href":"https:\/\/api.w.org\/{rel}","templated":true}]}}