{"id":16934,"date":"2025-07-15T23:35:31","date_gmt":"2025-07-15T21:35:31","guid":{"rendered":"https:\/\/uj.adatbank.ro\/lexikon\/termek\/nyulas-ferenc\/"},"modified":"2025-07-15T23:35:31","modified_gmt":"2025-07-15T21:35:31","slug":"nyulas-ferenc","status":"publish","type":"product","link":"https:\/\/uj.adatbank.ro\/lexikon\/termek\/nyulas-ferenc\/","title":{"rendered":"NYULAS Ferenc"},"content":{"rendered":"<p>K\u00f6szv\u00e9nyesremete, ma Ny\u00e1r\u00e1dremete, 1758. j\u00fal. 25., \u2020 Kv., 1808. dec. 27.: orvos, vegy\u00e9sz, nyelv\u00faj\u00edt\u00f3. \u2013 Mikh\u00e1z\u00e1n, majd Kv.-on v\u00e9gezte k\u00f6z\u00e9piskolai tanulm\u00e1nyait, a piarista koll.-ban szerzett term\u00e9szettudom\u00e1nyos oklevelet. A b\u00e9csi \u00e9s a pesti egy.-en tanult, Pesten orvosi oklevelet szerzett (1787), felavatt\u00e1k (1788. jan. 22.). Szamos\u00fajv\u00e1ron volt orvos, innen j\u00e1rt ki a radnai f\u00fcrd\u0151kh\u00f6z, elemezte vizeit, tanulm\u00e1nyozta hat\u00e1sukat.A pestisj\u00e1rv\u00e1ny idej\u00e9n (1795), mint kik\u00fcld\u00f6tt orvos 53 k\u00f6zs\u00e9gben gy\u00f3gy\u00edtott. Erd\u00e9lyben \u0151 ismertette meg a himl\u0151olt\u00e1st \u00e9s k\u00f6nyvet \u00edrt r\u00f3la. A Jenner-f\u00e9le himl\u0151olt\u00e1s egyik korai n\u00e9pszer\u0171s\u00edt\u0151je. Kolozsmonostoron vegyi gy\u00e1rat alap\u00edtott, ott k\u00e9sz\u00edtette a mez\u0151gazdas\u00e1g sz\u00e1m\u00e1ra fontos szalami\u00e1ks\u00f3t \u00e9s csontolajat, ez ut\u00f3bbit mint rothad\u00e1sg\u00e1tl\u00f3 szert az \u00e1llatgy\u00f3gy\u00e1szatban haszn\u00e1ltak. Dob\u00f3ka megye f\u0151orvosa lett, ezt k\u00f6vet\u0151en mag\u00e1npraxist kezdett. Kv.-ra k\u00f6lt\u00f6z\u00f6tt, ott gyakorl\u00f3 orvos (1800\u2013), Kolozs megye (1804\u2013) majd Erd\u00e9ly f\u0151orvosa hal\u00e1l\u00e1ig (1806. okt.\u20131808). A k\u00e9miai analitikai ir\u00e1nyzat mo.-i megteremt\u0151je, el\u0151sz\u00f6r alaklmazta a titrimetri\u00e1s elemz\u00e9st. A mang\u00e1n egyik felfedez\u0151je a dombh\u00e1ti (Radnai) vizb\u0151l, amit le is \u00edrt m\u00e9g Klaproth el\u0151tt. \u0150 volt az els\u0151 magyar nyelv\u0171 vegy\u00e9szeti munka \u00edr\u00f3ja. Felismerte, hogy a golyv\u00e1s megbeteged\u00e9s az iv\u00f3v\u00edzzel f\u00fcgg \u00f6ssze. F\u0151orvosi min\u0151s\u00e9g\u00e9ben utas\u00edt\u00e1st dolgozott ki a gy\u00f3gyszer\u00e9szek sz\u00e1m\u00e1ra, szorgalmazta az erd\u00e9lyi \u00e1sv\u00e1nyv\u00edzek elemz\u00e9s\u00e9t. A sz\u00e9nsavnak mint h\u00faskonzerv\u00e1l\u00f3 szernek gyakorlati alkalmaz\u00e1s\u00e1t el\u0151bb tan\u00edtotta mint Eur\u00f3pa t\u00f6bbi vegy\u00e9szei H\u00e1romk\u00f6tetes m\u0171ve \u00fatt\u00f6r\u0151 jelleg\u0171 \u00faj magyar m\u0171szavak teremt\u00e9se, a nyelv\u00faj\u00edt\u00e1s szempontj\u00e1b\u00f3l is. Sokat tett a m. tudom\u00e1nyos nyelv meg\u00faj\u00edt\u00e1s\u00e1\u00e9rt. Tagja volt a Nyelm\u00edvel\u0151 T\u00e1rsas\u00e1gnak A remetei r. kat. templom \u00e9p\u00edt\u00e9s\u00e9nek f\u0151 el\u0151mozd\u00edt\u00f3ja volt. Sz\u00fcl\u0151faluj\u00e1ban iskol\u00e1t \u00e9p\u00edtetett (1790), ma a nev\u00e9t viseli (1999. j\u00fan. 11.). Cikke a M. H\u00edrmond\u00f3ban. \u2013 <strong>F. m.:<\/strong> Az Erd\u00e9lyorsz\u00e1gi orvos vizeknek bont\u00e1s\u00e1r\u00f3l k\u00f6z\u00f6ns\u00e9gesen. 1\u20133. k\u00f6t. (Kv., 1800). \u2013 1. k\u00f6t.: Aj\u00e1nl\u00f3 lev\u00e9l; El\u0151lj\u00e1r\u00f3 besz\u00e9d; A vizeknek bont\u00e1s\u00e1r\u00f3l k\u00f6z\u00f6ns\u00e9gesen.; 2. k\u00f6t: A Radna vid\u00e9ki vasas borvizeknek bont\u00e1s\u00e1r\u00f3l; 3. k\u00f6t.: A Radna vid\u00e9ki vasas borvizeknek orvosi erej\u00e9r\u0151l, hasznair\u00f3l \u00e9s v\u00e9lek \u00e9l\u00e9snek m\u00f3dj\u00e1r\u00f3l.; Kolozsv\u00e1ri teh\u00e9n himl\u0151 (Kv., 1802); A Radna vid\u00e9ki vasas borvizeknek bont\u00e1s\u00e1r\u00f3l. 2. k\u00f6t. (Kv., 1811); Spielmann J\u00f3zsef, So\u00f3s P\u00e1l: Nyulas Ferenc: Szemelv\u00e9nyek (Buk., 1955). <br \/><strong>Irod.:<\/strong> Chiorean 2008; Demk\u00f3 K\u00e1lm\u00e1n: A magyar orvosi rend t\u00f6rt\u00e9nete tekintettel a gy\u00f3gy\u00e1szati int\u00e9zm\u00e9nyek fejl\u0151d\u00e9s\u00e9re Mo.-on a XVIII. sz. v\u00e9g\u00e9ig (Bp., 1894); Ferenczy-Danielik; Istoria med. (Buc., 1963); F\u00fcl\u00f6p\u2013Ferencz; Gy\u0151ry; H\u00f6gyes; Kakucs Lajos: 250 \u00e9ve sz\u00fcletett a m. k\u00e9miai nyelv megteremt\u0151je (N\u00fa., Sz\u00ednes Vil\u00e1g, 2008. j\u00fan. 14.); K\u00f6ves Ferenc: Ny\u00e1rf\u00e1dremete monogr\u00e1fi\u00e1ja (Cs\u00edkszereda, 2003); Magyary-Kossa 1., 4 k.; MAM\u0170L; Moln\u00e1r J\u00e1nos: Magyar k\u00f6nyvh\u00e1z 14 (Pest, 1783); Nagy Botond: Remetei falunapok, avagy dr. Ny. F. eml\u00e9kezete (N\u00fa., 2008. okt. 7.); Ny\u00e1r\u00e1dmente; Orient Gyula: Istoricul farmaciei din Ardeal (Cluj, 1926); P\u00e1pay S\u00e1muel: A magyar literatura esm\u00e9rete (Veszpr\u00e9m, 19808); Peth\u0151 Gyula: A magyar term\u00e9szettudom\u00e1nyi irodalom fejl\u0151d\u00e9se \u00e9s f\u00f6llend\u00fcl\u00e9se (Bp., 1900); R\u00e1cz 2009; Sepsisz\u00e9ki; Spielmann: A hazai orvostud; Spielmann J\u00f3zsef: Egy halad\u00f3 erd\u00e9lyi term\u00e9szettud\u00f3s Ny. F. (V. Z., 1958. aug. 3.); Spielmann J\u00f3zsef-So\u00f3s P\u00e1l: Nyulas Ferenc (Buk., 1955); Spielmann J\u00f3zsef : Az orvostudom\u00e1ny t\u00f6rt\u00e9nete (Mv., 1979); Szab\u00f3-Sz\u00f6gi; Szily K\u00e1lm\u00e1n : Adal\u00e9kok a magyar nyelv \u00e9s irodalom t\u00f6rt\u00e9net\u00e9hez (Bp., 1898); Sz\u00e9kely tud\u00f3sok; Szinnyei; Szinnyei J-Sz. J.; Toldy; Tolnai Vilmos: A nyelv\u00faj\u00edt\u00e1s (Bp., 1929); \u00daM\u00c9L; Veress<\/br><\/p>\n","protected":false},"excerpt":{"rendered":"<p>K\u00f6szv\u00e9nyesremete, ma Ny\u00e1r\u00e1dremete, 1758. j\u00fal. 25., \u2020 Kv., 1808. dec. 27.: orvos, vegy\u00e9sz, nyelv\u00faj\u00edt\u00f3. \u2013 Mikh\u00e1z\u00e1n, majd Kv.-on v\u00e9gezte k\u00f6z\u00e9piskolai tanulm\u00e1nyait, a piarista koll.-ban szerzett term\u00e9szettudom\u00e1nyos oklevelet. A b\u00e9csi \u00e9s a pesti egy.-en tanult, Pesten orvosi oklevelet szerzett (1787), felavatt\u00e1k (1788. jan. 22.). Szamos\u00fajv\u00e1ron volt orvos, innen j\u00e1rt ki a radnai f\u00fcrd\u0151kh\u00f6z, elemezte vizeit, tanulm\u00e1nyozta [&hellip;]<\/p>\n","protected":false},"featured_media":0,"comment_status":"open","ping_status":"closed","template":"","meta":[],"product_brand":[],"product_cat":[137],"product_tag":[],"class_list":{"0":"post-16934","1":"product","2":"type-product","3":"status-publish","5":"product_cat-maros-megyei-eletrajzi-lexikon","7":"first","8":"instock","9":"shipping-taxable","10":"product-type-simple"},"_links":{"self":[{"href":"https:\/\/uj.adatbank.ro\/lexikon\/wp-json\/wp\/v2\/product\/16934","targetHints":{"allow":["GET"]}}],"collection":[{"href":"https:\/\/uj.adatbank.ro\/lexikon\/wp-json\/wp\/v2\/product"}],"about":[{"href":"https:\/\/uj.adatbank.ro\/lexikon\/wp-json\/wp\/v2\/types\/product"}],"replies":[{"embeddable":true,"href":"https:\/\/uj.adatbank.ro\/lexikon\/wp-json\/wp\/v2\/comments?post=16934"}],"wp:attachment":[{"href":"https:\/\/uj.adatbank.ro\/lexikon\/wp-json\/wp\/v2\/media?parent=16934"}],"wp:term":[{"taxonomy":"product_brand","embeddable":true,"href":"https:\/\/uj.adatbank.ro\/lexikon\/wp-json\/wp\/v2\/product_brand?post=16934"},{"taxonomy":"product_cat","embeddable":true,"href":"https:\/\/uj.adatbank.ro\/lexikon\/wp-json\/wp\/v2\/product_cat?post=16934"},{"taxonomy":"product_tag","embeddable":true,"href":"https:\/\/uj.adatbank.ro\/lexikon\/wp-json\/wp\/v2\/product_tag?post=16934"}],"curies":[{"name":"wp","href":"https:\/\/api.w.org\/{rel}","templated":true}]}}