{"id":16937,"date":"2025-07-15T23:35:37","date_gmt":"2025-07-15T21:35:37","guid":{"rendered":"https:\/\/uj.adatbank.ro\/lexikon\/termek\/oancea-gheorghe\/"},"modified":"2025-07-15T23:35:37","modified_gmt":"2025-07-15T21:35:37","slug":"oancea-gheorghe","status":"publish","type":"product","link":"https:\/\/uj.adatbank.ro\/lexikon\/termek\/oancea-gheorghe\/","title":{"rendered":"OANCEA, Gheorghe"},"content":{"rendered":"<p>? \u2020\u00a0?: ort. pap. \u2013 Szentp\u00e1lban (1906\u201348). Szolg\u00e1lata idej\u00e9ben Havadi J\u00e1nos tervei alapj\u00e1n \u00faj templomot \u00e9p\u00edtettek t\u00e9gl\u00e1b\u00f3l, a radn\u00f3ti Iacob Dom\u015fa esperes szentelte fel (1927). <br \/><strong>Irod.:<\/strong> \u015eincan 2006<\/br><\/p>\n","protected":false},"excerpt":{"rendered":"<p>? \u2020\u00a0?: ort. pap. \u2013 Szentp\u00e1lban (1906\u201348). Szolg\u00e1lata idej\u00e9ben Havadi J\u00e1nos tervei alapj\u00e1n \u00faj templomot \u00e9p\u00edtettek t\u00e9gl\u00e1b\u00f3l, a radn\u00f3ti Iacob Dom\u015fa esperes szentelte fel (1927). Irod.: \u015eincan 2006<\/p>\n","protected":false},"featured_media":0,"comment_status":"open","ping_status":"closed","template":"","meta":[],"product_brand":[],"product_cat":[137],"product_tag":[],"class_list":{"0":"post-16937","1":"product","2":"type-product","3":"status-publish","5":"product_cat-maros-megyei-eletrajzi-lexikon","7":"first","8":"instock","9":"shipping-taxable","10":"product-type-simple"},"_links":{"self":[{"href":"https:\/\/uj.adatbank.ro\/lexikon\/wp-json\/wp\/v2\/product\/16937","targetHints":{"allow":["GET"]}}],"collection":[{"href":"https:\/\/uj.adatbank.ro\/lexikon\/wp-json\/wp\/v2\/product"}],"about":[{"href":"https:\/\/uj.adatbank.ro\/lexikon\/wp-json\/wp\/v2\/types\/product"}],"replies":[{"embeddable":true,"href":"https:\/\/uj.adatbank.ro\/lexikon\/wp-json\/wp\/v2\/comments?post=16937"}],"wp:attachment":[{"href":"https:\/\/uj.adatbank.ro\/lexikon\/wp-json\/wp\/v2\/media?parent=16937"}],"wp:term":[{"taxonomy":"product_brand","embeddable":true,"href":"https:\/\/uj.adatbank.ro\/lexikon\/wp-json\/wp\/v2\/product_brand?post=16937"},{"taxonomy":"product_cat","embeddable":true,"href":"https:\/\/uj.adatbank.ro\/lexikon\/wp-json\/wp\/v2\/product_cat?post=16937"},{"taxonomy":"product_tag","embeddable":true,"href":"https:\/\/uj.adatbank.ro\/lexikon\/wp-json\/wp\/v2\/product_tag?post=16937"}],"curies":[{"name":"wp","href":"https:\/\/api.w.org\/{rel}","templated":true}]}}