{"id":1694,"date":"2025-06-28T11:50:15","date_gmt":"2025-06-28T09:50:15","guid":{"rendered":"https:\/\/uj.adatbank.ro\/lexikon\/termek\/ajtay-sandor\/"},"modified":"2025-06-28T11:50:15","modified_gmt":"2025-06-28T09:50:15","slug":"ajtay-sandor","status":"publish","type":"product","link":"https:\/\/uj.adatbank.ro\/lexikon\/termek\/ajtay-sandor\/","title":{"rendered":"AJTAY S\u00e1ndor"},"content":{"rendered":"<p>Mv.,1929.,\u2020\u00a0Mv., 2009.- orvos. \u2013 K\u00f6z\u00e9piskolai tanulm\u00e1nyait \u00e9s orvosi egyetemet Mv.-en v\u00e9gezte (1954). A sz\u00e9kelykerest\u00fari k\u00f3rh\u00e1zban gyermekgy\u00f3gy\u00e1sz (1954\u20131971). A mv.-i 1. sz. gyermekklinik\u00e1n f\u0151orvos (1973\u20131992). T\u00f6bb szakcikk, tanulm\u00e1ny t\u00e1rsszerz\u0151je. \u2013 <strong>F. m.:<\/strong> Gyermekgy\u00f3gy\u00e1szati differenci\u00e1ldiagnosztika (Mv., ?). <br \/><strong>Irod.:<\/strong> Kiss\u2013P\u00e9terffy\u2013P\u00e9terffy<\/br><\/p>\n","protected":false},"excerpt":{"rendered":"<p>Mv.,1929.,\u2020\u00a0Mv., 2009.- orvos. \u2013 K\u00f6z\u00e9piskolai tanulm\u00e1nyait \u00e9s orvosi egyetemet Mv.-en v\u00e9gezte (1954). A sz\u00e9kelykerest\u00fari k\u00f3rh\u00e1zban gyermekgy\u00f3gy\u00e1sz (1954\u20131971). A mv.-i 1. sz. gyermekklinik\u00e1n f\u0151orvos (1973\u20131992). T\u00f6bb szakcikk, tanulm\u00e1ny t\u00e1rsszerz\u0151je. \u2013 F. m.: Gyermekgy\u00f3gy\u00e1szati differenci\u00e1ldiagnosztika (Mv., ?). Irod.: Kiss\u2013P\u00e9terffy\u2013P\u00e9terffy<\/p>\n","protected":false},"featured_media":0,"comment_status":"open","ping_status":"closed","template":"","meta":[],"product_brand":[],"product_cat":[137],"product_tag":[],"class_list":{"0":"post-1694","1":"product","2":"type-product","3":"status-publish","5":"product_cat-maros-megyei-eletrajzi-lexikon","7":"first","8":"instock","9":"shipping-taxable","10":"product-type-simple"},"_links":{"self":[{"href":"https:\/\/uj.adatbank.ro\/lexikon\/wp-json\/wp\/v2\/product\/1694","targetHints":{"allow":["GET"]}}],"collection":[{"href":"https:\/\/uj.adatbank.ro\/lexikon\/wp-json\/wp\/v2\/product"}],"about":[{"href":"https:\/\/uj.adatbank.ro\/lexikon\/wp-json\/wp\/v2\/types\/product"}],"replies":[{"embeddable":true,"href":"https:\/\/uj.adatbank.ro\/lexikon\/wp-json\/wp\/v2\/comments?post=1694"}],"wp:attachment":[{"href":"https:\/\/uj.adatbank.ro\/lexikon\/wp-json\/wp\/v2\/media?parent=1694"}],"wp:term":[{"taxonomy":"product_brand","embeddable":true,"href":"https:\/\/uj.adatbank.ro\/lexikon\/wp-json\/wp\/v2\/product_brand?post=1694"},{"taxonomy":"product_cat","embeddable":true,"href":"https:\/\/uj.adatbank.ro\/lexikon\/wp-json\/wp\/v2\/product_cat?post=1694"},{"taxonomy":"product_tag","embeddable":true,"href":"https:\/\/uj.adatbank.ro\/lexikon\/wp-json\/wp\/v2\/product_tag?post=1694"}],"curies":[{"name":"wp","href":"https:\/\/api.w.org\/{rel}","templated":true}]}}