{"id":16940,"date":"2025-07-15T23:35:45","date_gmt":"2025-07-15T21:35:45","guid":{"rendered":"https:\/\/uj.adatbank.ro\/lexikon\/termek\/oberschall-adolfne-andahazy-mari\/"},"modified":"2025-07-15T23:35:45","modified_gmt":"2025-07-15T21:35:45","slug":"oberschall-adolfne-andahazy-mari","status":"publish","type":"product","link":"https:\/\/uj.adatbank.ro\/lexikon\/termek\/oberschall-adolfne-andahazy-mari\/","title":{"rendered":"OBERSCHALL Adolfn\u00e9, Andah\u00e1zy Mari"},"content":{"rendered":"<p>? \u2020\u00a0?: Az EMKE mv.-i v\u00e1rosi n\u0151i v\u00e1lasztm\u00e1ny\u00e1nak alap\u00edt\u00f3tagja, aleln\u00f6ke (1886). <br \/><strong>Irod.:<\/strong> S\u00e1ndor<\/br><\/p>\n","protected":false},"excerpt":{"rendered":"<p>? \u2020\u00a0?: Az EMKE mv.-i v\u00e1rosi n\u0151i v\u00e1lasztm\u00e1ny\u00e1nak alap\u00edt\u00f3tagja, aleln\u00f6ke (1886). Irod.: S\u00e1ndor<\/p>\n","protected":false},"featured_media":0,"comment_status":"open","ping_status":"closed","template":"","meta":[],"product_brand":[],"product_cat":[137],"product_tag":[],"class_list":{"0":"post-16940","1":"product","2":"type-product","3":"status-publish","5":"product_cat-maros-megyei-eletrajzi-lexikon","7":"first","8":"instock","9":"shipping-taxable","10":"product-type-simple"},"_links":{"self":[{"href":"https:\/\/uj.adatbank.ro\/lexikon\/wp-json\/wp\/v2\/product\/16940","targetHints":{"allow":["GET"]}}],"collection":[{"href":"https:\/\/uj.adatbank.ro\/lexikon\/wp-json\/wp\/v2\/product"}],"about":[{"href":"https:\/\/uj.adatbank.ro\/lexikon\/wp-json\/wp\/v2\/types\/product"}],"replies":[{"embeddable":true,"href":"https:\/\/uj.adatbank.ro\/lexikon\/wp-json\/wp\/v2\/comments?post=16940"}],"wp:attachment":[{"href":"https:\/\/uj.adatbank.ro\/lexikon\/wp-json\/wp\/v2\/media?parent=16940"}],"wp:term":[{"taxonomy":"product_brand","embeddable":true,"href":"https:\/\/uj.adatbank.ro\/lexikon\/wp-json\/wp\/v2\/product_brand?post=16940"},{"taxonomy":"product_cat","embeddable":true,"href":"https:\/\/uj.adatbank.ro\/lexikon\/wp-json\/wp\/v2\/product_cat?post=16940"},{"taxonomy":"product_tag","embeddable":true,"href":"https:\/\/uj.adatbank.ro\/lexikon\/wp-json\/wp\/v2\/product_tag?post=16940"}],"curies":[{"name":"wp","href":"https:\/\/api.w.org\/{rel}","templated":true}]}}