{"id":16943,"date":"2025-07-15T23:35:50","date_gmt":"2025-07-15T21:35:50","guid":{"rendered":"https:\/\/uj.adatbank.ro\/lexikon\/termek\/obreja-silvia-%c2%a7-csomorne\/"},"modified":"2025-07-15T23:35:50","modified_gmt":"2025-07-15T21:35:50","slug":"obreja-silvia-%c2%a7-csomorne","status":"publish","type":"product","link":"https:\/\/uj.adatbank.ro\/lexikon\/termek\/obreja-silvia-%c2%a7-csomorne\/","title":{"rendered":"OBREJA, Silvia, \u00a7 Csomorn\u00e9"},"content":{"rendered":"<p>Maroslekence, 1947. okt. 31., \u2020\u00a0Mv., 2003. okt. 15. : k\u00f6lt\u0151, publicista.- A mv.-i 4. sz. l\u00edceumban \u00e9retts\u00e9gizett (1965). A mv.-i sz\u00e1m\u00edt\u00f3k\u00f6zpontban dolgozott mint programoz\u00f3 \u00e9s k\u00f6nyvt\u00e1ros (1973\u201390), majd \u00fajs\u00e1g\u00edr\u00f3, a kultur\u00e1lis rovat szerkeszt\u0151je a 24 Ore mure\u015fene napilapn\u00e1l; az Ambasador szerkesz\u0151ps\u00e9gi titk\u00e1ra (1995\u2013); a Jurnalul de Mure\u015f hetilap f\u0151szerkeszt\u0151je (1999\u2013). A Steaua Ro\u015fie-ban jelentek meg els\u0151 \u00edr\u00e1sai (1973) Publicisztik\u00e1t, sz\u00ednh\u00e1zi kr\u00f3nik\u00e1t, interj\u00fakat, verseit k\u00f6z\u00f6lte a Vatra, Ambasador, L\u00e1t\u00f3, T\u00e2rnava, Luceaf\u0103rul, Rampa, Ecranul, Rom\u0171nia liber\u0103, T\u00fck\u00f6r. A Rom\u00e1n \u00cdr\u00f3k Sz\u00f6vets\u00e9g\u00e9nek tagja (2001). Debut\u00e1ns -d\u00edjjal jutalmazta a Rom\u00e1n \u00cdr\u00f3k Sz\u00f6vets\u00e9g\u00e9nek mv.-i fi\u00f3kja (1994). \u2013 F. m.\u00a0: Frumoasa nelini\u015fte\u00a0(Tg.M., 1994); Certificat de boal\u0103\u00a0(Tg.M., 1998); Fascina\u0163ia valorii (Tg.M.; 2000); <strong>antol\u00f3g.:<\/strong> Ceasul de flori (Tg.M., 2001); <strong>ford.:<\/strong> T\u00f6m\u00f6ry P\u00e9ter: Clopo\u0163arul de Notre Dame (1995); Scrisoarea e venit\u0103 de la Fernando Krapp (1996); N\u00e1das P\u00e9ter: \u00cenmorm\u00e2ntarea (Buc., 1999). <br \/><strong>Irod.:<\/strong> Borda, Dorin \u2013 Romeo, Soare: Galaxia valorilor (Tg. M., 2007); C.l. (2000. j\u00fan. 6.; Nekrol\u00f3g 2003. okt. 17, 21.); Cosma; Sz\u00e9p nyugtalans\u00e1g (N\u00fa., M\u00fazsa, 139. sz., 1994. m\u00e1rc. 17)<\/br><\/p>\n","protected":false},"excerpt":{"rendered":"<p>Maroslekence, 1947. okt. 31., \u2020\u00a0Mv., 2003. okt. 15. : k\u00f6lt\u0151, publicista.- A mv.-i 4. sz. l\u00edceumban \u00e9retts\u00e9gizett (1965). A mv.-i sz\u00e1m\u00edt\u00f3k\u00f6zpontban dolgozott mint programoz\u00f3 \u00e9s k\u00f6nyvt\u00e1ros (1973\u201390), majd \u00fajs\u00e1g\u00edr\u00f3, a kultur\u00e1lis rovat szerkeszt\u0151je a 24 Ore mure\u015fene napilapn\u00e1l; az Ambasador szerkesz\u0151ps\u00e9gi titk\u00e1ra (1995\u2013); a Jurnalul de Mure\u015f hetilap f\u0151szerkeszt\u0151je (1999\u2013). A Steaua Ro\u015fie-ban jelentek meg [&hellip;]<\/p>\n","protected":false},"featured_media":0,"comment_status":"open","ping_status":"closed","template":"","meta":[],"product_brand":[],"product_cat":[137],"product_tag":[],"class_list":{"0":"post-16943","1":"product","2":"type-product","3":"status-publish","5":"product_cat-maros-megyei-eletrajzi-lexikon","7":"first","8":"instock","9":"shipping-taxable","10":"product-type-simple"},"_links":{"self":[{"href":"https:\/\/uj.adatbank.ro\/lexikon\/wp-json\/wp\/v2\/product\/16943","targetHints":{"allow":["GET"]}}],"collection":[{"href":"https:\/\/uj.adatbank.ro\/lexikon\/wp-json\/wp\/v2\/product"}],"about":[{"href":"https:\/\/uj.adatbank.ro\/lexikon\/wp-json\/wp\/v2\/types\/product"}],"replies":[{"embeddable":true,"href":"https:\/\/uj.adatbank.ro\/lexikon\/wp-json\/wp\/v2\/comments?post=16943"}],"wp:attachment":[{"href":"https:\/\/uj.adatbank.ro\/lexikon\/wp-json\/wp\/v2\/media?parent=16943"}],"wp:term":[{"taxonomy":"product_brand","embeddable":true,"href":"https:\/\/uj.adatbank.ro\/lexikon\/wp-json\/wp\/v2\/product_brand?post=16943"},{"taxonomy":"product_cat","embeddable":true,"href":"https:\/\/uj.adatbank.ro\/lexikon\/wp-json\/wp\/v2\/product_cat?post=16943"},{"taxonomy":"product_tag","embeddable":true,"href":"https:\/\/uj.adatbank.ro\/lexikon\/wp-json\/wp\/v2\/product_tag?post=16943"}],"curies":[{"name":"wp","href":"https:\/\/api.w.org\/{rel}","templated":true}]}}