{"id":16946,"date":"2025-07-15T23:35:57","date_gmt":"2025-07-15T21:35:57","guid":{"rendered":"https:\/\/uj.adatbank.ro\/lexikon\/termek\/ocsovszki-pal-otsowszki-t\/"},"modified":"2025-07-15T23:35:57","modified_gmt":"2025-07-15T21:35:57","slug":"ocsovszki-pal-otsowszki-t","status":"publish","type":"product","link":"https:\/\/uj.adatbank.ro\/lexikon\/termek\/ocsovszki-pal-otsowszki-t\/","title":{"rendered":"OCSOVSZKI P\u00e1l, Otsowszki, T."},"content":{"rendered":"<p>? \u2020\u00a0?: Teleki S\u00e1muel titk\u00e1ra, k\u00f6nyvt\u00e1rosa (1792), Ferenc nev\u0171 fi\u00e1nak nevel\u0151je, Teleki S\u00e1muelt \u00e9s fiait, Domokost \u00e9s Ferencet, is \u00e1sv\u00e1nytani ismeretekre oktatta, mint \u00e1sv\u00e1nytantud\u00f3s, a Teleki csal\u00e1d \u00e1sv\u00e1nytani \u00e9rdekl\u0151d\u00e9s\u00e9nek a felkelt\u0151je. Teleki v\u00e9grendelet\u00e9ben a T\u00e9ka vezet\u00e9s\u00e9vel b\u00edzta meg. B\u00e9lteki Nagy Zsigmond eml\u00edti, hogy t\u0151le tanult mag\u00e1n\u00faton mineral\u00f3gi\u00e1t. Tagja volt az Erd\u00e9lyi Nyelvm\u00edvel\u0151 T\u00e1rsas\u00e1gnak (1796\u201397), amikor S\u00e1romberk\u00e9n \u00e9lt. <br \/><strong>Irod.:<\/strong> Spielmann-Sebesty\u00e9n Mih\u00e1ly: B\u00e9lteki Nagy Zsigmond orvosdoktor csal\u00e1di feljegyz\u00e9sei, 1826\u20131857 = K\u00f6nyvek \u00e1ltal\u2026<\/br><\/p>\n","protected":false},"excerpt":{"rendered":"<p>? \u2020\u00a0?: Teleki S\u00e1muel titk\u00e1ra, k\u00f6nyvt\u00e1rosa (1792), Ferenc nev\u0171 fi\u00e1nak nevel\u0151je, Teleki S\u00e1muelt \u00e9s fiait, Domokost \u00e9s Ferencet, is \u00e1sv\u00e1nytani ismeretekre oktatta, mint \u00e1sv\u00e1nytantud\u00f3s, a Teleki csal\u00e1d \u00e1sv\u00e1nytani \u00e9rdekl\u0151d\u00e9s\u00e9nek a felkelt\u0151je. Teleki v\u00e9grendelet\u00e9ben a T\u00e9ka vezet\u00e9s\u00e9vel b\u00edzta meg. B\u00e9lteki Nagy Zsigmond eml\u00edti, hogy t\u0151le tanult mag\u00e1n\u00faton mineral\u00f3gi\u00e1t. Tagja volt az Erd\u00e9lyi Nyelvm\u00edvel\u0151 T\u00e1rsas\u00e1gnak (1796\u201397), amikor [&hellip;]<\/p>\n","protected":false},"featured_media":0,"comment_status":"open","ping_status":"closed","template":"","meta":[],"product_brand":[],"product_cat":[137],"product_tag":[],"class_list":{"0":"post-16946","1":"product","2":"type-product","3":"status-publish","5":"product_cat-maros-megyei-eletrajzi-lexikon","7":"first","8":"instock","9":"shipping-taxable","10":"product-type-simple"},"_links":{"self":[{"href":"https:\/\/uj.adatbank.ro\/lexikon\/wp-json\/wp\/v2\/product\/16946","targetHints":{"allow":["GET"]}}],"collection":[{"href":"https:\/\/uj.adatbank.ro\/lexikon\/wp-json\/wp\/v2\/product"}],"about":[{"href":"https:\/\/uj.adatbank.ro\/lexikon\/wp-json\/wp\/v2\/types\/product"}],"replies":[{"embeddable":true,"href":"https:\/\/uj.adatbank.ro\/lexikon\/wp-json\/wp\/v2\/comments?post=16946"}],"wp:attachment":[{"href":"https:\/\/uj.adatbank.ro\/lexikon\/wp-json\/wp\/v2\/media?parent=16946"}],"wp:term":[{"taxonomy":"product_brand","embeddable":true,"href":"https:\/\/uj.adatbank.ro\/lexikon\/wp-json\/wp\/v2\/product_brand?post=16946"},{"taxonomy":"product_cat","embeddable":true,"href":"https:\/\/uj.adatbank.ro\/lexikon\/wp-json\/wp\/v2\/product_cat?post=16946"},{"taxonomy":"product_tag","embeddable":true,"href":"https:\/\/uj.adatbank.ro\/lexikon\/wp-json\/wp\/v2\/product_tag?post=16946"}],"curies":[{"name":"wp","href":"https:\/\/api.w.org\/{rel}","templated":true}]}}