{"id":16949,"date":"2025-07-15T23:36:03","date_gmt":"2025-07-15T21:36:03","guid":{"rendered":"https:\/\/uj.adatbank.ro\/lexikon\/termek\/oeder-ludwig\/"},"modified":"2025-07-15T23:36:03","modified_gmt":"2025-07-15T21:36:03","slug":"oeder-ludwig","status":"publish","type":"product","link":"https:\/\/uj.adatbank.ro\/lexikon\/termek\/oeder-ludwig\/","title":{"rendered":"OEDER, Ludwig"},"content":{"rendered":"<p>? \u2020\u00a0?: k\u00e9pz\u0151m\u0171v\u00e9sz, grafikus. \u2013 Ludwig Rohrbock rajzai nyom\u00e1n ac\u00e9lmetszeteket k\u00e9sz\u00edtett mv.-i barokk-, minorita templomokr\u00f3l \u00e9s z\u00e1rd\u00e1r\u00f3l (19. sz.). <br \/><strong>Irod.:<\/strong> Millenniumi ki\u00e1ll.<\/br><\/p>\n","protected":false},"excerpt":{"rendered":"<p>? \u2020\u00a0?: k\u00e9pz\u0151m\u0171v\u00e9sz, grafikus. \u2013 Ludwig Rohrbock rajzai nyom\u00e1n ac\u00e9lmetszeteket k\u00e9sz\u00edtett mv.-i barokk-, minorita templomokr\u00f3l \u00e9s z\u00e1rd\u00e1r\u00f3l (19. sz.). Irod.: Millenniumi ki\u00e1ll.<\/p>\n","protected":false},"featured_media":0,"comment_status":"open","ping_status":"closed","template":"","meta":[],"product_brand":[],"product_cat":[137],"product_tag":[],"class_list":{"0":"post-16949","1":"product","2":"type-product","3":"status-publish","5":"product_cat-maros-megyei-eletrajzi-lexikon","7":"first","8":"instock","9":"shipping-taxable","10":"product-type-simple"},"_links":{"self":[{"href":"https:\/\/uj.adatbank.ro\/lexikon\/wp-json\/wp\/v2\/product\/16949","targetHints":{"allow":["GET"]}}],"collection":[{"href":"https:\/\/uj.adatbank.ro\/lexikon\/wp-json\/wp\/v2\/product"}],"about":[{"href":"https:\/\/uj.adatbank.ro\/lexikon\/wp-json\/wp\/v2\/types\/product"}],"replies":[{"embeddable":true,"href":"https:\/\/uj.adatbank.ro\/lexikon\/wp-json\/wp\/v2\/comments?post=16949"}],"wp:attachment":[{"href":"https:\/\/uj.adatbank.ro\/lexikon\/wp-json\/wp\/v2\/media?parent=16949"}],"wp:term":[{"taxonomy":"product_brand","embeddable":true,"href":"https:\/\/uj.adatbank.ro\/lexikon\/wp-json\/wp\/v2\/product_brand?post=16949"},{"taxonomy":"product_cat","embeddable":true,"href":"https:\/\/uj.adatbank.ro\/lexikon\/wp-json\/wp\/v2\/product_cat?post=16949"},{"taxonomy":"product_tag","embeddable":true,"href":"https:\/\/uj.adatbank.ro\/lexikon\/wp-json\/wp\/v2\/product_tag?post=16949"}],"curies":[{"name":"wp","href":"https:\/\/api.w.org\/{rel}","templated":true}]}}