{"id":16951,"date":"2025-07-15T23:36:07","date_gmt":"2025-07-15T21:36:07","guid":{"rendered":"https:\/\/uj.adatbank.ro\/lexikon\/termek\/offner-robert\/"},"modified":"2025-07-15T23:36:07","modified_gmt":"2025-07-15T21:36:07","slug":"offner-robert","status":"publish","type":"product","link":"https:\/\/uj.adatbank.ro\/lexikon\/termek\/offner-robert\/","title":{"rendered":"OFFNER, Robert"},"content":{"rendered":"<p>? \u2020\u00a0?: biol\u00f3gus. \u2013 A bayreuti transzf\u00fazi\u00f3s int\u00e9zet f\u0151n\u00f6khelyettse \u00e9s a w\u00fcrzburgi egyetemen \u00edrja doktorij\u00e1t az erd\u00e9lyi orvosok k\u00f6z\u00e9pkori \u201eperegrin\u00e1ci\u00f3ir\u00f3l\u201d. <br \/><strong>Irod.:<\/strong> \u00c9szaki v\u00e1ltozatok<\/br><\/p>\n","protected":false},"excerpt":{"rendered":"<p>? \u2020\u00a0?: biol\u00f3gus. \u2013 A bayreuti transzf\u00fazi\u00f3s int\u00e9zet f\u0151n\u00f6khelyettse \u00e9s a w\u00fcrzburgi egyetemen \u00edrja doktorij\u00e1t az erd\u00e9lyi orvosok k\u00f6z\u00e9pkori \u201eperegrin\u00e1ci\u00f3ir\u00f3l\u201d. Irod.: \u00c9szaki v\u00e1ltozatok<\/p>\n","protected":false},"featured_media":0,"comment_status":"open","ping_status":"closed","template":"","meta":[],"product_brand":[],"product_cat":[137],"product_tag":[],"class_list":{"0":"post-16951","1":"product","2":"type-product","3":"status-publish","5":"product_cat-maros-megyei-eletrajzi-lexikon","7":"first","8":"instock","9":"shipping-taxable","10":"product-type-simple"},"_links":{"self":[{"href":"https:\/\/uj.adatbank.ro\/lexikon\/wp-json\/wp\/v2\/product\/16951","targetHints":{"allow":["GET"]}}],"collection":[{"href":"https:\/\/uj.adatbank.ro\/lexikon\/wp-json\/wp\/v2\/product"}],"about":[{"href":"https:\/\/uj.adatbank.ro\/lexikon\/wp-json\/wp\/v2\/types\/product"}],"replies":[{"embeddable":true,"href":"https:\/\/uj.adatbank.ro\/lexikon\/wp-json\/wp\/v2\/comments?post=16951"}],"wp:attachment":[{"href":"https:\/\/uj.adatbank.ro\/lexikon\/wp-json\/wp\/v2\/media?parent=16951"}],"wp:term":[{"taxonomy":"product_brand","embeddable":true,"href":"https:\/\/uj.adatbank.ro\/lexikon\/wp-json\/wp\/v2\/product_brand?post=16951"},{"taxonomy":"product_cat","embeddable":true,"href":"https:\/\/uj.adatbank.ro\/lexikon\/wp-json\/wp\/v2\/product_cat?post=16951"},{"taxonomy":"product_tag","embeddable":true,"href":"https:\/\/uj.adatbank.ro\/lexikon\/wp-json\/wp\/v2\/product_tag?post=16951"}],"curies":[{"name":"wp","href":"https:\/\/api.w.org\/{rel}","templated":true}]}}