{"id":16953,"date":"2025-07-15T23:36:09","date_gmt":"2025-07-15T21:36:09","guid":{"rendered":"https:\/\/uj.adatbank.ro\/lexikon\/termek\/ohnweiler-rudolf\/"},"modified":"2025-07-15T23:36:09","modified_gmt":"2025-07-15T21:36:09","slug":"ohnweiler-rudolf","status":"publish","type":"product","link":"https:\/\/uj.adatbank.ro\/lexikon\/termek\/ohnweiler-rudolf\/","title":{"rendered":"OHNWEILER Rudolf"},"content":{"rendered":"<p>? \u2020\u00a0?: \u00e9p\u00edt\u00e9sz. \u2013 \u00c9p\u00edt\u00e9szm\u00e9rn\u00f6k Mv.-en az \u00e1llam\u00e9p\u00edt\u00e9szeti hivatalban (1924 k.). <br \/><strong>Irod.:<\/strong> Almanah Tg.M.<\/br><\/p>\n","protected":false},"excerpt":{"rendered":"<p>? \u2020\u00a0?: \u00e9p\u00edt\u00e9sz. \u2013 \u00c9p\u00edt\u00e9szm\u00e9rn\u00f6k Mv.-en az \u00e1llam\u00e9p\u00edt\u00e9szeti hivatalban (1924 k.). Irod.: Almanah Tg.M.<\/p>\n","protected":false},"featured_media":0,"comment_status":"open","ping_status":"closed","template":"","meta":[],"product_brand":[],"product_cat":[137],"product_tag":[],"class_list":{"0":"post-16953","1":"product","2":"type-product","3":"status-publish","5":"product_cat-maros-megyei-eletrajzi-lexikon","7":"first","8":"instock","9":"shipping-taxable","10":"product-type-simple"},"_links":{"self":[{"href":"https:\/\/uj.adatbank.ro\/lexikon\/wp-json\/wp\/v2\/product\/16953","targetHints":{"allow":["GET"]}}],"collection":[{"href":"https:\/\/uj.adatbank.ro\/lexikon\/wp-json\/wp\/v2\/product"}],"about":[{"href":"https:\/\/uj.adatbank.ro\/lexikon\/wp-json\/wp\/v2\/types\/product"}],"replies":[{"embeddable":true,"href":"https:\/\/uj.adatbank.ro\/lexikon\/wp-json\/wp\/v2\/comments?post=16953"}],"wp:attachment":[{"href":"https:\/\/uj.adatbank.ro\/lexikon\/wp-json\/wp\/v2\/media?parent=16953"}],"wp:term":[{"taxonomy":"product_brand","embeddable":true,"href":"https:\/\/uj.adatbank.ro\/lexikon\/wp-json\/wp\/v2\/product_brand?post=16953"},{"taxonomy":"product_cat","embeddable":true,"href":"https:\/\/uj.adatbank.ro\/lexikon\/wp-json\/wp\/v2\/product_cat?post=16953"},{"taxonomy":"product_tag","embeddable":true,"href":"https:\/\/uj.adatbank.ro\/lexikon\/wp-json\/wp\/v2\/product_tag?post=16953"}],"curies":[{"name":"wp","href":"https:\/\/api.w.org\/{rel}","templated":true}]}}