{"id":16955,"date":"2025-07-15T23:36:14","date_gmt":"2025-07-15T21:36:14","guid":{"rendered":"https:\/\/uj.adatbank.ro\/lexikon\/termek\/okros-arpad\/"},"modified":"2025-07-15T23:36:14","modified_gmt":"2025-07-15T21:36:14","slug":"okros-arpad","status":"publish","type":"product","link":"https:\/\/uj.adatbank.ro\/lexikon\/termek\/okros-arpad\/","title":{"rendered":"\u00d6KR\u00d6S \u00c1rp\u00e1d"},"content":{"rendered":"<p>Mv., ? \u2020\u00a0?: \u00fajs\u00e1g\u00edr\u00f3. \u2013 Mv.-en \u00e9lt de \u00e9let\u00e9r\u0151l csak annyit tudunk hogy m\u00e9g a II. vh. ut\u00e1n is az Agr\u00e1rbankban volt tisztvisel\u0151. Az OMP tagja (\u20131933, b\u00edr\u00e1lta a p\u00e1rt vezet\u0151it ez\u00e9rt elj\u00e1r\u00e1st ind\u00edtottak ellene, kil\u00e9pett a p\u00e1rtb\u00f3l..K\u00f6nyve egy\u00e9ni m\u0171faj\u00fa v\u00e1rost\u00f6rt\u00e9net, \u00fatikalauz amelyben pontos adatokat szolg\u00e1ltat a v\u00e1ros 1854\u20131937 k\u00f6z\u00f6tti t\u00f6rt\u00e9net\u00e9r\u0151l iparost\u00e1rsadalm\u00e1r\u00f3l, l\u00e1tv\u00e1nyoss\u00e1gair\u00f3l, ismertebb orvosair\u00f3l, \u00edr\u00f3ir\u00f3l, zenei \u00e9let\u00e9nek k\u00e9pvisel\u0151ir\u0151l. \u2013 <strong>F. m.:<\/strong> Egy ember\u00f6lt\u0151 (Mv., 1937). <br \/><strong>Irod.:<\/strong> Id\u0151t\u00e1r 3\u00a0; RMIL<\/br><\/p>\n","protected":false},"excerpt":{"rendered":"<p>Mv., ? \u2020\u00a0?: \u00fajs\u00e1g\u00edr\u00f3. \u2013 Mv.-en \u00e9lt de \u00e9let\u00e9r\u0151l csak annyit tudunk hogy m\u00e9g a II. vh. ut\u00e1n is az Agr\u00e1rbankban volt tisztvisel\u0151. Az OMP tagja (\u20131933, b\u00edr\u00e1lta a p\u00e1rt vezet\u0151it ez\u00e9rt elj\u00e1r\u00e1st ind\u00edtottak ellene, kil\u00e9pett a p\u00e1rtb\u00f3l..K\u00f6nyve egy\u00e9ni m\u0171faj\u00fa v\u00e1rost\u00f6rt\u00e9net, \u00fatikalauz amelyben pontos adatokat szolg\u00e1ltat a v\u00e1ros 1854\u20131937 k\u00f6z\u00f6tti t\u00f6rt\u00e9net\u00e9r\u0151l iparost\u00e1rsadalm\u00e1r\u00f3l, l\u00e1tv\u00e1nyoss\u00e1gair\u00f3l, ismertebb orvosair\u00f3l, [&hellip;]<\/p>\n","protected":false},"featured_media":0,"comment_status":"open","ping_status":"closed","template":"","meta":[],"product_brand":[],"product_cat":[137],"product_tag":[],"class_list":{"0":"post-16955","1":"product","2":"type-product","3":"status-publish","5":"product_cat-maros-megyei-eletrajzi-lexikon","7":"first","8":"instock","9":"shipping-taxable","10":"product-type-simple"},"_links":{"self":[{"href":"https:\/\/uj.adatbank.ro\/lexikon\/wp-json\/wp\/v2\/product\/16955","targetHints":{"allow":["GET"]}}],"collection":[{"href":"https:\/\/uj.adatbank.ro\/lexikon\/wp-json\/wp\/v2\/product"}],"about":[{"href":"https:\/\/uj.adatbank.ro\/lexikon\/wp-json\/wp\/v2\/types\/product"}],"replies":[{"embeddable":true,"href":"https:\/\/uj.adatbank.ro\/lexikon\/wp-json\/wp\/v2\/comments?post=16955"}],"wp:attachment":[{"href":"https:\/\/uj.adatbank.ro\/lexikon\/wp-json\/wp\/v2\/media?parent=16955"}],"wp:term":[{"taxonomy":"product_brand","embeddable":true,"href":"https:\/\/uj.adatbank.ro\/lexikon\/wp-json\/wp\/v2\/product_brand?post=16955"},{"taxonomy":"product_cat","embeddable":true,"href":"https:\/\/uj.adatbank.ro\/lexikon\/wp-json\/wp\/v2\/product_cat?post=16955"},{"taxonomy":"product_tag","embeddable":true,"href":"https:\/\/uj.adatbank.ro\/lexikon\/wp-json\/wp\/v2\/product_tag?post=16955"}],"curies":[{"name":"wp","href":"https:\/\/api.w.org\/{rel}","templated":true}]}}