{"id":16960,"date":"2025-07-15T23:36:25","date_gmt":"2025-07-15T21:36:25","guid":{"rendered":"https:\/\/uj.adatbank.ro\/lexikon\/termek\/olah-ferenc-2\/"},"modified":"2025-07-15T23:36:25","modified_gmt":"2025-07-15T21:36:25","slug":"olah-ferenc-2","status":"publish","type":"product","link":"https:\/\/uj.adatbank.ro\/lexikon\/termek\/olah-ferenc-2\/","title":{"rendered":"OL\u00c1H Ferenc"},"content":{"rendered":"<p>1930., ? \u2020\u00a0Mv., 1992. j\u00fan. 29.: k\u00f6zgazd\u00e1sz. \u2013 A Bolyai L\u00edc.-ban v\u00e9gzett (1950), a kv.-i BTE-en szerzett k\u00f6zgazd\u00e1sz diplom\u00e1t (1954). A mv.-i B\u0151r \u00e9s Keszt\u0171gy\u00e1r aligazgat\u00f3ja. <br \/><strong>Irod.:<\/strong> [Nekrol\u00f3g] (N\u00fa., 1992. j\u00fal.1.; 1992. j\u00fal. 2.)<\/br><\/p>\n","protected":false},"excerpt":{"rendered":"<p>1930., ? \u2020\u00a0Mv., 1992. j\u00fan. 29.: k\u00f6zgazd\u00e1sz. \u2013 A Bolyai L\u00edc.-ban v\u00e9gzett (1950), a kv.-i BTE-en szerzett k\u00f6zgazd\u00e1sz diplom\u00e1t (1954). A mv.-i B\u0151r \u00e9s Keszt\u0171gy\u00e1r aligazgat\u00f3ja. Irod.: [Nekrol\u00f3g] (N\u00fa., 1992. j\u00fal.1.; 1992. j\u00fal. 2.)<\/p>\n","protected":false},"featured_media":0,"comment_status":"open","ping_status":"closed","template":"","meta":[],"product_brand":[],"product_cat":[137],"product_tag":[],"class_list":{"0":"post-16960","1":"product","2":"type-product","3":"status-publish","5":"product_cat-maros-megyei-eletrajzi-lexikon","7":"first","8":"instock","9":"shipping-taxable","10":"product-type-simple"},"_links":{"self":[{"href":"https:\/\/uj.adatbank.ro\/lexikon\/wp-json\/wp\/v2\/product\/16960","targetHints":{"allow":["GET"]}}],"collection":[{"href":"https:\/\/uj.adatbank.ro\/lexikon\/wp-json\/wp\/v2\/product"}],"about":[{"href":"https:\/\/uj.adatbank.ro\/lexikon\/wp-json\/wp\/v2\/types\/product"}],"replies":[{"embeddable":true,"href":"https:\/\/uj.adatbank.ro\/lexikon\/wp-json\/wp\/v2\/comments?post=16960"}],"wp:attachment":[{"href":"https:\/\/uj.adatbank.ro\/lexikon\/wp-json\/wp\/v2\/media?parent=16960"}],"wp:term":[{"taxonomy":"product_brand","embeddable":true,"href":"https:\/\/uj.adatbank.ro\/lexikon\/wp-json\/wp\/v2\/product_brand?post=16960"},{"taxonomy":"product_cat","embeddable":true,"href":"https:\/\/uj.adatbank.ro\/lexikon\/wp-json\/wp\/v2\/product_cat?post=16960"},{"taxonomy":"product_tag","embeddable":true,"href":"https:\/\/uj.adatbank.ro\/lexikon\/wp-json\/wp\/v2\/product_tag?post=16960"}],"curies":[{"name":"wp","href":"https:\/\/api.w.org\/{rel}","templated":true}]}}