{"id":16963,"date":"2025-07-15T23:36:30","date_gmt":"2025-07-15T21:36:30","guid":{"rendered":"https:\/\/uj.adatbank.ro\/lexikon\/termek\/olah-istvan\/"},"modified":"2025-07-15T23:36:30","modified_gmt":"2025-07-15T21:36:30","slug":"olah-istvan","status":"publish","type":"product","link":"https:\/\/uj.adatbank.ro\/lexikon\/termek\/olah-istvan\/","title":{"rendered":"OL\u00c1H Istv\u00e1n"},"content":{"rendered":"<p>Mv., 1942.\u2020\u00a0Mv., 2020. jan. 7.: orvos. \u2013 Sz\u00fcl\u00e9sz-n\u0151gy\u00f3gy\u00e1sz f\u0151orvos dr. Mv.-en. <br \/><strong>Irod.:<\/strong> Nekrol\u00f3g (N\u00fa., 2020. jan. )<\/br><\/p>\n","protected":false},"excerpt":{"rendered":"<p>Mv., 1942.\u2020\u00a0Mv., 2020. jan. 7.: orvos. \u2013 Sz\u00fcl\u00e9sz-n\u0151gy\u00f3gy\u00e1sz f\u0151orvos dr. Mv.-en. Irod.: Nekrol\u00f3g (N\u00fa., 2020. jan. )<\/p>\n","protected":false},"featured_media":0,"comment_status":"open","ping_status":"closed","template":"","meta":[],"product_brand":[],"product_cat":[137],"product_tag":[],"class_list":{"0":"post-16963","1":"product","2":"type-product","3":"status-publish","5":"product_cat-maros-megyei-eletrajzi-lexikon","7":"first","8":"instock","9":"shipping-taxable","10":"product-type-simple"},"_links":{"self":[{"href":"https:\/\/uj.adatbank.ro\/lexikon\/wp-json\/wp\/v2\/product\/16963","targetHints":{"allow":["GET"]}}],"collection":[{"href":"https:\/\/uj.adatbank.ro\/lexikon\/wp-json\/wp\/v2\/product"}],"about":[{"href":"https:\/\/uj.adatbank.ro\/lexikon\/wp-json\/wp\/v2\/types\/product"}],"replies":[{"embeddable":true,"href":"https:\/\/uj.adatbank.ro\/lexikon\/wp-json\/wp\/v2\/comments?post=16963"}],"wp:attachment":[{"href":"https:\/\/uj.adatbank.ro\/lexikon\/wp-json\/wp\/v2\/media?parent=16963"}],"wp:term":[{"taxonomy":"product_brand","embeddable":true,"href":"https:\/\/uj.adatbank.ro\/lexikon\/wp-json\/wp\/v2\/product_brand?post=16963"},{"taxonomy":"product_cat","embeddable":true,"href":"https:\/\/uj.adatbank.ro\/lexikon\/wp-json\/wp\/v2\/product_cat?post=16963"},{"taxonomy":"product_tag","embeddable":true,"href":"https:\/\/uj.adatbank.ro\/lexikon\/wp-json\/wp\/v2\/product_tag?post=16963"}],"curies":[{"name":"wp","href":"https:\/\/api.w.org\/{rel}","templated":true}]}}