{"id":16964,"date":"2025-07-15T23:36:32","date_gmt":"2025-07-15T21:36:32","guid":{"rendered":"https:\/\/uj.adatbank.ro\/lexikon\/termek\/olah-iuon\/"},"modified":"2025-07-15T23:36:32","modified_gmt":"2025-07-15T21:36:32","slug":"olah-iuon","status":"publish","type":"product","link":"https:\/\/uj.adatbank.ro\/lexikon\/termek\/olah-iuon\/","title":{"rendered":"OL\u00c1H Iuon"},"content":{"rendered":"<p>? \u2020\u00a0?: g. kat. pap \u2013 Marosag\u00e1rdban szolg\u00e1lt (1789), ahol csak \u00f6t ort. csal\u00e1d \u00e9lt, ez\u00e9rt egyh\u00e1z\u00e1t hozz\u00e1csatolt\u00e1k Kebeleszentiv\u00e1nhoz, \u00edgy megsz\u00fcnt \u00f6n\u00e1ll\u00f3 ort. par\u00f3chi\u00e1nak lenni, csak fli\u00e1v\u00e1 v\u00e1lt. <br \/><strong>Irod.:<\/strong> \u015eincan 2006<\/br><\/p>\n","protected":false},"excerpt":{"rendered":"<p>? \u2020\u00a0?: g. kat. pap \u2013 Marosag\u00e1rdban szolg\u00e1lt (1789), ahol csak \u00f6t ort. csal\u00e1d \u00e9lt, ez\u00e9rt egyh\u00e1z\u00e1t hozz\u00e1csatolt\u00e1k Kebeleszentiv\u00e1nhoz, \u00edgy megsz\u00fcnt \u00f6n\u00e1ll\u00f3 ort. par\u00f3chi\u00e1nak lenni, csak fli\u00e1v\u00e1 v\u00e1lt. Irod.: \u015eincan 2006<\/p>\n","protected":false},"featured_media":0,"comment_status":"open","ping_status":"closed","template":"","meta":[],"product_brand":[],"product_cat":[137],"product_tag":[],"class_list":{"0":"post-16964","1":"product","2":"type-product","3":"status-publish","5":"product_cat-maros-megyei-eletrajzi-lexikon","7":"first","8":"instock","9":"shipping-taxable","10":"product-type-simple"},"_links":{"self":[{"href":"https:\/\/uj.adatbank.ro\/lexikon\/wp-json\/wp\/v2\/product\/16964","targetHints":{"allow":["GET"]}}],"collection":[{"href":"https:\/\/uj.adatbank.ro\/lexikon\/wp-json\/wp\/v2\/product"}],"about":[{"href":"https:\/\/uj.adatbank.ro\/lexikon\/wp-json\/wp\/v2\/types\/product"}],"replies":[{"embeddable":true,"href":"https:\/\/uj.adatbank.ro\/lexikon\/wp-json\/wp\/v2\/comments?post=16964"}],"wp:attachment":[{"href":"https:\/\/uj.adatbank.ro\/lexikon\/wp-json\/wp\/v2\/media?parent=16964"}],"wp:term":[{"taxonomy":"product_brand","embeddable":true,"href":"https:\/\/uj.adatbank.ro\/lexikon\/wp-json\/wp\/v2\/product_brand?post=16964"},{"taxonomy":"product_cat","embeddable":true,"href":"https:\/\/uj.adatbank.ro\/lexikon\/wp-json\/wp\/v2\/product_cat?post=16964"},{"taxonomy":"product_tag","embeddable":true,"href":"https:\/\/uj.adatbank.ro\/lexikon\/wp-json\/wp\/v2\/product_tag?post=16964"}],"curies":[{"name":"wp","href":"https:\/\/api.w.org\/{rel}","templated":true}]}}