{"id":16965,"date":"2025-07-15T23:36:34","date_gmt":"2025-07-15T21:36:34","guid":{"rendered":"https:\/\/uj.adatbank.ro\/lexikon\/termek\/olah-janos\/"},"modified":"2025-07-15T23:36:34","modified_gmt":"2025-07-15T21:36:34","slug":"olah-janos","status":"publish","type":"product","link":"https:\/\/uj.adatbank.ro\/lexikon\/termek\/olah-janos\/","title":{"rendered":"OL\u00c1H J\u00e1nos"},"content":{"rendered":"<p>1943.? \u2020\u00a0Mv., 2023. aug.?: sporttan\u00e1r. \u2013 80.\u00e9v\u00e9ben hunyt el. Testv\u00e9re, Gy\u00f6ngyi. &#8212;<br \/><strong>Irod.:<\/strong> N\u00e9p\u00fajs\u00e1g, 2023. aug. 31.<\/br><\/p>\n","protected":false},"excerpt":{"rendered":"<p>1943.? \u2020\u00a0Mv., 2023. aug.?: sporttan\u00e1r. \u2013 80.\u00e9v\u00e9ben hunyt el. Testv\u00e9re, Gy\u00f6ngyi. &#8212;Irod.: N\u00e9p\u00fajs\u00e1g, 2023. aug. 31.<\/p>\n","protected":false},"featured_media":0,"comment_status":"open","ping_status":"closed","template":"","meta":[],"product_brand":[],"product_cat":[137],"product_tag":[],"class_list":{"0":"post-16965","1":"product","2":"type-product","3":"status-publish","5":"product_cat-maros-megyei-eletrajzi-lexikon","7":"first","8":"instock","9":"shipping-taxable","10":"product-type-simple"},"_links":{"self":[{"href":"https:\/\/uj.adatbank.ro\/lexikon\/wp-json\/wp\/v2\/product\/16965","targetHints":{"allow":["GET"]}}],"collection":[{"href":"https:\/\/uj.adatbank.ro\/lexikon\/wp-json\/wp\/v2\/product"}],"about":[{"href":"https:\/\/uj.adatbank.ro\/lexikon\/wp-json\/wp\/v2\/types\/product"}],"replies":[{"embeddable":true,"href":"https:\/\/uj.adatbank.ro\/lexikon\/wp-json\/wp\/v2\/comments?post=16965"}],"wp:attachment":[{"href":"https:\/\/uj.adatbank.ro\/lexikon\/wp-json\/wp\/v2\/media?parent=16965"}],"wp:term":[{"taxonomy":"product_brand","embeddable":true,"href":"https:\/\/uj.adatbank.ro\/lexikon\/wp-json\/wp\/v2\/product_brand?post=16965"},{"taxonomy":"product_cat","embeddable":true,"href":"https:\/\/uj.adatbank.ro\/lexikon\/wp-json\/wp\/v2\/product_cat?post=16965"},{"taxonomy":"product_tag","embeddable":true,"href":"https:\/\/uj.adatbank.ro\/lexikon\/wp-json\/wp\/v2\/product_tag?post=16965"}],"curies":[{"name":"wp","href":"https:\/\/api.w.org\/{rel}","templated":true}]}}