{"id":16970,"date":"2025-07-15T23:36:45","date_gmt":"2025-07-15T21:36:45","guid":{"rendered":"https:\/\/uj.adatbank.ro\/lexikon\/termek\/olah-kolpenyi\/"},"modified":"2025-07-15T23:36:45","modified_gmt":"2025-07-15T21:36:45","slug":"olah-kolpenyi","status":"publish","type":"product","link":"https:\/\/uj.adatbank.ro\/lexikon\/termek\/olah-kolpenyi\/","title":{"rendered":"OL\u00c1H, k\u00f6lp\u00e9nyi"},"content":{"rendered":"<p>A csal\u00e1db\u00f3l O. Gy\u00f6rgy k\u00f6lp\u00e9nyi h\u0151s, a bocsoki birtokot kapta (1606), a K\u00f6vesdre sz\u00e1rmazott \u00e1ga nyert primipil\u00e1ris levelet (1655). <br \/><strong>Irod.:<\/strong> P\u00e1lmay<\/br><\/p>\n","protected":false},"excerpt":{"rendered":"<p>A csal\u00e1db\u00f3l O. Gy\u00f6rgy k\u00f6lp\u00e9nyi h\u0151s, a bocsoki birtokot kapta (1606), a K\u00f6vesdre sz\u00e1rmazott \u00e1ga nyert primipil\u00e1ris levelet (1655). Irod.: P\u00e1lmay<\/p>\n","protected":false},"featured_media":0,"comment_status":"open","ping_status":"closed","template":"","meta":[],"product_brand":[],"product_cat":[137],"product_tag":[],"class_list":{"0":"post-16970","1":"product","2":"type-product","3":"status-publish","5":"product_cat-maros-megyei-eletrajzi-lexikon","7":"first","8":"instock","9":"shipping-taxable","10":"product-type-simple"},"_links":{"self":[{"href":"https:\/\/uj.adatbank.ro\/lexikon\/wp-json\/wp\/v2\/product\/16970","targetHints":{"allow":["GET"]}}],"collection":[{"href":"https:\/\/uj.adatbank.ro\/lexikon\/wp-json\/wp\/v2\/product"}],"about":[{"href":"https:\/\/uj.adatbank.ro\/lexikon\/wp-json\/wp\/v2\/types\/product"}],"replies":[{"embeddable":true,"href":"https:\/\/uj.adatbank.ro\/lexikon\/wp-json\/wp\/v2\/comments?post=16970"}],"wp:attachment":[{"href":"https:\/\/uj.adatbank.ro\/lexikon\/wp-json\/wp\/v2\/media?parent=16970"}],"wp:term":[{"taxonomy":"product_brand","embeddable":true,"href":"https:\/\/uj.adatbank.ro\/lexikon\/wp-json\/wp\/v2\/product_brand?post=16970"},{"taxonomy":"product_cat","embeddable":true,"href":"https:\/\/uj.adatbank.ro\/lexikon\/wp-json\/wp\/v2\/product_cat?post=16970"},{"taxonomy":"product_tag","embeddable":true,"href":"https:\/\/uj.adatbank.ro\/lexikon\/wp-json\/wp\/v2\/product_tag?post=16970"}],"curies":[{"name":"wp","href":"https:\/\/api.w.org\/{rel}","templated":true}]}}