{"id":16971,"date":"2025-07-15T23:36:46","date_gmt":"2025-07-15T21:36:46","guid":{"rendered":"https:\/\/uj.adatbank.ro\/lexikon\/termek\/olah-lajos\/"},"modified":"2025-07-15T23:36:46","modified_gmt":"2025-07-15T21:36:46","slug":"olah-lajos","status":"publish","type":"product","link":"https:\/\/uj.adatbank.ro\/lexikon\/termek\/olah-lajos\/","title":{"rendered":"OL\u00c1H Lajos"},"content":{"rendered":"<p>Ny\u00e1r\u00e1dszentbenedek, 1889., \u2020\u00a0?: gazd\u00e1lkod\u00f3. \u2013 Iskol\u00e1i elv\u00e9gz\u00e9se ut\u00e1n apja mellett tanult meg gazd\u00e1lkodni, majd 17 hold f\u00f6ld\u00f6n \u00c1kosfalv\u00e1n lett \u00f6n\u00e1ll\u00f3 gazda. Az I. vh.-ban a 62. gy. e.-ben az orosz \u00e9s az olasz fronton harcolt, mint \u0151rmester szerelt le a II. ez\u00fcst, a bronz vit. \u00e9., a vaskereszt, a seb. \u00e9rem, h\u00e1bor\u00fas eml\u00e9k\u00e9rem \u00e9s a K\u00e1roly Csapatkereszt tulajdonosa volt. <br \/><strong>Irod.:<\/strong> Ny\u00e1r\u00e1dszentbenedek; Sz\u00e9kelyf\u00f6ld \u00ed.k.<\/br><\/p>\n","protected":false},"excerpt":{"rendered":"<p>Ny\u00e1r\u00e1dszentbenedek, 1889., \u2020\u00a0?: gazd\u00e1lkod\u00f3. \u2013 Iskol\u00e1i elv\u00e9gz\u00e9se ut\u00e1n apja mellett tanult meg gazd\u00e1lkodni, majd 17 hold f\u00f6ld\u00f6n \u00c1kosfalv\u00e1n lett \u00f6n\u00e1ll\u00f3 gazda. Az I. vh.-ban a 62. gy. e.-ben az orosz \u00e9s az olasz fronton harcolt, mint \u0151rmester szerelt le a II. ez\u00fcst, a bronz vit. \u00e9., a vaskereszt, a seb. \u00e9rem, h\u00e1bor\u00fas eml\u00e9k\u00e9rem \u00e9s a [&hellip;]<\/p>\n","protected":false},"featured_media":0,"comment_status":"open","ping_status":"closed","template":"","meta":[],"product_brand":[],"product_cat":[137],"product_tag":[],"class_list":{"0":"post-16971","1":"product","2":"type-product","3":"status-publish","5":"product_cat-maros-megyei-eletrajzi-lexikon","7":"first","8":"instock","9":"shipping-taxable","10":"product-type-simple"},"_links":{"self":[{"href":"https:\/\/uj.adatbank.ro\/lexikon\/wp-json\/wp\/v2\/product\/16971","targetHints":{"allow":["GET"]}}],"collection":[{"href":"https:\/\/uj.adatbank.ro\/lexikon\/wp-json\/wp\/v2\/product"}],"about":[{"href":"https:\/\/uj.adatbank.ro\/lexikon\/wp-json\/wp\/v2\/types\/product"}],"replies":[{"embeddable":true,"href":"https:\/\/uj.adatbank.ro\/lexikon\/wp-json\/wp\/v2\/comments?post=16971"}],"wp:attachment":[{"href":"https:\/\/uj.adatbank.ro\/lexikon\/wp-json\/wp\/v2\/media?parent=16971"}],"wp:term":[{"taxonomy":"product_brand","embeddable":true,"href":"https:\/\/uj.adatbank.ro\/lexikon\/wp-json\/wp\/v2\/product_brand?post=16971"},{"taxonomy":"product_cat","embeddable":true,"href":"https:\/\/uj.adatbank.ro\/lexikon\/wp-json\/wp\/v2\/product_cat?post=16971"},{"taxonomy":"product_tag","embeddable":true,"href":"https:\/\/uj.adatbank.ro\/lexikon\/wp-json\/wp\/v2\/product_tag?post=16971"}],"curies":[{"name":"wp","href":"https:\/\/api.w.org\/{rel}","templated":true}]}}