{"id":16973,"date":"2025-07-15T23:36:49","date_gmt":"2025-07-15T21:36:49","guid":{"rendered":"https:\/\/uj.adatbank.ro\/lexikon\/termek\/olah-tibor\/"},"modified":"2025-07-15T23:36:49","modified_gmt":"2025-07-15T21:36:49","slug":"olah-tibor","status":"publish","type":"product","link":"https:\/\/uj.adatbank.ro\/lexikon\/termek\/olah-tibor\/","title":{"rendered":"OL\u00c1H Tibor"},"content":{"rendered":"<p>\u00c1rp\u00e1s, 1928. jan. 2., \u2020 Mv., 2002. okt. 2.: zeneszerz\u0151, tan\u00e1r. \u2013 Testv\u00e9re: dr. Gogol\u00e1k Edit. \u2013 A kv.-i M. M\u0171v\u00e9szeti Int\u00e9zetben tanult zeneszerz\u00e9st \u00e9s zongor\u00e1t. Tanulm\u00e1nyait Moszkv\u00e1ban fejezte be (1954), majd M\u00fcnchenben ny\u00e1ri tanfolyamon eg\u00e9sz\u00edtette ki (1966\u201371). A buk-i Zeneakad\u00e9mia tan\u00e1ra(1954\u201395). A Rom\u00e1niai Zeneszerz\u0151k Sz\u00f6vets\u00e9g\u00e9ben t\u00f6bbsz\u00f6r v\u00e1llalt vezet\u0151s\u00e9gi szerepet. A zene majd minden m\u0171faj\u00e1ban alkotott, sz\u00e1mos film zen\u00e9j\u00e9t szerezte. \u00c9lete utols\u00f3 \u00e9veit betegen Mv.-en, csal\u00e1dja k\u00f6r\u00e9ben t\u00f6lt\u00f6tte. Kompon\u00e1lt sz\u00ednpadi zen\u00e9t, zongora darabokat, orat\u00f3riumot, kant\u00e1t\u00e1kat, madrig\u00e1lokat, szon\u00e1t\u00e1kat. Brancusi eml\u00e9k\u00e9re \u00edrta a Coloana infinita- V\u00e9gtelen oszlop valamint a Dial\u00f3gusok c szimf\u00f3nikus m\u0171veket.M\u0171veit bemutatt\u00e1k Vars\u00f3ban, Pr\u00e1g\u00e1ban, Bp.-en, Moszkv\u00e1ban. Tev\u00e9kenys\u00e9g\u00e9t sz\u00e1mtalan hazai \u00e9s k\u00fclf\u00f6ldi d\u00edjjal jutalmazt\u00e1k.&#8211; <strong>F. m.:<\/strong> Kant\u00e1ta r\u00e9gi cs\u00e1ng\u00f3 sz\u00f6vegekre (1957); A toled\u00f3i ablak\u00fcvegez\u0151k (operapar\u00f3dia Bajor Andor sz\u00f6vegk\u00f6nyv\u00e9re, 1959); Cantat\u0103 \u2013 Kant\u00e1ta. N\u0151i karra. (Buc., 1960); Columna infinit\u0103. Omagiul lui Br\u00e2ncu\u015fi. Partitur\u0103 (Buc., 1966): Sonatin\u0103 pentru violin\u0103 \u015fi pian. Buc., 1965); N\u00e9gy madrig\u00e1l; Heged\u0171 \u2013zongora szon\u00e1tina; Klarinett sz\u00f3l\u00f3szon\u00e1ta; Az ember csillagk\u00e9pe (Majakovszkij 150.000 c. vers\u00e9nek r\u00e9szleteire kompon\u00e1lt oratorium), T\u00e9r- \u00e9s Ritmustanulm\u00e1ny h\u00e1rom \u00fct\u0151hangszerre; Sz\u00ednpadi zen\u00e9t \u00edrt Mad\u00e1ch Az ember trag\u00e9di\u00e1ja \u00e9s Euripid\u00e9sz-Sartre Tr\u00f3jai n\u0151k c. dr\u00e1m\u00e1j\u00e1hoz.;. Az Electrecord-h\u00e1z t\u00f6bb lemezt jelentetett meg m\u0171veib\u0151l. <br \/><strong>Irod.:<\/strong> EMKK 2000; Katona Szab\u00f3 Istv\u00e1n: Az \u00daj \u00c9let lexikona, 116. (\u00daj \u00c9let, 9. sz., 1975); [Nekrol\u00f3g] (N\u00fa., 2002. okt. 4., 5.); R\u00e9thy\u2013\u00dajv\u00e1ri\u2013V\u00e1czi , Zolt\u00e1n Alad\u00e1r: O. T. (\u00daj \u00c9let. 24. sz. 1965. dec.)<\/br><\/p>\n","protected":false},"excerpt":{"rendered":"<p>\u00c1rp\u00e1s, 1928. jan. 2., \u2020 Mv., 2002. okt. 2.: zeneszerz\u0151, tan\u00e1r. \u2013 Testv\u00e9re: dr. Gogol\u00e1k Edit. \u2013 A kv.-i M. M\u0171v\u00e9szeti Int\u00e9zetben tanult zeneszerz\u00e9st \u00e9s zongor\u00e1t. Tanulm\u00e1nyait Moszkv\u00e1ban fejezte be (1954), majd M\u00fcnchenben ny\u00e1ri tanfolyamon eg\u00e9sz\u00edtette ki (1966\u201371). A buk-i Zeneakad\u00e9mia tan\u00e1ra(1954\u201395). A Rom\u00e1niai Zeneszerz\u0151k Sz\u00f6vets\u00e9g\u00e9ben t\u00f6bbsz\u00f6r v\u00e1llalt vezet\u0151s\u00e9gi szerepet. A zene majd minden m\u0171faj\u00e1ban [&hellip;]<\/p>\n","protected":false},"featured_media":0,"comment_status":"open","ping_status":"closed","template":"","meta":[],"product_brand":[],"product_cat":[137],"product_tag":[],"class_list":{"0":"post-16973","1":"product","2":"type-product","3":"status-publish","5":"product_cat-maros-megyei-eletrajzi-lexikon","7":"first","8":"instock","9":"shipping-taxable","10":"product-type-simple"},"_links":{"self":[{"href":"https:\/\/uj.adatbank.ro\/lexikon\/wp-json\/wp\/v2\/product\/16973","targetHints":{"allow":["GET"]}}],"collection":[{"href":"https:\/\/uj.adatbank.ro\/lexikon\/wp-json\/wp\/v2\/product"}],"about":[{"href":"https:\/\/uj.adatbank.ro\/lexikon\/wp-json\/wp\/v2\/types\/product"}],"replies":[{"embeddable":true,"href":"https:\/\/uj.adatbank.ro\/lexikon\/wp-json\/wp\/v2\/comments?post=16973"}],"wp:attachment":[{"href":"https:\/\/uj.adatbank.ro\/lexikon\/wp-json\/wp\/v2\/media?parent=16973"}],"wp:term":[{"taxonomy":"product_brand","embeddable":true,"href":"https:\/\/uj.adatbank.ro\/lexikon\/wp-json\/wp\/v2\/product_brand?post=16973"},{"taxonomy":"product_cat","embeddable":true,"href":"https:\/\/uj.adatbank.ro\/lexikon\/wp-json\/wp\/v2\/product_cat?post=16973"},{"taxonomy":"product_tag","embeddable":true,"href":"https:\/\/uj.adatbank.ro\/lexikon\/wp-json\/wp\/v2\/product_tag?post=16973"}],"curies":[{"name":"wp","href":"https:\/\/api.w.org\/{rel}","templated":true}]}}