{"id":16978,"date":"2025-07-15T23:36:58","date_gmt":"2025-07-15T21:36:58","guid":{"rendered":"https:\/\/uj.adatbank.ro\/lexikon\/termek\/olajos-gyorgy-deak-literati-litterati\/"},"modified":"2025-07-15T23:36:58","modified_gmt":"2025-07-15T21:36:58","slug":"olajos-gyorgy-deak-literati-litterati","status":"publish","type":"product","link":"https:\/\/uj.adatbank.ro\/lexikon\/termek\/olajos-gyorgy-deak-literati-litterati\/","title":{"rendered":"OLAJOS Gy\u00f6rgy, De\u00e1k, Literati, Litter\u00e1ti"},"content":{"rendered":"<p>? \u2020\u00a0?\u00a0: f\u0151b\u00edr\u00f3.- Mv.-en f\u0151b\u00edr\u00f3 (1713). <br \/><strong>Irod.:<\/strong> P\u00e1l-Antal 2006<\/br><\/p>\n","protected":false},"excerpt":{"rendered":"<p>? \u2020\u00a0?\u00a0: f\u0151b\u00edr\u00f3.- Mv.-en f\u0151b\u00edr\u00f3 (1713). Irod.: P\u00e1l-Antal 2006<\/p>\n","protected":false},"featured_media":0,"comment_status":"open","ping_status":"closed","template":"","meta":[],"product_brand":[],"product_cat":[137],"product_tag":[],"class_list":{"0":"post-16978","1":"product","2":"type-product","3":"status-publish","5":"product_cat-maros-megyei-eletrajzi-lexikon","7":"first","8":"instock","9":"shipping-taxable","10":"product-type-simple"},"_links":{"self":[{"href":"https:\/\/uj.adatbank.ro\/lexikon\/wp-json\/wp\/v2\/product\/16978","targetHints":{"allow":["GET"]}}],"collection":[{"href":"https:\/\/uj.adatbank.ro\/lexikon\/wp-json\/wp\/v2\/product"}],"about":[{"href":"https:\/\/uj.adatbank.ro\/lexikon\/wp-json\/wp\/v2\/types\/product"}],"replies":[{"embeddable":true,"href":"https:\/\/uj.adatbank.ro\/lexikon\/wp-json\/wp\/v2\/comments?post=16978"}],"wp:attachment":[{"href":"https:\/\/uj.adatbank.ro\/lexikon\/wp-json\/wp\/v2\/media?parent=16978"}],"wp:term":[{"taxonomy":"product_brand","embeddable":true,"href":"https:\/\/uj.adatbank.ro\/lexikon\/wp-json\/wp\/v2\/product_brand?post=16978"},{"taxonomy":"product_cat","embeddable":true,"href":"https:\/\/uj.adatbank.ro\/lexikon\/wp-json\/wp\/v2\/product_cat?post=16978"},{"taxonomy":"product_tag","embeddable":true,"href":"https:\/\/uj.adatbank.ro\/lexikon\/wp-json\/wp\/v2\/product_tag?post=16978"}],"curies":[{"name":"wp","href":"https:\/\/api.w.org\/{rel}","templated":true}]}}