{"id":16980,"date":"2025-07-15T23:37:02","date_gmt":"2025-07-15T21:37:02","guid":{"rendered":"https:\/\/uj.adatbank.ro\/lexikon\/termek\/olajos-istvan-2\/"},"modified":"2025-07-15T23:37:02","modified_gmt":"2025-07-15T21:37:02","slug":"olajos-istvan-2","status":"publish","type":"product","link":"https:\/\/uj.adatbank.ro\/lexikon\/termek\/olajos-istvan-2\/","title":{"rendered":"OLAJOS Istv\u00e1n"},"content":{"rendered":"<p>? \u2020\u00a0?: k\u00e9pz\u0151m\u0171v\u00e9sz lehetett Sz\u00e1szr\u00e9genben (1940-es \u00e9vek). M. Makkai Pirosk\u00e1val rendezte a r\u00e9geni kasszin\u00f3 termeiben a Barab\u00e1s Mikl\u00f3s C\u00e9h ki\u00e1ll\u00edt\u00e1s\u00e1t (1944. febr. 6.) \u2013 Irod. : Barab\u00e1s M. C\u00e9h<\/br><\/p>\n","protected":false},"excerpt":{"rendered":"<p>? \u2020\u00a0?: k\u00e9pz\u0151m\u0171v\u00e9sz lehetett Sz\u00e1szr\u00e9genben (1940-es \u00e9vek). M. Makkai Pirosk\u00e1val rendezte a r\u00e9geni kasszin\u00f3 termeiben a Barab\u00e1s Mikl\u00f3s C\u00e9h ki\u00e1ll\u00edt\u00e1s\u00e1t (1944. febr. 6.) \u2013 Irod. : Barab\u00e1s M. C\u00e9h<\/p>\n","protected":false},"featured_media":0,"comment_status":"open","ping_status":"closed","template":"","meta":[],"product_brand":[],"product_cat":[137],"product_tag":[],"class_list":{"0":"post-16980","1":"product","2":"type-product","3":"status-publish","5":"product_cat-maros-megyei-eletrajzi-lexikon","7":"first","8":"instock","9":"shipping-taxable","10":"product-type-simple"},"_links":{"self":[{"href":"https:\/\/uj.adatbank.ro\/lexikon\/wp-json\/wp\/v2\/product\/16980","targetHints":{"allow":["GET"]}}],"collection":[{"href":"https:\/\/uj.adatbank.ro\/lexikon\/wp-json\/wp\/v2\/product"}],"about":[{"href":"https:\/\/uj.adatbank.ro\/lexikon\/wp-json\/wp\/v2\/types\/product"}],"replies":[{"embeddable":true,"href":"https:\/\/uj.adatbank.ro\/lexikon\/wp-json\/wp\/v2\/comments?post=16980"}],"wp:attachment":[{"href":"https:\/\/uj.adatbank.ro\/lexikon\/wp-json\/wp\/v2\/media?parent=16980"}],"wp:term":[{"taxonomy":"product_brand","embeddable":true,"href":"https:\/\/uj.adatbank.ro\/lexikon\/wp-json\/wp\/v2\/product_brand?post=16980"},{"taxonomy":"product_cat","embeddable":true,"href":"https:\/\/uj.adatbank.ro\/lexikon\/wp-json\/wp\/v2\/product_cat?post=16980"},{"taxonomy":"product_tag","embeddable":true,"href":"https:\/\/uj.adatbank.ro\/lexikon\/wp-json\/wp\/v2\/product_tag?post=16980"}],"curies":[{"name":"wp","href":"https:\/\/api.w.org\/{rel}","templated":true}]}}