{"id":16984,"date":"2025-07-15T23:37:10","date_gmt":"2025-07-15T21:37:10","guid":{"rendered":"https:\/\/uj.adatbank.ro\/lexikon\/termek\/olajos-laszlo\/"},"modified":"2025-07-15T23:37:10","modified_gmt":"2025-07-15T21:37:10","slug":"olajos-laszlo","status":"publish","type":"product","link":"https:\/\/uj.adatbank.ro\/lexikon\/termek\/olajos-laszlo\/","title":{"rendered":"OLAJOS L\u00e1szl\u00f3"},"content":{"rendered":"<p>1901.\u20201985.: ref. lelk\u00e9sz. \u2013 Teol\u00f3giai tanulm\u00e1nyait Kv.-on \u00e9s Strasburgban aProtest\u00e1ns Fakult\u00e1son szerzett diplom\u00e1t (1923). Kv.-on seg\u00e9dlelk\u00e9sz (1924), Marosv\u00e9csenre h\u00edvt\u00e1k meg (1925 \u2013 35), Et\u00e9dre h\u00edvt\u00e1k meg nyugd\u00edjaz\u00e1s\u00e1ig. \u00cdr\u00e1sait az \u00dat c. foly\u00f3iratban k\u00f6z\u00f6lte. <br \/><strong>Irod.:<\/strong> Cs\u00e1ky<\/br><\/p>\n","protected":false},"excerpt":{"rendered":"<p>1901.\u20201985.: ref. lelk\u00e9sz. \u2013 Teol\u00f3giai tanulm\u00e1nyait Kv.-on \u00e9s Strasburgban aProtest\u00e1ns Fakult\u00e1son szerzett diplom\u00e1t (1923). Kv.-on seg\u00e9dlelk\u00e9sz (1924), Marosv\u00e9csenre h\u00edvt\u00e1k meg (1925 \u2013 35), Et\u00e9dre h\u00edvt\u00e1k meg nyugd\u00edjaz\u00e1s\u00e1ig. \u00cdr\u00e1sait az \u00dat c. foly\u00f3iratban k\u00f6z\u00f6lte. Irod.: Cs\u00e1ky<\/p>\n","protected":false},"featured_media":0,"comment_status":"open","ping_status":"closed","template":"","meta":[],"product_brand":[],"product_cat":[137],"product_tag":[],"class_list":{"0":"post-16984","1":"product","2":"type-product","3":"status-publish","5":"product_cat-maros-megyei-eletrajzi-lexikon","7":"first","8":"instock","9":"shipping-taxable","10":"product-type-simple"},"_links":{"self":[{"href":"https:\/\/uj.adatbank.ro\/lexikon\/wp-json\/wp\/v2\/product\/16984","targetHints":{"allow":["GET"]}}],"collection":[{"href":"https:\/\/uj.adatbank.ro\/lexikon\/wp-json\/wp\/v2\/product"}],"about":[{"href":"https:\/\/uj.adatbank.ro\/lexikon\/wp-json\/wp\/v2\/types\/product"}],"replies":[{"embeddable":true,"href":"https:\/\/uj.adatbank.ro\/lexikon\/wp-json\/wp\/v2\/comments?post=16984"}],"wp:attachment":[{"href":"https:\/\/uj.adatbank.ro\/lexikon\/wp-json\/wp\/v2\/media?parent=16984"}],"wp:term":[{"taxonomy":"product_brand","embeddable":true,"href":"https:\/\/uj.adatbank.ro\/lexikon\/wp-json\/wp\/v2\/product_brand?post=16984"},{"taxonomy":"product_cat","embeddable":true,"href":"https:\/\/uj.adatbank.ro\/lexikon\/wp-json\/wp\/v2\/product_cat?post=16984"},{"taxonomy":"product_tag","embeddable":true,"href":"https:\/\/uj.adatbank.ro\/lexikon\/wp-json\/wp\/v2\/product_tag?post=16984"}],"curies":[{"name":"wp","href":"https:\/\/api.w.org\/{rel}","templated":true}]}}