{"id":16988,"date":"2025-07-15T23:37:18","date_gmt":"2025-07-15T21:37:18","guid":{"rendered":"https:\/\/uj.adatbank.ro\/lexikon\/termek\/olaru-simion\/"},"modified":"2025-07-15T23:37:18","modified_gmt":"2025-07-15T21:37:18","slug":"olaru-simion","status":"publish","type":"product","link":"https:\/\/uj.adatbank.ro\/lexikon\/termek\/olaru-simion\/","title":{"rendered":"OLARU, Simion"},"content":{"rendered":"<p>Mez\u0151szengyel, 1918. okt. 5., \u2020 Olahkocs\u00e1rd, 1944. szept. 21.: katona. \u2013 \u00d6nk\u00e9ntesk\u00e9nt a 34. neh\u00e9zfegyver ezred\u00e9nek 9. brig\u00e1dj\u00e1ban r\u00e9szt vett a marosszentgy\u00f6rgyi, marosorb\u00f3i harcokban. Elesett hat bajt\u00e1rs\u00e1val egy\u00fctt mik\u00f6zben fegyverut\u00e1np\u00f3tl\u00e1st sz\u00e1ll\u00edtottak a rom\u00e1n hadseregnek. <br \/><strong>Irod.:<\/strong> MMK\u00a0; Suciu<\/br><\/p>\n","protected":false},"excerpt":{"rendered":"<p>Mez\u0151szengyel, 1918. okt. 5., \u2020 Olahkocs\u00e1rd, 1944. szept. 21.: katona. \u2013 \u00d6nk\u00e9ntesk\u00e9nt a 34. neh\u00e9zfegyver ezred\u00e9nek 9. brig\u00e1dj\u00e1ban r\u00e9szt vett a marosszentgy\u00f6rgyi, marosorb\u00f3i harcokban. Elesett hat bajt\u00e1rs\u00e1val egy\u00fctt mik\u00f6zben fegyverut\u00e1np\u00f3tl\u00e1st sz\u00e1ll\u00edtottak a rom\u00e1n hadseregnek. Irod.: MMK\u00a0; Suciu<\/p>\n","protected":false},"featured_media":0,"comment_status":"open","ping_status":"closed","template":"","meta":[],"product_brand":[],"product_cat":[137],"product_tag":[],"class_list":{"0":"post-16988","1":"product","2":"type-product","3":"status-publish","5":"product_cat-maros-megyei-eletrajzi-lexikon","7":"first","8":"instock","9":"shipping-taxable","10":"product-type-simple"},"_links":{"self":[{"href":"https:\/\/uj.adatbank.ro\/lexikon\/wp-json\/wp\/v2\/product\/16988","targetHints":{"allow":["GET"]}}],"collection":[{"href":"https:\/\/uj.adatbank.ro\/lexikon\/wp-json\/wp\/v2\/product"}],"about":[{"href":"https:\/\/uj.adatbank.ro\/lexikon\/wp-json\/wp\/v2\/types\/product"}],"replies":[{"embeddable":true,"href":"https:\/\/uj.adatbank.ro\/lexikon\/wp-json\/wp\/v2\/comments?post=16988"}],"wp:attachment":[{"href":"https:\/\/uj.adatbank.ro\/lexikon\/wp-json\/wp\/v2\/media?parent=16988"}],"wp:term":[{"taxonomy":"product_brand","embeddable":true,"href":"https:\/\/uj.adatbank.ro\/lexikon\/wp-json\/wp\/v2\/product_brand?post=16988"},{"taxonomy":"product_cat","embeddable":true,"href":"https:\/\/uj.adatbank.ro\/lexikon\/wp-json\/wp\/v2\/product_cat?post=16988"},{"taxonomy":"product_tag","embeddable":true,"href":"https:\/\/uj.adatbank.ro\/lexikon\/wp-json\/wp\/v2\/product_tag?post=16988"}],"curies":[{"name":"wp","href":"https:\/\/api.w.org\/{rel}","templated":true}]}}