{"id":16989,"date":"2025-07-15T23:37:20","date_gmt":"2025-07-15T21:37:20","guid":{"rendered":"https:\/\/uj.adatbank.ro\/lexikon\/termek\/olasz-andras\/"},"modified":"2025-07-15T23:37:20","modified_gmt":"2025-07-15T21:37:20","slug":"olasz-andras","status":"publish","type":"product","link":"https:\/\/uj.adatbank.ro\/lexikon\/termek\/olasz-andras\/","title":{"rendered":"OLASZ Andr\u00e1s"},"content":{"rendered":"<p>M\u00e1r\u00e9falva, 1880. j\u00fan. 27., \u2020\u00a0Magyarigen, 1951. febr. 14.: r. k. pap. \u2013 Sz\u00e9kelyudvarhelyen \u00e9s Gyulafeh\u00e9rv\u00e1ron tanult. Papp\u00e1 szentelt\u00e9k (1904. j\u00fan. 26.). K\u00e1pl\u00e1n Gelenc\u00e9n, Kid\u00e9n, Szamos\u00fajv\u00e1ron, Verespatakon, \u00d3radn\u00e1n, Sz\u00e9kelyhodoson (1926\u201330), Magyarigenben hal\u00e1l\u00e1ig. <br \/><strong>Irod.:<\/strong> Ferenczi S\u00e1ndor 2009<\/br><\/p>\n","protected":false},"excerpt":{"rendered":"<p>M\u00e1r\u00e9falva, 1880. j\u00fan. 27., \u2020\u00a0Magyarigen, 1951. febr. 14.: r. k. pap. \u2013 Sz\u00e9kelyudvarhelyen \u00e9s Gyulafeh\u00e9rv\u00e1ron tanult. Papp\u00e1 szentelt\u00e9k (1904. j\u00fan. 26.). K\u00e1pl\u00e1n Gelenc\u00e9n, Kid\u00e9n, Szamos\u00fajv\u00e1ron, Verespatakon, \u00d3radn\u00e1n, Sz\u00e9kelyhodoson (1926\u201330), Magyarigenben hal\u00e1l\u00e1ig. Irod.: Ferenczi S\u00e1ndor 2009<\/p>\n","protected":false},"featured_media":0,"comment_status":"open","ping_status":"closed","template":"","meta":[],"product_brand":[],"product_cat":[137],"product_tag":[],"class_list":{"0":"post-16989","1":"product","2":"type-product","3":"status-publish","5":"product_cat-maros-megyei-eletrajzi-lexikon","7":"first","8":"instock","9":"shipping-taxable","10":"product-type-simple"},"_links":{"self":[{"href":"https:\/\/uj.adatbank.ro\/lexikon\/wp-json\/wp\/v2\/product\/16989","targetHints":{"allow":["GET"]}}],"collection":[{"href":"https:\/\/uj.adatbank.ro\/lexikon\/wp-json\/wp\/v2\/product"}],"about":[{"href":"https:\/\/uj.adatbank.ro\/lexikon\/wp-json\/wp\/v2\/types\/product"}],"replies":[{"embeddable":true,"href":"https:\/\/uj.adatbank.ro\/lexikon\/wp-json\/wp\/v2\/comments?post=16989"}],"wp:attachment":[{"href":"https:\/\/uj.adatbank.ro\/lexikon\/wp-json\/wp\/v2\/media?parent=16989"}],"wp:term":[{"taxonomy":"product_brand","embeddable":true,"href":"https:\/\/uj.adatbank.ro\/lexikon\/wp-json\/wp\/v2\/product_brand?post=16989"},{"taxonomy":"product_cat","embeddable":true,"href":"https:\/\/uj.adatbank.ro\/lexikon\/wp-json\/wp\/v2\/product_cat?post=16989"},{"taxonomy":"product_tag","embeddable":true,"href":"https:\/\/uj.adatbank.ro\/lexikon\/wp-json\/wp\/v2\/product_tag?post=16989"}],"curies":[{"name":"wp","href":"https:\/\/api.w.org\/{rel}","templated":true}]}}