{"id":16990,"date":"2025-07-15T23:37:22","date_gmt":"2025-07-15T21:37:22","guid":{"rendered":"https:\/\/uj.adatbank.ro\/lexikon\/termek\/olasz-bela\/"},"modified":"2025-07-15T23:37:22","modified_gmt":"2025-07-15T21:37:22","slug":"olasz-bela","status":"publish","type":"product","link":"https:\/\/uj.adatbank.ro\/lexikon\/termek\/olasz-bela\/","title":{"rendered":"OLASZ B\u00e9la"},"content":{"rendered":"<p>? \u2020 ? : \u00fczemtulajdonos. \u2013 F\u00e9mmegmunk\u00e1l\u00f3 \u00fczem tulajdonosa Mv.-en (1948). Az itt alakult Mv.-i Tek\u00e9z\u0151 Ker\u00fclet (MTK) eln\u00f6ke (1942). <br \/><strong>Irod.:<\/strong> Nan: Camera de comer\u0163; Pluh\u00e1r<\/br><\/p>\n","protected":false},"excerpt":{"rendered":"<p>? \u2020 ? : \u00fczemtulajdonos. \u2013 F\u00e9mmegmunk\u00e1l\u00f3 \u00fczem tulajdonosa Mv.-en (1948). Az itt alakult Mv.-i Tek\u00e9z\u0151 Ker\u00fclet (MTK) eln\u00f6ke (1942). Irod.: Nan: Camera de comer\u0163; Pluh\u00e1r<\/p>\n","protected":false},"featured_media":0,"comment_status":"open","ping_status":"closed","template":"","meta":[],"product_brand":[],"product_cat":[137],"product_tag":[],"class_list":{"0":"post-16990","1":"product","2":"type-product","3":"status-publish","5":"product_cat-maros-megyei-eletrajzi-lexikon","7":"first","8":"instock","9":"shipping-taxable","10":"product-type-simple"},"_links":{"self":[{"href":"https:\/\/uj.adatbank.ro\/lexikon\/wp-json\/wp\/v2\/product\/16990","targetHints":{"allow":["GET"]}}],"collection":[{"href":"https:\/\/uj.adatbank.ro\/lexikon\/wp-json\/wp\/v2\/product"}],"about":[{"href":"https:\/\/uj.adatbank.ro\/lexikon\/wp-json\/wp\/v2\/types\/product"}],"replies":[{"embeddable":true,"href":"https:\/\/uj.adatbank.ro\/lexikon\/wp-json\/wp\/v2\/comments?post=16990"}],"wp:attachment":[{"href":"https:\/\/uj.adatbank.ro\/lexikon\/wp-json\/wp\/v2\/media?parent=16990"}],"wp:term":[{"taxonomy":"product_brand","embeddable":true,"href":"https:\/\/uj.adatbank.ro\/lexikon\/wp-json\/wp\/v2\/product_brand?post=16990"},{"taxonomy":"product_cat","embeddable":true,"href":"https:\/\/uj.adatbank.ro\/lexikon\/wp-json\/wp\/v2\/product_cat?post=16990"},{"taxonomy":"product_tag","embeddable":true,"href":"https:\/\/uj.adatbank.ro\/lexikon\/wp-json\/wp\/v2\/product_tag?post=16990"}],"curies":[{"name":"wp","href":"https:\/\/api.w.org\/{rel}","templated":true}]}}