{"id":16993,"date":"2025-07-15T23:37:30","date_gmt":"2025-07-15T21:37:30","guid":{"rendered":"https:\/\/uj.adatbank.ro\/lexikon\/termek\/olle-elek-olle-elek\/"},"modified":"2025-07-15T23:37:30","modified_gmt":"2025-07-15T21:37:30","slug":"olle-elek-olle-elek","status":"publish","type":"product","link":"https:\/\/uj.adatbank.ro\/lexikon\/termek\/olle-elek-olle-elek\/","title":{"rendered":"OLL\u00c9 Elek, Olle Elek"},"content":{"rendered":"<p>Mv., 1818. j\u00fan. 23.\u2020\u00a0Mv., 1884. \u2013 pl\u00e9b\u00e1nos. \u2013 Mv.-en \u00e9s Gyulafeh\u00e9rv\u00e1ron tanult. Papp\u00e1 szentelt\u00e9k (1842. aug. 24.). Tan\u00e1r Sz\u00e9kelyudvarhelyen. Sz\u00e9kelyk\u00e1lon lelkip\u00e1sztork\u00e9nt m\u0171k\u00f6d\u00f6tt (1847\u201353), Gy\u00edmeslokon lelkip\u00e1sztor nyugd\u00edjaz\u00e1s\u00e1ig (1853\u201384). <br \/><strong>Irod.:<\/strong> 150 \u00e9ves a Gyimesk\u00f6z\u00e9ploki templom (2005); Ferenczi S\u00e1ndor 2009; Maros megyei m. t\u00f6rt.5;. Sz\u00e9kelyk\u00e1l<\/br><\/p>\n","protected":false},"excerpt":{"rendered":"<p>Mv., 1818. j\u00fan. 23.\u2020\u00a0Mv., 1884. \u2013 pl\u00e9b\u00e1nos. \u2013 Mv.-en \u00e9s Gyulafeh\u00e9rv\u00e1ron tanult. Papp\u00e1 szentelt\u00e9k (1842. aug. 24.). Tan\u00e1r Sz\u00e9kelyudvarhelyen. Sz\u00e9kelyk\u00e1lon lelkip\u00e1sztork\u00e9nt m\u0171k\u00f6d\u00f6tt (1847\u201353), Gy\u00edmeslokon lelkip\u00e1sztor nyugd\u00edjaz\u00e1s\u00e1ig (1853\u201384). Irod.: 150 \u00e9ves a Gyimesk\u00f6z\u00e9ploki templom (2005); Ferenczi S\u00e1ndor 2009; Maros megyei m. t\u00f6rt.5;. Sz\u00e9kelyk\u00e1l<\/p>\n","protected":false},"featured_media":0,"comment_status":"open","ping_status":"closed","template":"","meta":[],"product_brand":[],"product_cat":[137],"product_tag":[],"class_list":{"0":"post-16993","1":"product","2":"type-product","3":"status-publish","5":"product_cat-maros-megyei-eletrajzi-lexikon","7":"first","8":"instock","9":"shipping-taxable","10":"product-type-simple"},"_links":{"self":[{"href":"https:\/\/uj.adatbank.ro\/lexikon\/wp-json\/wp\/v2\/product\/16993","targetHints":{"allow":["GET"]}}],"collection":[{"href":"https:\/\/uj.adatbank.ro\/lexikon\/wp-json\/wp\/v2\/product"}],"about":[{"href":"https:\/\/uj.adatbank.ro\/lexikon\/wp-json\/wp\/v2\/types\/product"}],"replies":[{"embeddable":true,"href":"https:\/\/uj.adatbank.ro\/lexikon\/wp-json\/wp\/v2\/comments?post=16993"}],"wp:attachment":[{"href":"https:\/\/uj.adatbank.ro\/lexikon\/wp-json\/wp\/v2\/media?parent=16993"}],"wp:term":[{"taxonomy":"product_brand","embeddable":true,"href":"https:\/\/uj.adatbank.ro\/lexikon\/wp-json\/wp\/v2\/product_brand?post=16993"},{"taxonomy":"product_cat","embeddable":true,"href":"https:\/\/uj.adatbank.ro\/lexikon\/wp-json\/wp\/v2\/product_cat?post=16993"},{"taxonomy":"product_tag","embeddable":true,"href":"https:\/\/uj.adatbank.ro\/lexikon\/wp-json\/wp\/v2\/product_tag?post=16993"}],"curies":[{"name":"wp","href":"https:\/\/api.w.org\/{rel}","templated":true}]}}