{"id":16995,"date":"2025-07-15T23:37:34","date_gmt":"2025-07-15T21:37:34","guid":{"rendered":"https:\/\/uj.adatbank.ro\/lexikon\/termek\/ollerer-janos-ollerer-johann\/"},"modified":"2025-07-15T23:37:34","modified_gmt":"2025-07-15T21:37:34","slug":"ollerer-janos-ollerer-johann","status":"publish","type":"product","link":"https:\/\/uj.adatbank.ro\/lexikon\/termek\/ollerer-janos-ollerer-johann\/","title":{"rendered":"\u00d6LLERER J\u00e1nos, \u00d6llerer Johann"},"content":{"rendered":"<p>? \u2020\u00a0? : kert\u00e9sz, keresked\u0151. \u2013 Fiai. J\u00f3zsef, J\u00e1nos. \u2013 Az osztr\u00e1k sz\u00e1rmaz\u00e1s\u00fa \u00d6llerer csal\u00e1d kis\u00fczemi szabadf\u00f6ldi 70 \u00e1ras Poklos parti \u00e9s \u00fcvegh\u00e1zi vir\u00e1g- \u00e9s d\u00edszn\u00f6v\u00e9nykert\u00e9szete a mv.-i koronkai \u00faton \u00e9s \u00fczlete a mai F\u0151t\u00e9r 44. sz\u00e1m alatt (Bolyai u. 1.) volt. Kert\u00e9sztanul\u00f3 tart\u00e1s\u00e1ra kapott enged\u00e9lyt (1917). Kv.-on term\u00e9ny- \u00e9s gy\u00fcm\u00f6lcski\u00e1ll\u00edt\u00e1s, vir\u00e1gtarlaton arany\u00e9rmet nyert (1932). Tev\u00e9kenys\u00e9g\u00fcket n\u00e9pszer\u0171s\u00edtett\u00e9k cikkek, \u00fajs\u00e1ghirdet\u00e9sek, \u00e1rjegyz\u00e9kek, izl\u00e9ses embl\u00e9m\u00e1juk, term\u00e9nyki\u00e1ll\u00edt\u00e1saik, izl\u00e9ses embl\u00e9m\u00e1juk. Mint v\u00e1rosi polg\u00e1r a Kaszin\u00f3 tagja (1945\u2013).<br \/><strong>Irod.:<\/strong> Csal\u00e1di inf.; Maros megyei t\u00f6rt.5.<\/br><\/p>\n","protected":false},"excerpt":{"rendered":"<p>? \u2020\u00a0? : kert\u00e9sz, keresked\u0151. \u2013 Fiai. J\u00f3zsef, J\u00e1nos. \u2013 Az osztr\u00e1k sz\u00e1rmaz\u00e1s\u00fa \u00d6llerer csal\u00e1d kis\u00fczemi szabadf\u00f6ldi 70 \u00e1ras Poklos parti \u00e9s \u00fcvegh\u00e1zi vir\u00e1g- \u00e9s d\u00edszn\u00f6v\u00e9nykert\u00e9szete a mv.-i koronkai \u00faton \u00e9s \u00fczlete a mai F\u0151t\u00e9r 44. sz\u00e1m alatt (Bolyai u. 1.) volt. Kert\u00e9sztanul\u00f3 tart\u00e1s\u00e1ra kapott enged\u00e9lyt (1917). Kv.-on term\u00e9ny- \u00e9s gy\u00fcm\u00f6lcski\u00e1ll\u00edt\u00e1s, vir\u00e1gtarlaton arany\u00e9rmet nyert (1932). [&hellip;]<\/p>\n","protected":false},"featured_media":0,"comment_status":"open","ping_status":"closed","template":"","meta":[],"product_brand":[],"product_cat":[137],"product_tag":[],"class_list":{"0":"post-16995","1":"product","2":"type-product","3":"status-publish","5":"product_cat-maros-megyei-eletrajzi-lexikon","7":"first","8":"instock","9":"shipping-taxable","10":"product-type-simple"},"_links":{"self":[{"href":"https:\/\/uj.adatbank.ro\/lexikon\/wp-json\/wp\/v2\/product\/16995","targetHints":{"allow":["GET"]}}],"collection":[{"href":"https:\/\/uj.adatbank.ro\/lexikon\/wp-json\/wp\/v2\/product"}],"about":[{"href":"https:\/\/uj.adatbank.ro\/lexikon\/wp-json\/wp\/v2\/types\/product"}],"replies":[{"embeddable":true,"href":"https:\/\/uj.adatbank.ro\/lexikon\/wp-json\/wp\/v2\/comments?post=16995"}],"wp:attachment":[{"href":"https:\/\/uj.adatbank.ro\/lexikon\/wp-json\/wp\/v2\/media?parent=16995"}],"wp:term":[{"taxonomy":"product_brand","embeddable":true,"href":"https:\/\/uj.adatbank.ro\/lexikon\/wp-json\/wp\/v2\/product_brand?post=16995"},{"taxonomy":"product_cat","embeddable":true,"href":"https:\/\/uj.adatbank.ro\/lexikon\/wp-json\/wp\/v2\/product_cat?post=16995"},{"taxonomy":"product_tag","embeddable":true,"href":"https:\/\/uj.adatbank.ro\/lexikon\/wp-json\/wp\/v2\/product_tag?post=16995"}],"curies":[{"name":"wp","href":"https:\/\/api.w.org\/{rel}","templated":true}]}}