{"id":16996,"date":"2025-07-15T23:37:36","date_gmt":"2025-07-15T21:37:36","guid":{"rendered":"https:\/\/uj.adatbank.ro\/lexikon\/termek\/ollerer-jozsef\/"},"modified":"2025-07-15T23:37:36","modified_gmt":"2025-07-15T21:37:36","slug":"ollerer-jozsef","status":"publish","type":"product","link":"https:\/\/uj.adatbank.ro\/lexikon\/termek\/ollerer-jozsef\/","title":{"rendered":"\u00d6LLERER J\u00f3zsef"},"content":{"rendered":"<p>Szurduk, 1902. \u00e1pr. 2., \u2020\u00a0Mv., 1984. m\u00e1rc. 20.: agrobiol\u00f3gus, vir\u00e1gkert\u00e9sz. \u2013 Feles\u00e9ge: Hal\u00e1sz \u00c1gnes (1903\u20131981). \u2013 A k\u00f6z\u00e9piskol\u00e1t Mv.-en, az agr\u00e1rtudom\u00e1nyi egyetemet Bp.-en v\u00e9gezte. Mv.-en vir\u00e1g- \u00e9s z\u00f6lds\u00e9gtermeszt\u00e9ssel foglalkozott, vir\u00e1gkert\u00e9szetet l\u00e9tes\u00edtett. Vir\u00e1gaival ki\u00e1ll\u00edt\u00e1sokon d\u00edjakat szerzett (1920\u201337). Az \u00e1llamos\u00edt\u00e1s ut\u00e1n is folytatta kis\u00e9rleteit a vir\u00e1g- \u00e9s z\u00f6lds\u00e9gnemes\u00edt\u00e9s ter\u00e9n. Az \u00e9p\u00edt\u00e9si tervei alapj\u00e1n modern f\u0171t\u0151berendez\u00e9ses \u00e9s gazdas\u00e1gos \u00fcvegh\u00e1zak \u00e9p\u00fcltek, eredm\u00e9nyeit a Mez\u0151gazdas\u00e1gi Miniszt\u00e9rium \u00faj\u00edt\u00f3 jogos\u00edtv\u00e1nnyal jutalmazta (1957). A mez\u0151gazdas\u00e1gi tov\u00e1bbk\u00e9pz\u0151 tanfolyamokon el\u0151adott, a gyakorlati oktat\u00e1sokat vezette, m\u00f3dszerei elterjedtek a MAT-ban. A Petunia Superbissima \u00e1ltala nemes\u00edtett egyedeivel k\u00fclf\u00f6ldi sikereket aratott, r\u00e9szt vett a p\u00e1rizsi vir\u00e1gki\u00e1ll\u00edt\u00e1son (1959). Kert\u00e9szet\u00e9t parcellak\u00e9nt \u00e1llamos\u00edtott\u00e1k (1964\u201377), az \u00e1ltala kik\u00e9pzett munkaer\u0151k, vir\u00e1gkult\u00far\u00e1k, az \u00e9p\u00fcletek a V\u00e1rosi kert\u00e9szet tulajdon\u00e1ba ker\u00fcltek, a ter\u00fcleten t\u00f6mbh\u00e1z negyed \u00e9p\u00fclt, majd elvesztette \u00e1ll\u00e1s\u00e1t. \u2013 <strong>F. m.:<\/strong> Gyakorlati z\u00f6lds\u00e9ghajt\u00e1s (Buk., 1962). <br \/><strong>Irod.:<\/strong> Csal\u00e1di inf.; Todea\u2013F\u00fcl\u00f6p\u2013Avram; [Nekrol\u00f3g] (V. Z., 1984. m\u00e1rc. 21.)<\/br><\/p>\n","protected":false},"excerpt":{"rendered":"<p>Szurduk, 1902. \u00e1pr. 2., \u2020\u00a0Mv., 1984. m\u00e1rc. 20.: agrobiol\u00f3gus, vir\u00e1gkert\u00e9sz. \u2013 Feles\u00e9ge: Hal\u00e1sz \u00c1gnes (1903\u20131981). \u2013 A k\u00f6z\u00e9piskol\u00e1t Mv.-en, az agr\u00e1rtudom\u00e1nyi egyetemet Bp.-en v\u00e9gezte. Mv.-en vir\u00e1g- \u00e9s z\u00f6lds\u00e9gtermeszt\u00e9ssel foglalkozott, vir\u00e1gkert\u00e9szetet l\u00e9tes\u00edtett. Vir\u00e1gaival ki\u00e1ll\u00edt\u00e1sokon d\u00edjakat szerzett (1920\u201337). Az \u00e1llamos\u00edt\u00e1s ut\u00e1n is folytatta kis\u00e9rleteit a vir\u00e1g- \u00e9s z\u00f6lds\u00e9gnemes\u00edt\u00e9s ter\u00e9n. Az \u00e9p\u00edt\u00e9si tervei alapj\u00e1n modern f\u0171t\u0151berendez\u00e9ses \u00e9s gazdas\u00e1gos [&hellip;]<\/p>\n","protected":false},"featured_media":0,"comment_status":"open","ping_status":"closed","template":"","meta":[],"product_brand":[],"product_cat":[137],"product_tag":[],"class_list":{"0":"post-16996","1":"product","2":"type-product","3":"status-publish","5":"product_cat-maros-megyei-eletrajzi-lexikon","7":"first","8":"instock","9":"shipping-taxable","10":"product-type-simple"},"_links":{"self":[{"href":"https:\/\/uj.adatbank.ro\/lexikon\/wp-json\/wp\/v2\/product\/16996","targetHints":{"allow":["GET"]}}],"collection":[{"href":"https:\/\/uj.adatbank.ro\/lexikon\/wp-json\/wp\/v2\/product"}],"about":[{"href":"https:\/\/uj.adatbank.ro\/lexikon\/wp-json\/wp\/v2\/types\/product"}],"replies":[{"embeddable":true,"href":"https:\/\/uj.adatbank.ro\/lexikon\/wp-json\/wp\/v2\/comments?post=16996"}],"wp:attachment":[{"href":"https:\/\/uj.adatbank.ro\/lexikon\/wp-json\/wp\/v2\/media?parent=16996"}],"wp:term":[{"taxonomy":"product_brand","embeddable":true,"href":"https:\/\/uj.adatbank.ro\/lexikon\/wp-json\/wp\/v2\/product_brand?post=16996"},{"taxonomy":"product_cat","embeddable":true,"href":"https:\/\/uj.adatbank.ro\/lexikon\/wp-json\/wp\/v2\/product_cat?post=16996"},{"taxonomy":"product_tag","embeddable":true,"href":"https:\/\/uj.adatbank.ro\/lexikon\/wp-json\/wp\/v2\/product_tag?post=16996"}],"curies":[{"name":"wp","href":"https:\/\/api.w.org\/{rel}","templated":true}]}}