{"id":16997,"date":"2025-07-15T23:37:37","date_gmt":"2025-07-15T21:37:37","guid":{"rendered":"https:\/\/uj.adatbank.ro\/lexikon\/termek\/ollerer-jozsef-2\/"},"modified":"2025-07-15T23:37:37","modified_gmt":"2025-07-15T21:37:37","slug":"ollerer-jozsef-2","status":"publish","type":"product","link":"https:\/\/uj.adatbank.ro\/lexikon\/termek\/ollerer-jozsef-2\/","title":{"rendered":"\u00d6LLERER J\u00f3zsef"},"content":{"rendered":"<p>Mv., 1933. dec. 26., \u2020\u00a0Bp., 1991. \u00e1pr. 30. Mv.-en nyugszik.: filmoperat\u00f6r. \u2013 A k\u00f6z\u00e9piskol\u00e1t a mv.-i Ref. Koll.-ban v\u00e9gezte (1951), buk.-i Filmm\u0171v\u00e9szeti Egyetem befejez\u00e9se ut\u00e1n (1955) az akkoriban indul\u00f3 Rom\u00e1n Telev\u00edzi\u00f3 els\u0151 operat\u0151r g\u00e1rd\u00e1j\u00e1nak tagja. Sz\u00e1mos \u00faj m\u0171sort honos\u00edtott meg, havi rendszeress\u00e9ggel az etnogr\u00e1fia, a term\u00e9szet vil\u00e1g\u00e1ba vitt a J\u00f6jj\u00f6n vel\u00fcnk c. m\u0171sor\u00e1ban. Megszervezte a kisiskol\u00e1sok mese-vers-tr\u00e9f\u00e1s mond\u00f3k\u00e1k versenyeinek periodikus k\u00f6zvet\u00edt\u00e9s\u00e9t. M\u0171soraib\u00f3l a teljess\u00e9g ig\u00e9nye n\u00e9lk\u00fcl kiemelked\u0151 filmjei: a K\u00e1rp\u00e1tokban k\u00e9sz\u00fcltek, a Maros utols\u00f3 tutajosait, a Delta vil\u00e1g\u00e1t mutatta, a Szelek barlangja a Bihari hegyek csepk\u0151termeibe- \u00e9s barlangtavaiba vezetett. Portr\u00e9filmjeiben az alkot\u00f3 emberek soksz\u00edn\u0171 sk\u00e1l\u00e1j\u00e1t \u00e1br\u00e1zolta, a mesteremberekt\u0151l a tudom\u00e1nyos kutat\u00f3kig, a sportol\u00f3kat \u00e9s edz\u00e9seiket, a vil\u00e1gh\u00edr\u0171 karmestereket, sz\u00f3list\u00e1kat ismerteti. Filmjeiben l\u00e1that\u00f3k a m\u00fazeumok, k\u00f6nyvt\u00e1rak kincsei (pl. a mv.-i Teleki T\u00e9ka), ritkas\u00e1gai, a t\u00f6r\u00f6k, a g\u00f6r\u00f6g, a bolg\u00e1r tengerpart, a Meteor\u00e1k, a t\u00f6r\u00f6k Top-Kapi mecset sz\u00e9ps\u00e9gei. R\u00f6vid filmjeiben l\u00e1that\u00f3k a term\u00e9szet csod\u00e1i: a t\u00e9l sz\u00e9ps\u00e9gei, a hegyipatakok, a ritka v\u00e9dett vir\u00e1gok, a s\u00f6t\u00e9t fenyvesek, a viharokkal daccol\u00f3 \u00f6reg f\u00e1k. F\u00e9nyk\u00e9pei, filmjei sz\u00e1mos nemzetk\u00f6zi d\u00edjat nyertek. <br \/><strong>Irod.:<\/strong> csal\u00e1di inf.; M\u0171vel\u0151d\u00e9s (1991. m\u00e1j.-j\u00fan.); [Nekrol\u00f3g] (N\u00fa., 1991. m\u00e1j. 14.)<\/br><\/p>\n","protected":false},"excerpt":{"rendered":"<p>Mv., 1933. dec. 26., \u2020\u00a0Bp., 1991. \u00e1pr. 30. Mv.-en nyugszik.: filmoperat\u00f6r. \u2013 A k\u00f6z\u00e9piskol\u00e1t a mv.-i Ref. Koll.-ban v\u00e9gezte (1951), buk.-i Filmm\u0171v\u00e9szeti Egyetem befejez\u00e9se ut\u00e1n (1955) az akkoriban indul\u00f3 Rom\u00e1n Telev\u00edzi\u00f3 els\u0151 operat\u0151r g\u00e1rd\u00e1j\u00e1nak tagja. Sz\u00e1mos \u00faj m\u0171sort honos\u00edtott meg, havi rendszeress\u00e9ggel az etnogr\u00e1fia, a term\u00e9szet vil\u00e1g\u00e1ba vitt a J\u00f6jj\u00f6n vel\u00fcnk c. m\u0171sor\u00e1ban. Megszervezte a [&hellip;]<\/p>\n","protected":false},"featured_media":0,"comment_status":"open","ping_status":"closed","template":"","meta":[],"product_brand":[],"product_cat":[137],"product_tag":[],"class_list":{"0":"post-16997","1":"product","2":"type-product","3":"status-publish","5":"product_cat-maros-megyei-eletrajzi-lexikon","7":"first","8":"instock","9":"shipping-taxable","10":"product-type-simple"},"_links":{"self":[{"href":"https:\/\/uj.adatbank.ro\/lexikon\/wp-json\/wp\/v2\/product\/16997","targetHints":{"allow":["GET"]}}],"collection":[{"href":"https:\/\/uj.adatbank.ro\/lexikon\/wp-json\/wp\/v2\/product"}],"about":[{"href":"https:\/\/uj.adatbank.ro\/lexikon\/wp-json\/wp\/v2\/types\/product"}],"replies":[{"embeddable":true,"href":"https:\/\/uj.adatbank.ro\/lexikon\/wp-json\/wp\/v2\/comments?post=16997"}],"wp:attachment":[{"href":"https:\/\/uj.adatbank.ro\/lexikon\/wp-json\/wp\/v2\/media?parent=16997"}],"wp:term":[{"taxonomy":"product_brand","embeddable":true,"href":"https:\/\/uj.adatbank.ro\/lexikon\/wp-json\/wp\/v2\/product_brand?post=16997"},{"taxonomy":"product_cat","embeddable":true,"href":"https:\/\/uj.adatbank.ro\/lexikon\/wp-json\/wp\/v2\/product_cat?post=16997"},{"taxonomy":"product_tag","embeddable":true,"href":"https:\/\/uj.adatbank.ro\/lexikon\/wp-json\/wp\/v2\/product_tag?post=16997"}],"curies":[{"name":"wp","href":"https:\/\/api.w.org\/{rel}","templated":true}]}}