{"id":16998,"date":"2025-07-15T23:37:39","date_gmt":"2025-07-15T21:37:39","guid":{"rendered":"https:\/\/uj.adatbank.ro\/lexikon\/termek\/ollerer-jozsef-johan\/"},"modified":"2025-07-15T23:37:39","modified_gmt":"2025-07-15T21:37:39","slug":"ollerer-jozsef-johan","status":"publish","type":"product","link":"https:\/\/uj.adatbank.ro\/lexikon\/termek\/ollerer-jozsef-johan\/","title":{"rendered":"\u00d6LLERER J\u00f3zsef, Johan"},"content":{"rendered":"<p>St. Polten, 1869, \u2020\u00a0Mv., 1938.: kert\u00e9sz. \u2013 A fia \u00d6. J. (1902\u20131984). A b\u00e9csi egyetemen t\u00e1jkert\u00e9szeti szakk\u00e9pz\u00e9st nyert. Megh\u00edvt\u00e1k a J\u00f3sika csal\u00e1d szurduki b\u00edrtok\u00e1ra (1896 k.), ahol \u00fcvegh\u00e1zakat, t\u00e9likertet, parkot \u00e9p\u00edtett. Hasonl\u00f3 tev\u00e9kenys\u00e9get folytatott t\u00f6bb erd\u00e9lyi nemesi csal\u00e1d birtok\u00e1n, utols\u00f3 \u00e1llom\u00e1shely\u00e9r\u0151l a Haller csal\u00e1d kerel\u0151szentp\u00e1li b\u00edrtok\u00e1r\u00f3l Mv.-re k\u00f6lt\u00f6z\u00f6tt, ahol a Poklos patak Koronka fel\u00e9 es\u0151 ter\u00fclet\u00e9nek egy r\u00e9sz\u00e9t v\u00e1s\u00e1rolta meg. Rendszeresen l\u00e1togatta a k\u00fclf\u00f6ldi szakint\u00e9zm\u00e9nyeket, Holladi\u00e1ban is volt. Tapasztalatai alpj\u00e1n a Poklos patak el\u00e1gaz\u00e1sait fokozatosan felt\u00f6lt\u00f6tte, a patakot visszaszor\u00edtotta, modern vir\u00e1gkult\u00far\u00e1kat \u00e9s faiskol\u00e1t l\u00e9tes\u00edtett. \u00dcveg \u00e9s betonkonstrukci\u00f3j\u00fa \u00fcvegh\u00e1zainak egyr\u00e9sz\u00e9t 90 cm.-rel a f\u00f6ldbe m\u00e9ly\u00edtve \u00e9p\u00edtette meg, ez\u00e1ltal biztos\u00edtotta a talaj term\u00e9szetes p\u00e1ratartalm\u00e1t a n\u00f6v\u00e9nyzet sz\u00e1m\u00e1ra. 30 m magas v\u00edztornyot \u00e9p\u00edtetett, Lipcs\u00e9b\u0151l hozott kaz\u00e1nokkal biztos\u00edtotta a f\u0171t\u00e9st. Saj\u00e1t k\u00f6lts\u00e9g\u00e9n g\u00e1zvezet\u00e9ket fektetett le \u00e9s bevezette a g\u00e1z f\u0171t\u00e9st (1936), amire a k\u00e9s\u0151bbiekben csatlakoztak a Koronkai \u00fat lak\u00f3i. Cyklamen n\u00e9ven volt vir\u00e1g\u00fczlete a Bolyai utc\u00e1ban (1929\u2013). Feles\u00e9ge Hal\u00e1sz \u00c1gnes okleveles kert\u00e9sz. A fi\u00e1val k\u00f6z\u00f6sen orsz\u00e1gos vir\u00e1g \u00e9s d\u00edszn\u00f6v\u00e9ny ki\u00e1ll\u00edt\u00e1sokon vettek r\u00e9szt, arany\u00e9rmeket nyertek. <br \/><strong>Irod.:<\/strong> Csal\u00e1di inf.<\/br><\/p>\n","protected":false},"excerpt":{"rendered":"<p>St. Polten, 1869, \u2020\u00a0Mv., 1938.: kert\u00e9sz. \u2013 A fia \u00d6. J. (1902\u20131984). A b\u00e9csi egyetemen t\u00e1jkert\u00e9szeti szakk\u00e9pz\u00e9st nyert. Megh\u00edvt\u00e1k a J\u00f3sika csal\u00e1d szurduki b\u00edrtok\u00e1ra (1896 k.), ahol \u00fcvegh\u00e1zakat, t\u00e9likertet, parkot \u00e9p\u00edtett. Hasonl\u00f3 tev\u00e9kenys\u00e9get folytatott t\u00f6bb erd\u00e9lyi nemesi csal\u00e1d birtok\u00e1n, utols\u00f3 \u00e1llom\u00e1shely\u00e9r\u0151l a Haller csal\u00e1d kerel\u0151szentp\u00e1li b\u00edrtok\u00e1r\u00f3l Mv.-re k\u00f6lt\u00f6z\u00f6tt, ahol a Poklos patak Koronka fel\u00e9 es\u0151 [&hellip;]<\/p>\n","protected":false},"featured_media":0,"comment_status":"open","ping_status":"closed","template":"","meta":[],"product_brand":[],"product_cat":[137],"product_tag":[],"class_list":{"0":"post-16998","1":"product","2":"type-product","3":"status-publish","5":"product_cat-maros-megyei-eletrajzi-lexikon","7":"first","8":"instock","9":"shipping-taxable","10":"product-type-simple"},"_links":{"self":[{"href":"https:\/\/uj.adatbank.ro\/lexikon\/wp-json\/wp\/v2\/product\/16998","targetHints":{"allow":["GET"]}}],"collection":[{"href":"https:\/\/uj.adatbank.ro\/lexikon\/wp-json\/wp\/v2\/product"}],"about":[{"href":"https:\/\/uj.adatbank.ro\/lexikon\/wp-json\/wp\/v2\/types\/product"}],"replies":[{"embeddable":true,"href":"https:\/\/uj.adatbank.ro\/lexikon\/wp-json\/wp\/v2\/comments?post=16998"}],"wp:attachment":[{"href":"https:\/\/uj.adatbank.ro\/lexikon\/wp-json\/wp\/v2\/media?parent=16998"}],"wp:term":[{"taxonomy":"product_brand","embeddable":true,"href":"https:\/\/uj.adatbank.ro\/lexikon\/wp-json\/wp\/v2\/product_brand?post=16998"},{"taxonomy":"product_cat","embeddable":true,"href":"https:\/\/uj.adatbank.ro\/lexikon\/wp-json\/wp\/v2\/product_cat?post=16998"},{"taxonomy":"product_tag","embeddable":true,"href":"https:\/\/uj.adatbank.ro\/lexikon\/wp-json\/wp\/v2\/product_tag?post=16998"}],"curies":[{"name":"wp","href":"https:\/\/api.w.org\/{rel}","templated":true}]}}