{"id":16999,"date":"2025-07-15T23:37:40","date_gmt":"2025-07-15T21:37:40","guid":{"rendered":"https:\/\/uj.adatbank.ro\/lexikon\/termek\/ollerer-klara\/"},"modified":"2025-07-15T23:37:40","modified_gmt":"2025-07-15T21:37:40","slug":"ollerer-klara","status":"publish","type":"product","link":"https:\/\/uj.adatbank.ro\/lexikon\/termek\/ollerer-klara\/","title":{"rendered":"\u00d6LLERER Kl\u00e1ra"},"content":{"rendered":"<p>Mv., 1932, \u2020 Mv., 2011. orvos. \u2013 A mv.-i 4-es sz. Le\u00e1nyl\u00edc.-ban tanult \u00e9s \u00e9retts\u00e9gizett (1951). A MOGYI orvosi kar\u00e1n v\u00e9gzett (1957). Buk.-ben \u00e9lt, n\u00e9gy \u00e9v pszichol\u00f3gi\u00e1t v\u00e9gzett az egyetemen.K\u00f6zleked\u00e9si balesetben halt meg. <br \/><strong>Irod.:<\/strong> Kiss-P.- P<\/br><\/p>\n","protected":false},"excerpt":{"rendered":"<p>Mv., 1932, \u2020 Mv., 2011. orvos. \u2013 A mv.-i 4-es sz. Le\u00e1nyl\u00edc.-ban tanult \u00e9s \u00e9retts\u00e9gizett (1951). A MOGYI orvosi kar\u00e1n v\u00e9gzett (1957). Buk.-ben \u00e9lt, n\u00e9gy \u00e9v pszichol\u00f3gi\u00e1t v\u00e9gzett az egyetemen.K\u00f6zleked\u00e9si balesetben halt meg. Irod.: Kiss-P.- P<\/p>\n","protected":false},"featured_media":0,"comment_status":"open","ping_status":"closed","template":"","meta":[],"product_brand":[],"product_cat":[137],"product_tag":[],"class_list":{"0":"post-16999","1":"product","2":"type-product","3":"status-publish","5":"product_cat-maros-megyei-eletrajzi-lexikon","7":"first","8":"instock","9":"shipping-taxable","10":"product-type-simple"},"_links":{"self":[{"href":"https:\/\/uj.adatbank.ro\/lexikon\/wp-json\/wp\/v2\/product\/16999","targetHints":{"allow":["GET"]}}],"collection":[{"href":"https:\/\/uj.adatbank.ro\/lexikon\/wp-json\/wp\/v2\/product"}],"about":[{"href":"https:\/\/uj.adatbank.ro\/lexikon\/wp-json\/wp\/v2\/types\/product"}],"replies":[{"embeddable":true,"href":"https:\/\/uj.adatbank.ro\/lexikon\/wp-json\/wp\/v2\/comments?post=16999"}],"wp:attachment":[{"href":"https:\/\/uj.adatbank.ro\/lexikon\/wp-json\/wp\/v2\/media?parent=16999"}],"wp:term":[{"taxonomy":"product_brand","embeddable":true,"href":"https:\/\/uj.adatbank.ro\/lexikon\/wp-json\/wp\/v2\/product_brand?post=16999"},{"taxonomy":"product_cat","embeddable":true,"href":"https:\/\/uj.adatbank.ro\/lexikon\/wp-json\/wp\/v2\/product_cat?post=16999"},{"taxonomy":"product_tag","embeddable":true,"href":"https:\/\/uj.adatbank.ro\/lexikon\/wp-json\/wp\/v2\/product_tag?post=16999"}],"curies":[{"name":"wp","href":"https:\/\/api.w.org\/{rel}","templated":true}]}}