{"id":17008,"date":"2025-07-15T23:37:58","date_gmt":"2025-07-15T21:37:58","guid":{"rendered":"https:\/\/uj.adatbank.ro\/lexikon\/termek\/oltean-alexandru-3\/"},"modified":"2025-07-15T23:37:58","modified_gmt":"2025-07-15T21:37:58","slug":"oltean-alexandru-3","status":"publish","type":"product","link":"https:\/\/uj.adatbank.ro\/lexikon\/termek\/oltean-alexandru-3\/","title":{"rendered":"OLTEAN, Alexandru"},"content":{"rendered":"<p>? \u2020\u00a0?: g. kat. \/ ort. pap. \u2013 G\u00f6rg\u00e9nys\u00f3akn\u00e1n szolg\u00e1lt (1907. \u00e1pr. 30.- 1958). Renov\u00e1ltatta a templomot \u00e9s \u00fajj\u00e1\u00e9p\u00edttette a tornyot (1947). K\u00f6zben Ratosny\u00e1n is ell\u00e1tta a lelk\u00e9szi teend\u0151ket (1925\u201328). <br \/><strong>Irod.:<\/strong> Reghin, Protopopiat<\/br><\/p>\n","protected":false},"excerpt":{"rendered":"<p>? \u2020\u00a0?: g. kat. \/ ort. pap. \u2013 G\u00f6rg\u00e9nys\u00f3akn\u00e1n szolg\u00e1lt (1907. \u00e1pr. 30.- 1958). Renov\u00e1ltatta a templomot \u00e9s \u00fajj\u00e1\u00e9p\u00edttette a tornyot (1947). K\u00f6zben Ratosny\u00e1n is ell\u00e1tta a lelk\u00e9szi teend\u0151ket (1925\u201328). Irod.: Reghin, Protopopiat<\/p>\n","protected":false},"featured_media":0,"comment_status":"open","ping_status":"closed","template":"","meta":[],"product_brand":[],"product_cat":[137],"product_tag":[],"class_list":{"0":"post-17008","1":"product","2":"type-product","3":"status-publish","5":"product_cat-maros-megyei-eletrajzi-lexikon","7":"first","8":"instock","9":"shipping-taxable","10":"product-type-simple"},"_links":{"self":[{"href":"https:\/\/uj.adatbank.ro\/lexikon\/wp-json\/wp\/v2\/product\/17008","targetHints":{"allow":["GET"]}}],"collection":[{"href":"https:\/\/uj.adatbank.ro\/lexikon\/wp-json\/wp\/v2\/product"}],"about":[{"href":"https:\/\/uj.adatbank.ro\/lexikon\/wp-json\/wp\/v2\/types\/product"}],"replies":[{"embeddable":true,"href":"https:\/\/uj.adatbank.ro\/lexikon\/wp-json\/wp\/v2\/comments?post=17008"}],"wp:attachment":[{"href":"https:\/\/uj.adatbank.ro\/lexikon\/wp-json\/wp\/v2\/media?parent=17008"}],"wp:term":[{"taxonomy":"product_brand","embeddable":true,"href":"https:\/\/uj.adatbank.ro\/lexikon\/wp-json\/wp\/v2\/product_brand?post=17008"},{"taxonomy":"product_cat","embeddable":true,"href":"https:\/\/uj.adatbank.ro\/lexikon\/wp-json\/wp\/v2\/product_cat?post=17008"},{"taxonomy":"product_tag","embeddable":true,"href":"https:\/\/uj.adatbank.ro\/lexikon\/wp-json\/wp\/v2\/product_tag?post=17008"}],"curies":[{"name":"wp","href":"https:\/\/api.w.org\/{rel}","templated":true}]}}