{"id":17014,"date":"2025-07-15T23:38:12","date_gmt":"2025-07-15T21:38:12","guid":{"rendered":"https:\/\/uj.adatbank.ro\/lexikon\/termek\/oltean-i\/"},"modified":"2025-07-15T23:38:12","modified_gmt":"2025-07-15T21:38:12","slug":"oltean-i","status":"publish","type":"product","link":"https:\/\/uj.adatbank.ro\/lexikon\/termek\/oltean-i\/","title":{"rendered":"OLTEAN, I."},"content":{"rendered":"<p>? \u2020\u00a0?: marosludasi. <br \/><strong>Irod.:<\/strong> Szab\u00f3 Ferenc: Erd\u00e9ly \u00e9s a rom\u00e1n k\u00e9rd\u00e9s (Mv., 1910)<\/br><\/p>\n","protected":false},"excerpt":{"rendered":"<p>? \u2020\u00a0?: marosludasi. Irod.: Szab\u00f3 Ferenc: Erd\u00e9ly \u00e9s a rom\u00e1n k\u00e9rd\u00e9s (Mv., 1910)<\/p>\n","protected":false},"featured_media":0,"comment_status":"open","ping_status":"closed","template":"","meta":[],"product_brand":[],"product_cat":[137],"product_tag":[],"class_list":{"0":"post-17014","1":"product","2":"type-product","3":"status-publish","5":"product_cat-maros-megyei-eletrajzi-lexikon","7":"first","8":"instock","9":"shipping-taxable","10":"product-type-simple"},"_links":{"self":[{"href":"https:\/\/uj.adatbank.ro\/lexikon\/wp-json\/wp\/v2\/product\/17014","targetHints":{"allow":["GET"]}}],"collection":[{"href":"https:\/\/uj.adatbank.ro\/lexikon\/wp-json\/wp\/v2\/product"}],"about":[{"href":"https:\/\/uj.adatbank.ro\/lexikon\/wp-json\/wp\/v2\/types\/product"}],"replies":[{"embeddable":true,"href":"https:\/\/uj.adatbank.ro\/lexikon\/wp-json\/wp\/v2\/comments?post=17014"}],"wp:attachment":[{"href":"https:\/\/uj.adatbank.ro\/lexikon\/wp-json\/wp\/v2\/media?parent=17014"}],"wp:term":[{"taxonomy":"product_brand","embeddable":true,"href":"https:\/\/uj.adatbank.ro\/lexikon\/wp-json\/wp\/v2\/product_brand?post=17014"},{"taxonomy":"product_cat","embeddable":true,"href":"https:\/\/uj.adatbank.ro\/lexikon\/wp-json\/wp\/v2\/product_cat?post=17014"},{"taxonomy":"product_tag","embeddable":true,"href":"https:\/\/uj.adatbank.ro\/lexikon\/wp-json\/wp\/v2\/product_tag?post=17014"}],"curies":[{"name":"wp","href":"https:\/\/api.w.org\/{rel}","templated":true}]}}