{"id":17017,"date":"2025-07-15T23:38:17","date_gmt":"2025-07-15T21:38:17","guid":{"rendered":"https:\/\/uj.adatbank.ro\/lexikon\/termek\/oltean-ioan-3\/"},"modified":"2025-07-15T23:38:17","modified_gmt":"2025-07-15T21:38:17","slug":"oltean-ioan-3","status":"publish","type":"product","link":"https:\/\/uj.adatbank.ro\/lexikon\/termek\/oltean-ioan-3\/","title":{"rendered":"OLTEAN, Ioan"},"content":{"rendered":"<p>? \u2020\u00a0?: ort. pap. \u2013 Ny\u00e1r\u00e1dszered\u00e1ban, Andr\u00e1sfalv\u00e1n \u00e9s Sz\u00e9kelys\u00e1rdban szolg\u00e1lt (1926\u201340). Sz\u00e9kelys\u00e1rdban \u00faj tempolomot \u00e9p\u00edtettek. Felszentelte Victor Pop \u00e9s m\u00e1s h\u00e9t lelek\u00e9sz (1937. nov.14.). B\u00e1lintfalv\u00e1n \u00e9s Backamadarason (1936 \u2013 1940). A horthysta uralom idej\u00e9n elmenek\u00fclt (1940).Lehet, hogy k\u00e9t azonosnev\u0171 pap szolg\u00e1lt ezekben a falvakban. <br \/><strong>Irod.:<\/strong> \u015eincan 2006<\/br><\/p>\n","protected":false},"excerpt":{"rendered":"<p>? \u2020\u00a0?: ort. pap. \u2013 Ny\u00e1r\u00e1dszered\u00e1ban, Andr\u00e1sfalv\u00e1n \u00e9s Sz\u00e9kelys\u00e1rdban szolg\u00e1lt (1926\u201340). Sz\u00e9kelys\u00e1rdban \u00faj tempolomot \u00e9p\u00edtettek. Felszentelte Victor Pop \u00e9s m\u00e1s h\u00e9t lelek\u00e9sz (1937. nov.14.). B\u00e1lintfalv\u00e1n \u00e9s Backamadarason (1936 \u2013 1940). A horthysta uralom idej\u00e9n elmenek\u00fclt (1940).Lehet, hogy k\u00e9t azonosnev\u0171 pap szolg\u00e1lt ezekben a falvakban. Irod.: \u015eincan 2006<\/p>\n","protected":false},"featured_media":0,"comment_status":"open","ping_status":"closed","template":"","meta":[],"product_brand":[],"product_cat":[137],"product_tag":[],"class_list":{"0":"post-17017","1":"product","2":"type-product","3":"status-publish","5":"product_cat-maros-megyei-eletrajzi-lexikon","7":"first","8":"instock","9":"shipping-taxable","10":"product-type-simple"},"_links":{"self":[{"href":"https:\/\/uj.adatbank.ro\/lexikon\/wp-json\/wp\/v2\/product\/17017","targetHints":{"allow":["GET"]}}],"collection":[{"href":"https:\/\/uj.adatbank.ro\/lexikon\/wp-json\/wp\/v2\/product"}],"about":[{"href":"https:\/\/uj.adatbank.ro\/lexikon\/wp-json\/wp\/v2\/types\/product"}],"replies":[{"embeddable":true,"href":"https:\/\/uj.adatbank.ro\/lexikon\/wp-json\/wp\/v2\/comments?post=17017"}],"wp:attachment":[{"href":"https:\/\/uj.adatbank.ro\/lexikon\/wp-json\/wp\/v2\/media?parent=17017"}],"wp:term":[{"taxonomy":"product_brand","embeddable":true,"href":"https:\/\/uj.adatbank.ro\/lexikon\/wp-json\/wp\/v2\/product_brand?post=17017"},{"taxonomy":"product_cat","embeddable":true,"href":"https:\/\/uj.adatbank.ro\/lexikon\/wp-json\/wp\/v2\/product_cat?post=17017"},{"taxonomy":"product_tag","embeddable":true,"href":"https:\/\/uj.adatbank.ro\/lexikon\/wp-json\/wp\/v2\/product_tag?post=17017"}],"curies":[{"name":"wp","href":"https:\/\/api.w.org\/{rel}","templated":true}]}}