{"id":17020,"date":"2025-07-15T23:38:23","date_gmt":"2025-07-15T21:38:23","guid":{"rendered":"https:\/\/uj.adatbank.ro\/lexikon\/termek\/oltean-ion\/"},"modified":"2025-07-15T23:38:23","modified_gmt":"2025-07-15T21:38:23","slug":"oltean-ion","status":"publish","type":"product","link":"https:\/\/uj.adatbank.ro\/lexikon\/termek\/oltean-ion\/","title":{"rendered":"OLTEAN, Ion"},"content":{"rendered":"<p>Marosludas, 1875., \u2020 Marosludas, 1949.: \u00fcgyv\u00e9d, dr. Marosludason. K\u00fcld\u00f6ttk\u00e9nt r\u00e9szt vett a gyulafeh\u00e9rv\u00e1ri egyes\u00fcl\u00e9si nagy gy\u0171l\u00e9sen (1918. dec.1.). A ludasi g. kat. templomot \u00e9p\u00edttette, amelynek els\u0151 kur\u00e1tora volt. Annak ellen\u00e9re, h. g. kat. vall\u00e1s\u00fa volt nagy p\u00e9nzadom\u00e1nnyal t\u00e1mogatta az ort. templom \u00e9p\u00edt\u00e9s\u00e9t amelynek felszentel\u00e9s\u00e9n is r\u00e9szt vett (1930. \u00e1pr. ). <br \/><strong>Irod.:<\/strong> T\u0103ureni<\/br><\/p>\n","protected":false},"excerpt":{"rendered":"<p>Marosludas, 1875., \u2020 Marosludas, 1949.: \u00fcgyv\u00e9d, dr. Marosludason. K\u00fcld\u00f6ttk\u00e9nt r\u00e9szt vett a gyulafeh\u00e9rv\u00e1ri egyes\u00fcl\u00e9si nagy gy\u0171l\u00e9sen (1918. dec.1.). A ludasi g. kat. templomot \u00e9p\u00edttette, amelynek els\u0151 kur\u00e1tora volt. Annak ellen\u00e9re, h. g. kat. vall\u00e1s\u00fa volt nagy p\u00e9nzadom\u00e1nnyal t\u00e1mogatta az ort. templom \u00e9p\u00edt\u00e9s\u00e9t amelynek felszentel\u00e9s\u00e9n is r\u00e9szt vett (1930. \u00e1pr. ). Irod.: T\u0103ureni<\/p>\n","protected":false},"featured_media":0,"comment_status":"open","ping_status":"closed","template":"","meta":[],"product_brand":[],"product_cat":[137],"product_tag":[],"class_list":{"0":"post-17020","1":"product","2":"type-product","3":"status-publish","5":"product_cat-maros-megyei-eletrajzi-lexikon","7":"first","8":"instock","9":"shipping-taxable","10":"product-type-simple"},"_links":{"self":[{"href":"https:\/\/uj.adatbank.ro\/lexikon\/wp-json\/wp\/v2\/product\/17020","targetHints":{"allow":["GET"]}}],"collection":[{"href":"https:\/\/uj.adatbank.ro\/lexikon\/wp-json\/wp\/v2\/product"}],"about":[{"href":"https:\/\/uj.adatbank.ro\/lexikon\/wp-json\/wp\/v2\/types\/product"}],"replies":[{"embeddable":true,"href":"https:\/\/uj.adatbank.ro\/lexikon\/wp-json\/wp\/v2\/comments?post=17020"}],"wp:attachment":[{"href":"https:\/\/uj.adatbank.ro\/lexikon\/wp-json\/wp\/v2\/media?parent=17020"}],"wp:term":[{"taxonomy":"product_brand","embeddable":true,"href":"https:\/\/uj.adatbank.ro\/lexikon\/wp-json\/wp\/v2\/product_brand?post=17020"},{"taxonomy":"product_cat","embeddable":true,"href":"https:\/\/uj.adatbank.ro\/lexikon\/wp-json\/wp\/v2\/product_cat?post=17020"},{"taxonomy":"product_tag","embeddable":true,"href":"https:\/\/uj.adatbank.ro\/lexikon\/wp-json\/wp\/v2\/product_tag?post=17020"}],"curies":[{"name":"wp","href":"https:\/\/api.w.org\/{rel}","templated":true}]}}