{"id":17027,"date":"2025-07-15T23:38:36","date_gmt":"2025-07-15T21:38:36","guid":{"rendered":"https:\/\/uj.adatbank.ro\/lexikon\/termek\/oltean-vasile\/"},"modified":"2025-07-15T23:38:36","modified_gmt":"2025-07-15T21:38:36","slug":"oltean-vasile","status":"publish","type":"product","link":"https:\/\/uj.adatbank.ro\/lexikon\/termek\/oltean-vasile\/","title":{"rendered":"OLTEAN, Vasile"},"content":{"rendered":"<p>Mez\u0151t\u00f3h\u00e1t (Maros) polg\u00e1rmestere (1944 \u2013 1948). <br \/><strong>Irod.:<\/strong> T\u0103ureni<\/p>\n","protected":false},"excerpt":{"rendered":"<p>Mez\u0151t\u00f3h\u00e1t (Maros) polg\u00e1rmestere (1944 \u2013 1948). Irod.: T\u0103ureni<\/p>\n","protected":false},"featured_media":0,"comment_status":"open","ping_status":"closed","template":"","meta":[],"product_brand":[],"product_cat":[137],"product_tag":[],"class_list":{"0":"post-17027","1":"product","2":"type-product","3":"status-publish","5":"product_cat-maros-megyei-eletrajzi-lexikon","7":"first","8":"instock","9":"shipping-taxable","10":"product-type-simple"},"_links":{"self":[{"href":"https:\/\/uj.adatbank.ro\/lexikon\/wp-json\/wp\/v2\/product\/17027","targetHints":{"allow":["GET"]}}],"collection":[{"href":"https:\/\/uj.adatbank.ro\/lexikon\/wp-json\/wp\/v2\/product"}],"about":[{"href":"https:\/\/uj.adatbank.ro\/lexikon\/wp-json\/wp\/v2\/types\/product"}],"replies":[{"embeddable":true,"href":"https:\/\/uj.adatbank.ro\/lexikon\/wp-json\/wp\/v2\/comments?post=17027"}],"wp:attachment":[{"href":"https:\/\/uj.adatbank.ro\/lexikon\/wp-json\/wp\/v2\/media?parent=17027"}],"wp:term":[{"taxonomy":"product_brand","embeddable":true,"href":"https:\/\/uj.adatbank.ro\/lexikon\/wp-json\/wp\/v2\/product_brand?post=17027"},{"taxonomy":"product_cat","embeddable":true,"href":"https:\/\/uj.adatbank.ro\/lexikon\/wp-json\/wp\/v2\/product_cat?post=17027"},{"taxonomy":"product_tag","embeddable":true,"href":"https:\/\/uj.adatbank.ro\/lexikon\/wp-json\/wp\/v2\/product_tag?post=17027"}],"curies":[{"name":"wp","href":"https:\/\/api.w.org\/{rel}","templated":true}]}}