{"id":17028,"date":"2025-07-15T23:38:38","date_gmt":"2025-07-15T21:38:38","guid":{"rendered":"https:\/\/uj.adatbank.ro\/lexikon\/termek\/oltean-victor\/"},"modified":"2025-07-15T23:38:38","modified_gmt":"2025-07-15T21:38:38","slug":"oltean-victor","status":"publish","type":"product","link":"https:\/\/uj.adatbank.ro\/lexikon\/termek\/oltean-victor\/","title":{"rendered":"OLTEAN, Victor"},"content":{"rendered":"<p>Mez\u0151t\u00f3h\u00e1t, 1918. aug.6. \u2020?: szakaszvezet\u0151 a 5. t\u00fcz\u00e9rs\u00e9gi ezredben. R\u00e9szt vett a II. vh.harcaiban (1945). Kit\u00fcntet\u00e9se : Eliberarea de sub jugul fascist (1984). <br \/><strong>Irod.:<\/strong> T\u0103ureni<\/br><\/p>\n","protected":false},"excerpt":{"rendered":"<p>Mez\u0151t\u00f3h\u00e1t, 1918. aug.6. \u2020?: szakaszvezet\u0151 a 5. t\u00fcz\u00e9rs\u00e9gi ezredben. R\u00e9szt vett a II. vh.harcaiban (1945). Kit\u00fcntet\u00e9se : Eliberarea de sub jugul fascist (1984). Irod.: T\u0103ureni<\/p>\n","protected":false},"featured_media":0,"comment_status":"open","ping_status":"closed","template":"","meta":[],"product_brand":[],"product_cat":[137],"product_tag":[],"class_list":{"0":"post-17028","1":"product","2":"type-product","3":"status-publish","5":"product_cat-maros-megyei-eletrajzi-lexikon","7":"first","8":"instock","9":"shipping-taxable","10":"product-type-simple"},"_links":{"self":[{"href":"https:\/\/uj.adatbank.ro\/lexikon\/wp-json\/wp\/v2\/product\/17028","targetHints":{"allow":["GET"]}}],"collection":[{"href":"https:\/\/uj.adatbank.ro\/lexikon\/wp-json\/wp\/v2\/product"}],"about":[{"href":"https:\/\/uj.adatbank.ro\/lexikon\/wp-json\/wp\/v2\/types\/product"}],"replies":[{"embeddable":true,"href":"https:\/\/uj.adatbank.ro\/lexikon\/wp-json\/wp\/v2\/comments?post=17028"}],"wp:attachment":[{"href":"https:\/\/uj.adatbank.ro\/lexikon\/wp-json\/wp\/v2\/media?parent=17028"}],"wp:term":[{"taxonomy":"product_brand","embeddable":true,"href":"https:\/\/uj.adatbank.ro\/lexikon\/wp-json\/wp\/v2\/product_brand?post=17028"},{"taxonomy":"product_cat","embeddable":true,"href":"https:\/\/uj.adatbank.ro\/lexikon\/wp-json\/wp\/v2\/product_cat?post=17028"},{"taxonomy":"product_tag","embeddable":true,"href":"https:\/\/uj.adatbank.ro\/lexikon\/wp-json\/wp\/v2\/product_tag?post=17028"}],"curies":[{"name":"wp","href":"https:\/\/api.w.org\/{rel}","templated":true}]}}