{"id":17029,"date":"2025-07-15T23:38:41","date_gmt":"2025-07-15T21:38:41","guid":{"rendered":"https:\/\/uj.adatbank.ro\/lexikon\/termek\/olteanu-constantin\/"},"modified":"2025-07-15T23:38:41","modified_gmt":"2025-07-15T21:38:41","slug":"olteanu-constantin","status":"publish","type":"product","link":"https:\/\/uj.adatbank.ro\/lexikon\/termek\/olteanu-constantin\/","title":{"rendered":"OLTEANU, Constantin"},"content":{"rendered":"<p>Sz\u00e1szr\u00e9gen, 1832., \u2020\u00a0?: tan\u00e1r. \u2013 Tanult Bal\u00e1zsfalv\u00e1n, Bp., B\u00e9csben. <br \/><strong>Irod.:<\/strong> Dic\u0163ionarul personalit\u0103\u0163ilor doljene (Craiova, 1999)<\/br><\/p>\n","protected":false},"excerpt":{"rendered":"<p>Sz\u00e1szr\u00e9gen, 1832., \u2020\u00a0?: tan\u00e1r. \u2013 Tanult Bal\u00e1zsfalv\u00e1n, Bp., B\u00e9csben. Irod.: Dic\u0163ionarul personalit\u0103\u0163ilor doljene (Craiova, 1999)<\/p>\n","protected":false},"featured_media":0,"comment_status":"open","ping_status":"closed","template":"","meta":[],"product_brand":[],"product_cat":[137],"product_tag":[],"class_list":{"0":"post-17029","1":"product","2":"type-product","3":"status-publish","5":"product_cat-maros-megyei-eletrajzi-lexikon","7":"first","8":"instock","9":"shipping-taxable","10":"product-type-simple"},"_links":{"self":[{"href":"https:\/\/uj.adatbank.ro\/lexikon\/wp-json\/wp\/v2\/product\/17029","targetHints":{"allow":["GET"]}}],"collection":[{"href":"https:\/\/uj.adatbank.ro\/lexikon\/wp-json\/wp\/v2\/product"}],"about":[{"href":"https:\/\/uj.adatbank.ro\/lexikon\/wp-json\/wp\/v2\/types\/product"}],"replies":[{"embeddable":true,"href":"https:\/\/uj.adatbank.ro\/lexikon\/wp-json\/wp\/v2\/comments?post=17029"}],"wp:attachment":[{"href":"https:\/\/uj.adatbank.ro\/lexikon\/wp-json\/wp\/v2\/media?parent=17029"}],"wp:term":[{"taxonomy":"product_brand","embeddable":true,"href":"https:\/\/uj.adatbank.ro\/lexikon\/wp-json\/wp\/v2\/product_brand?post=17029"},{"taxonomy":"product_cat","embeddable":true,"href":"https:\/\/uj.adatbank.ro\/lexikon\/wp-json\/wp\/v2\/product_cat?post=17029"},{"taxonomy":"product_tag","embeddable":true,"href":"https:\/\/uj.adatbank.ro\/lexikon\/wp-json\/wp\/v2\/product_tag?post=17029"}],"curies":[{"name":"wp","href":"https:\/\/api.w.org\/{rel}","templated":true}]}}