{"id":17031,"date":"2025-07-15T23:38:44","date_gmt":"2025-07-15T21:38:44","guid":{"rendered":"https:\/\/uj.adatbank.ro\/lexikon\/termek\/olteanu-i\/"},"modified":"2025-07-15T23:38:44","modified_gmt":"2025-07-15T21:38:44","slug":"olteanu-i","status":"publish","type":"product","link":"https:\/\/uj.adatbank.ro\/lexikon\/termek\/olteanu-i\/","title":{"rendered":"OLTEANU, I."},"content":{"rendered":"<p>? \u2020\u00a0? : Az Astra ny\u00e1r\u00e1dszeredai r\u00e9szleg\u00e9nek vezet\u0151je. <br \/><strong>Irod.:<\/strong> Preda George\u00a0: Activitatea Astrei in 25 de ani dela Unire (1918\u201343)<\/br><\/p>\n","protected":false},"excerpt":{"rendered":"<p>? \u2020\u00a0? : Az Astra ny\u00e1r\u00e1dszeredai r\u00e9szleg\u00e9nek vezet\u0151je. Irod.: Preda George\u00a0: Activitatea Astrei in 25 de ani dela Unire (1918\u201343)<\/p>\n","protected":false},"featured_media":0,"comment_status":"open","ping_status":"closed","template":"","meta":[],"product_brand":[],"product_cat":[137],"product_tag":[],"class_list":{"0":"post-17031","1":"product","2":"type-product","3":"status-publish","5":"product_cat-maros-megyei-eletrajzi-lexikon","7":"first","8":"instock","9":"shipping-taxable","10":"product-type-simple"},"_links":{"self":[{"href":"https:\/\/uj.adatbank.ro\/lexikon\/wp-json\/wp\/v2\/product\/17031","targetHints":{"allow":["GET"]}}],"collection":[{"href":"https:\/\/uj.adatbank.ro\/lexikon\/wp-json\/wp\/v2\/product"}],"about":[{"href":"https:\/\/uj.adatbank.ro\/lexikon\/wp-json\/wp\/v2\/types\/product"}],"replies":[{"embeddable":true,"href":"https:\/\/uj.adatbank.ro\/lexikon\/wp-json\/wp\/v2\/comments?post=17031"}],"wp:attachment":[{"href":"https:\/\/uj.adatbank.ro\/lexikon\/wp-json\/wp\/v2\/media?parent=17031"}],"wp:term":[{"taxonomy":"product_brand","embeddable":true,"href":"https:\/\/uj.adatbank.ro\/lexikon\/wp-json\/wp\/v2\/product_brand?post=17031"},{"taxonomy":"product_cat","embeddable":true,"href":"https:\/\/uj.adatbank.ro\/lexikon\/wp-json\/wp\/v2\/product_cat?post=17031"},{"taxonomy":"product_tag","embeddable":true,"href":"https:\/\/uj.adatbank.ro\/lexikon\/wp-json\/wp\/v2\/product_tag?post=17031"}],"curies":[{"name":"wp","href":"https:\/\/api.w.org\/{rel}","templated":true}]}}