{"id":17032,"date":"2025-07-15T23:38:46","date_gmt":"2025-07-15T21:38:46","guid":{"rendered":"https:\/\/uj.adatbank.ro\/lexikon\/termek\/olteanu-iacob\/"},"modified":"2025-07-15T23:38:46","modified_gmt":"2025-07-15T21:38:46","slug":"olteanu-iacob","status":"publish","type":"product","link":"https:\/\/uj.adatbank.ro\/lexikon\/termek\/olteanu-iacob\/","title":{"rendered":"OLTEANU, Iacob"},"content":{"rendered":"<p>Mez\u0151\u00fajfalu, ? \u2020 Kv., 1849. m\u00e1rc. 4: g. kat. teol\u00f3gus. \u2013 III.\u00e9ves teol\u00f3gus. Az 1848\u201349-es forradalmi esem\u00e9nyekben val\u00f3 r\u00e9szv\u00e9tele miatt hal\u00e1lra \u00edt\u00e9lt\u00e9k, \u00e9s az \u00edt\u00e9letet v\u00e9gre is hajtott\u00e1k. <br \/><strong>Irod.:<\/strong> A\u0163inti\u015f; Transilvania 1848\u201349<\/br><\/p>\n","protected":false},"excerpt":{"rendered":"<p>Mez\u0151\u00fajfalu, ? \u2020 Kv., 1849. m\u00e1rc. 4: g. kat. teol\u00f3gus. \u2013 III.\u00e9ves teol\u00f3gus. Az 1848\u201349-es forradalmi esem\u00e9nyekben val\u00f3 r\u00e9szv\u00e9tele miatt hal\u00e1lra \u00edt\u00e9lt\u00e9k, \u00e9s az \u00edt\u00e9letet v\u00e9gre is hajtott\u00e1k. Irod.: A\u0163inti\u015f; Transilvania 1848\u201349<\/p>\n","protected":false},"featured_media":0,"comment_status":"open","ping_status":"closed","template":"","meta":[],"product_brand":[],"product_cat":[137],"product_tag":[],"class_list":{"0":"post-17032","1":"product","2":"type-product","3":"status-publish","5":"product_cat-maros-megyei-eletrajzi-lexikon","7":"first","8":"instock","9":"shipping-taxable","10":"product-type-simple"},"_links":{"self":[{"href":"https:\/\/uj.adatbank.ro\/lexikon\/wp-json\/wp\/v2\/product\/17032","targetHints":{"allow":["GET"]}}],"collection":[{"href":"https:\/\/uj.adatbank.ro\/lexikon\/wp-json\/wp\/v2\/product"}],"about":[{"href":"https:\/\/uj.adatbank.ro\/lexikon\/wp-json\/wp\/v2\/types\/product"}],"replies":[{"embeddable":true,"href":"https:\/\/uj.adatbank.ro\/lexikon\/wp-json\/wp\/v2\/comments?post=17032"}],"wp:attachment":[{"href":"https:\/\/uj.adatbank.ro\/lexikon\/wp-json\/wp\/v2\/media?parent=17032"}],"wp:term":[{"taxonomy":"product_brand","embeddable":true,"href":"https:\/\/uj.adatbank.ro\/lexikon\/wp-json\/wp\/v2\/product_brand?post=17032"},{"taxonomy":"product_cat","embeddable":true,"href":"https:\/\/uj.adatbank.ro\/lexikon\/wp-json\/wp\/v2\/product_cat?post=17032"},{"taxonomy":"product_tag","embeddable":true,"href":"https:\/\/uj.adatbank.ro\/lexikon\/wp-json\/wp\/v2\/product_tag?post=17032"}],"curies":[{"name":"wp","href":"https:\/\/api.w.org\/{rel}","templated":true}]}}