{"id":17033,"date":"2025-07-15T23:38:48","date_gmt":"2025-07-15T21:38:48","guid":{"rendered":"https:\/\/uj.adatbank.ro\/lexikon\/termek\/olteanu-ioan\/"},"modified":"2025-07-15T23:38:48","modified_gmt":"2025-07-15T21:38:48","slug":"olteanu-ioan","status":"publish","type":"product","link":"https:\/\/uj.adatbank.ro\/lexikon\/termek\/olteanu-ioan\/","title":{"rendered":"OLTEANU, Ioan"},"content":{"rendered":"<p>Meggyesfalva, 1907. m\u00e1j. 20., \u2020\u00a0?: ortodox pap. \u2013 O. Ioan \u00e9s Susana fia. \u2013 Mez\u0151bergeny\u00e9ben volt (1932\u201377) lelk\u00e9sz, szolg\u00e1lata idej\u00e9ben \u00e9p\u00edtettek \u00faj, cser\u00e9pfedeles ortodox templomot. A securitate megfigyeltette (1955. k.\u2013) ellens\u00e9ges viselked\u00e9s\u00e9\u00e9rt \u00e9s nem kollabor\u00e1lt az \u00e1llami szervekkel. <br \/><strong>Irod.:<\/strong> Bartos 2012; Mez\u0151bergenye<\/br><\/p>\n","protected":false},"excerpt":{"rendered":"<p>Meggyesfalva, 1907. m\u00e1j. 20., \u2020\u00a0?: ortodox pap. \u2013 O. Ioan \u00e9s Susana fia. \u2013 Mez\u0151bergeny\u00e9ben volt (1932\u201377) lelk\u00e9sz, szolg\u00e1lata idej\u00e9ben \u00e9p\u00edtettek \u00faj, cser\u00e9pfedeles ortodox templomot. A securitate megfigyeltette (1955. k.\u2013) ellens\u00e9ges viselked\u00e9s\u00e9\u00e9rt \u00e9s nem kollabor\u00e1lt az \u00e1llami szervekkel. Irod.: Bartos 2012; Mez\u0151bergenye<\/p>\n","protected":false},"featured_media":0,"comment_status":"open","ping_status":"closed","template":"","meta":[],"product_brand":[],"product_cat":[137],"product_tag":[],"class_list":{"0":"post-17033","1":"product","2":"type-product","3":"status-publish","5":"product_cat-maros-megyei-eletrajzi-lexikon","7":"first","8":"instock","9":"shipping-taxable","10":"product-type-simple"},"_links":{"self":[{"href":"https:\/\/uj.adatbank.ro\/lexikon\/wp-json\/wp\/v2\/product\/17033","targetHints":{"allow":["GET"]}}],"collection":[{"href":"https:\/\/uj.adatbank.ro\/lexikon\/wp-json\/wp\/v2\/product"}],"about":[{"href":"https:\/\/uj.adatbank.ro\/lexikon\/wp-json\/wp\/v2\/types\/product"}],"replies":[{"embeddable":true,"href":"https:\/\/uj.adatbank.ro\/lexikon\/wp-json\/wp\/v2\/comments?post=17033"}],"wp:attachment":[{"href":"https:\/\/uj.adatbank.ro\/lexikon\/wp-json\/wp\/v2\/media?parent=17033"}],"wp:term":[{"taxonomy":"product_brand","embeddable":true,"href":"https:\/\/uj.adatbank.ro\/lexikon\/wp-json\/wp\/v2\/product_brand?post=17033"},{"taxonomy":"product_cat","embeddable":true,"href":"https:\/\/uj.adatbank.ro\/lexikon\/wp-json\/wp\/v2\/product_cat?post=17033"},{"taxonomy":"product_tag","embeddable":true,"href":"https:\/\/uj.adatbank.ro\/lexikon\/wp-json\/wp\/v2\/product_tag?post=17033"}],"curies":[{"name":"wp","href":"https:\/\/api.w.org\/{rel}","templated":true}]}}