{"id":17034,"date":"2025-07-15T23:38:50","date_gmt":"2025-07-15T21:38:50","guid":{"rendered":"https:\/\/uj.adatbank.ro\/lexikon\/termek\/olteanu-ioan-2\/"},"modified":"2025-07-15T23:38:50","modified_gmt":"2025-07-15T21:38:50","slug":"olteanu-ioan-2","status":"publish","type":"product","link":"https:\/\/uj.adatbank.ro\/lexikon\/termek\/olteanu-ioan-2\/","title":{"rendered":"OLTEANU, Ioan"},"content":{"rendered":"<p>Farag\u00f3, 1912. aug.11., \u2020 Buk., ?: sz\u00ednh\u00e1zi rendez\u0151, \u00edr\u00f3. \u2013 Farag\u00f3n t\u00f6lt\u00f6tte gyermek- \u00e9s ifj\u00fakor\u00e1t (1940), azut\u00e1n Kv.- on lett rendez\u0151. A Lucia Sturdza Bulandra Sz\u00ednh\u00e1zban, a Nottara Sz\u00ednh\u00e1zban Buk.-ben dolgozott (1940\u2013). T\u00f6bb k\u00f6tete jelent meg, amelyeknek helysz\u00edne a sz\u00fcl\u0151faluja. <br \/><strong>Irod.:<\/strong> F\u0103r\u0103g\u0103u<\/br><\/p>\n","protected":false},"excerpt":{"rendered":"<p>Farag\u00f3, 1912. aug.11., \u2020 Buk., ?: sz\u00ednh\u00e1zi rendez\u0151, \u00edr\u00f3. \u2013 Farag\u00f3n t\u00f6lt\u00f6tte gyermek- \u00e9s ifj\u00fakor\u00e1t (1940), azut\u00e1n Kv.- on lett rendez\u0151. A Lucia Sturdza Bulandra Sz\u00ednh\u00e1zban, a Nottara Sz\u00ednh\u00e1zban Buk.-ben dolgozott (1940\u2013). T\u00f6bb k\u00f6tete jelent meg, amelyeknek helysz\u00edne a sz\u00fcl\u0151faluja. Irod.: F\u0103r\u0103g\u0103u<\/p>\n","protected":false},"featured_media":0,"comment_status":"open","ping_status":"closed","template":"","meta":[],"product_brand":[],"product_cat":[137],"product_tag":[],"class_list":{"0":"post-17034","1":"product","2":"type-product","3":"status-publish","5":"product_cat-maros-megyei-eletrajzi-lexikon","7":"first","8":"instock","9":"shipping-taxable","10":"product-type-simple"},"_links":{"self":[{"href":"https:\/\/uj.adatbank.ro\/lexikon\/wp-json\/wp\/v2\/product\/17034","targetHints":{"allow":["GET"]}}],"collection":[{"href":"https:\/\/uj.adatbank.ro\/lexikon\/wp-json\/wp\/v2\/product"}],"about":[{"href":"https:\/\/uj.adatbank.ro\/lexikon\/wp-json\/wp\/v2\/types\/product"}],"replies":[{"embeddable":true,"href":"https:\/\/uj.adatbank.ro\/lexikon\/wp-json\/wp\/v2\/comments?post=17034"}],"wp:attachment":[{"href":"https:\/\/uj.adatbank.ro\/lexikon\/wp-json\/wp\/v2\/media?parent=17034"}],"wp:term":[{"taxonomy":"product_brand","embeddable":true,"href":"https:\/\/uj.adatbank.ro\/lexikon\/wp-json\/wp\/v2\/product_brand?post=17034"},{"taxonomy":"product_cat","embeddable":true,"href":"https:\/\/uj.adatbank.ro\/lexikon\/wp-json\/wp\/v2\/product_cat?post=17034"},{"taxonomy":"product_tag","embeddable":true,"href":"https:\/\/uj.adatbank.ro\/lexikon\/wp-json\/wp\/v2\/product_tag?post=17034"}],"curies":[{"name":"wp","href":"https:\/\/api.w.org\/{rel}","templated":true}]}}