{"id":17039,"date":"2025-07-15T23:39:00","date_gmt":"2025-07-15T21:39:00","guid":{"rendered":"https:\/\/uj.adatbank.ro\/lexikon\/termek\/olteanu-ion\/"},"modified":"2025-07-15T23:39:00","modified_gmt":"2025-07-15T21:39:00","slug":"olteanu-ion","status":"publish","type":"product","link":"https:\/\/uj.adatbank.ro\/lexikon\/termek\/olteanu-ion\/","title":{"rendered":"OLTEANU, Ion"},"content":{"rendered":"<p>Farag\u00f3, 1912. aug. 11, \u2020\u00a0?: rendez\u0151. \u2013 Tanult Sz\u00e1szr\u00e9genben \u00e9s Beszterc\u00e9n, az egyetemet Kv.-on v\u00e9gezte, majd rendez\u00e9st Berlinben tanult. <br \/><strong>Irod.:<\/strong> C.l. (2000. aug. 22\u00a0; okt. 17.)<\/br><\/p>\n","protected":false},"excerpt":{"rendered":"<p>Farag\u00f3, 1912. aug. 11, \u2020\u00a0?: rendez\u0151. \u2013 Tanult Sz\u00e1szr\u00e9genben \u00e9s Beszterc\u00e9n, az egyetemet Kv.-on v\u00e9gezte, majd rendez\u00e9st Berlinben tanult. Irod.: C.l. (2000. aug. 22\u00a0; okt. 17.)<\/p>\n","protected":false},"featured_media":0,"comment_status":"open","ping_status":"closed","template":"","meta":[],"product_brand":[],"product_cat":[137],"product_tag":[],"class_list":{"0":"post-17039","1":"product","2":"type-product","3":"status-publish","5":"product_cat-maros-megyei-eletrajzi-lexikon","7":"first","8":"instock","9":"shipping-taxable","10":"product-type-simple"},"_links":{"self":[{"href":"https:\/\/uj.adatbank.ro\/lexikon\/wp-json\/wp\/v2\/product\/17039","targetHints":{"allow":["GET"]}}],"collection":[{"href":"https:\/\/uj.adatbank.ro\/lexikon\/wp-json\/wp\/v2\/product"}],"about":[{"href":"https:\/\/uj.adatbank.ro\/lexikon\/wp-json\/wp\/v2\/types\/product"}],"replies":[{"embeddable":true,"href":"https:\/\/uj.adatbank.ro\/lexikon\/wp-json\/wp\/v2\/comments?post=17039"}],"wp:attachment":[{"href":"https:\/\/uj.adatbank.ro\/lexikon\/wp-json\/wp\/v2\/media?parent=17039"}],"wp:term":[{"taxonomy":"product_brand","embeddable":true,"href":"https:\/\/uj.adatbank.ro\/lexikon\/wp-json\/wp\/v2\/product_brand?post=17039"},{"taxonomy":"product_cat","embeddable":true,"href":"https:\/\/uj.adatbank.ro\/lexikon\/wp-json\/wp\/v2\/product_cat?post=17039"},{"taxonomy":"product_tag","embeddable":true,"href":"https:\/\/uj.adatbank.ro\/lexikon\/wp-json\/wp\/v2\/product_tag?post=17039"}],"curies":[{"name":"wp","href":"https:\/\/api.w.org\/{rel}","templated":true}]}}