{"id":17040,"date":"2025-07-15T23:39:02","date_gmt":"2025-07-15T21:39:02","guid":{"rendered":"https:\/\/uj.adatbank.ro\/lexikon\/termek\/olteanu-marcel\/"},"modified":"2025-07-15T23:39:02","modified_gmt":"2025-07-15T21:39:02","slug":"olteanu-marcel","status":"publish","type":"product","link":"https:\/\/uj.adatbank.ro\/lexikon\/termek\/olteanu-marcel\/","title":{"rendered":"OLTEANU Marcel"},"content":{"rendered":"<p>Monosfalu, ? \u2020 ?: katonatiszt. \u2013 Az I. vh.-ban az osztr\u00e1k-m. hadsereg ezredesek\u00e9nt vett r\u00e9szt. Orosz fogs\u00e1gba esett, majd tagja lett az erd\u00e9lyi \u00f6nk\u00e9ntes rom\u00e1n hadtestnek, azut\u00e1n a Ia\u015fi-H\u00e2rl\u0103u-i \u00f6nk\u00e9ntes hadtest parancsnoka lett (1917. nov. \u2013). \u00c1t\u00e1llt a rom\u00e1n hadseregbe (1918. dec. 1.), ahol dand\u00e1rt\u00e1bornokk\u00e1 l\u00e9ptett\u00e9k el\u0151, \u00e9s r\u00e9szt vett a Magyaro. elleni hadj\u00e1ratban (1919\u201320). <br \/><strong>Irod.:<\/strong> Reghin, militari<\/br><\/p>\n","protected":false},"excerpt":{"rendered":"<p>Monosfalu, ? \u2020 ?: katonatiszt. \u2013 Az I. vh.-ban az osztr\u00e1k-m. hadsereg ezredesek\u00e9nt vett r\u00e9szt. Orosz fogs\u00e1gba esett, majd tagja lett az erd\u00e9lyi \u00f6nk\u00e9ntes rom\u00e1n hadtestnek, azut\u00e1n a Ia\u015fi-H\u00e2rl\u0103u-i \u00f6nk\u00e9ntes hadtest parancsnoka lett (1917. nov. \u2013). \u00c1t\u00e1llt a rom\u00e1n hadseregbe (1918. dec. 1.), ahol dand\u00e1rt\u00e1bornokk\u00e1 l\u00e9ptett\u00e9k el\u0151, \u00e9s r\u00e9szt vett a Magyaro. elleni hadj\u00e1ratban (1919\u201320). [&hellip;]<\/p>\n","protected":false},"featured_media":0,"comment_status":"open","ping_status":"closed","template":"","meta":[],"product_brand":[],"product_cat":[137],"product_tag":[],"class_list":{"0":"post-17040","1":"product","2":"type-product","3":"status-publish","5":"product_cat-maros-megyei-eletrajzi-lexikon","7":"first","8":"instock","9":"shipping-taxable","10":"product-type-simple"},"_links":{"self":[{"href":"https:\/\/uj.adatbank.ro\/lexikon\/wp-json\/wp\/v2\/product\/17040","targetHints":{"allow":["GET"]}}],"collection":[{"href":"https:\/\/uj.adatbank.ro\/lexikon\/wp-json\/wp\/v2\/product"}],"about":[{"href":"https:\/\/uj.adatbank.ro\/lexikon\/wp-json\/wp\/v2\/types\/product"}],"replies":[{"embeddable":true,"href":"https:\/\/uj.adatbank.ro\/lexikon\/wp-json\/wp\/v2\/comments?post=17040"}],"wp:attachment":[{"href":"https:\/\/uj.adatbank.ro\/lexikon\/wp-json\/wp\/v2\/media?parent=17040"}],"wp:term":[{"taxonomy":"product_brand","embeddable":true,"href":"https:\/\/uj.adatbank.ro\/lexikon\/wp-json\/wp\/v2\/product_brand?post=17040"},{"taxonomy":"product_cat","embeddable":true,"href":"https:\/\/uj.adatbank.ro\/lexikon\/wp-json\/wp\/v2\/product_cat?post=17040"},{"taxonomy":"product_tag","embeddable":true,"href":"https:\/\/uj.adatbank.ro\/lexikon\/wp-json\/wp\/v2\/product_tag?post=17040"}],"curies":[{"name":"wp","href":"https:\/\/api.w.org\/{rel}","templated":true}]}}