{"id":17041,"date":"2025-07-15T23:39:03","date_gmt":"2025-07-15T21:39:03","guid":{"rendered":"https:\/\/uj.adatbank.ro\/lexikon\/termek\/olti-peter\/"},"modified":"2025-07-15T23:39:03","modified_gmt":"2025-07-15T21:39:03","slug":"olti-peter","status":"publish","type":"product","link":"https:\/\/uj.adatbank.ro\/lexikon\/termek\/olti-peter\/","title":{"rendered":"OLTI P\u00e9ter"},"content":{"rendered":"<p>M\u00e1d\u00e9falva, ?.\u2020 Cs\u00edkszentkir\u00e1ly?, 1821. febr. 20.:r.k. pap. \u2013 Cs\u00edksoly\u00f3n, Kv.-on, Nagyszombaton tanult. Pl\u00e9b\u00e1nos Szov\u00e1t\u00e1n (1755\u201373 v. 1766), majd Cs\u00edkszentkir\u00e1lyon, Cs\u00edkszentmikl\u00f3son, Cs\u00edkszered\u00e1ban, Cs\u00edkszentkir\u00e1lyon ism\u00e9t. <br \/><strong>Irod.:<\/strong> Ferenczi S\u00e1ndor 2009<\/br><\/p>\n","protected":false},"excerpt":{"rendered":"<p>M\u00e1d\u00e9falva, ?.\u2020 Cs\u00edkszentkir\u00e1ly?, 1821. febr. 20.:r.k. pap. \u2013 Cs\u00edksoly\u00f3n, Kv.-on, Nagyszombaton tanult. Pl\u00e9b\u00e1nos Szov\u00e1t\u00e1n (1755\u201373 v. 1766), majd Cs\u00edkszentkir\u00e1lyon, Cs\u00edkszentmikl\u00f3son, Cs\u00edkszered\u00e1ban, Cs\u00edkszentkir\u00e1lyon ism\u00e9t. Irod.: Ferenczi S\u00e1ndor 2009<\/p>\n","protected":false},"featured_media":0,"comment_status":"open","ping_status":"closed","template":"","meta":[],"product_brand":[],"product_cat":[137],"product_tag":[],"class_list":{"0":"post-17041","1":"product","2":"type-product","3":"status-publish","5":"product_cat-maros-megyei-eletrajzi-lexikon","7":"first","8":"instock","9":"shipping-taxable","10":"product-type-simple"},"_links":{"self":[{"href":"https:\/\/uj.adatbank.ro\/lexikon\/wp-json\/wp\/v2\/product\/17041","targetHints":{"allow":["GET"]}}],"collection":[{"href":"https:\/\/uj.adatbank.ro\/lexikon\/wp-json\/wp\/v2\/product"}],"about":[{"href":"https:\/\/uj.adatbank.ro\/lexikon\/wp-json\/wp\/v2\/types\/product"}],"replies":[{"embeddable":true,"href":"https:\/\/uj.adatbank.ro\/lexikon\/wp-json\/wp\/v2\/comments?post=17041"}],"wp:attachment":[{"href":"https:\/\/uj.adatbank.ro\/lexikon\/wp-json\/wp\/v2\/media?parent=17041"}],"wp:term":[{"taxonomy":"product_brand","embeddable":true,"href":"https:\/\/uj.adatbank.ro\/lexikon\/wp-json\/wp\/v2\/product_brand?post=17041"},{"taxonomy":"product_cat","embeddable":true,"href":"https:\/\/uj.adatbank.ro\/lexikon\/wp-json\/wp\/v2\/product_cat?post=17041"},{"taxonomy":"product_tag","embeddable":true,"href":"https:\/\/uj.adatbank.ro\/lexikon\/wp-json\/wp\/v2\/product_tag?post=17041"}],"curies":[{"name":"wp","href":"https:\/\/api.w.org\/{rel}","templated":true}]}}